{"id":27132,"date":"2025-02-20T23:28:45","date_gmt":"2025-02-20T22:28:45","guid":{"rendered":"http:\/\/olemosaic.com\/producto\/funda-de-telefono-para-iphone-11-tpu-abstracto-azul-2\/"},"modified":"2025-07-25T18:55:23","modified_gmt":"2025-07-25T16:55:23","slug":"capa-de-telemovel-para-iphone-11-tpu-abstrato-azul-2","status":"publish","type":"product","link":"https:\/\/olemosaic.com\/pt-pt\/produto\/capa-de-telemovel-para-iphone-11-tpu-abstrato-azul-2\/","title":{"rendered":"Capa de telem\u00f3vel para iPhone 11 (TPU). Abstrato. Padr\u00e3o de diamantes. Azul"},"content":{"rendered":"<p>Esta capa para iPhone 11 \u00e9 uma representa\u00e7\u00e3o vibrante e moderna do design atual, perfeita para quem procura um toque art\u00edstico para o seu dispositivo. Fabricada com TPU de alta qualidade, oferece uma prote\u00e7\u00e3o duradoura contra choques e quedas, garantindo que o seu iPhone 11 esteja sempre protegido e com estilo. O design abstrato em tons azuis apresenta um padr\u00e3o sofisticado de diamantes que exibe um jogo de cores, desde um azul profundo que evoca serenidade at\u00e9 um verde esmeralda e um amarelo vibrante que conferem energia e dinamismo. Cada faceta deste padr\u00e3o cria um efeito visual \u00fanico, tornando o seu telem\u00f3vel n\u00e3o apenas um dispositivo, mas uma pe\u00e7a de arte port\u00e1til.<\/p>\n<p>Esta recorda\u00e7\u00e3o moderna n\u00e3o s\u00f3 encarna a liga\u00e7\u00e3o com as tend\u00eancias atuais de design, como tamb\u00e9m serve como uma recorda\u00e7\u00e3o distinta da sua visita a destinos que valorizam a criatividade e a originalidade. Na Ol\u00e9 Mosaic, somos especialistas na distribui\u00e7\u00e3o de produtos \u00fanicos, e esta capa \u00e9 uma excelente op\u00e7\u00e3o para lojas de presentes tur\u00edsticos que procuram oferecer aos seus clientes acess\u00f3rios aut\u00eanticos e atraentes. Como grossistas de capas, asseguramos que cada pe\u00e7a combine qualidade e estilo, transformando cada comprador num embaixador do design contempor\u00e2neo.<\/p>\n","protected":false},"excerpt":{"rendered":"<p>Capa para iPhone 11 fabricada em TPU com um design abstrato em tons azuis. O seu motivo atraente apresenta um padr\u00e3o de diamantes que funde grada\u00e7\u00f5es de cor, desde o azul profundo at\u00e9 ao verde esmeralda e um amarelo vibrante, criando um efeito visual din\u00e2mico e moderno. Esta capa n\u00e3o s\u00f3 oferece uma prote\u00e7\u00e3o eficaz contra choques e quedas, como tamb\u00e9m confere um toque de originalidade e estilo ao seu dispositivo.<\/p>\n","protected":false},"featured_media":12149,"template":"","meta":{"_acf_changed":false},"product_brand":[],"product_cat":[685],"product_tag":[],"class_list":{"0":"post-27132","1":"product","2":"type-product","3":"status-publish","4":"has-post-thumbnail","6":"product_cat-capas-para-telemoveis","7":"pa_motivo-resumo","9":"first","10":"instock","11":"shipping-taxable","12":"product-type-simple"},"acf":[],"_links":{"self":[{"href":"https:\/\/olemosaic.com\/pt-pt\/wp-json\/wp\/v2\/product\/27132","targetHints":{"allow":["GET"]}}],"collection":[{"href":"https:\/\/olemosaic.com\/pt-pt\/wp-json\/wp\/v2\/product"}],"about":[{"href":"https:\/\/olemosaic.com\/pt-pt\/wp-json\/wp\/v2\/types\/product"}],"wp:featuredmedia":[{"embeddable":true,"href":"https:\/\/olemosaic.com\/pt-pt\/wp-json\/wp\/v2\/media\/12149"}],"wp:attachment":[{"href":"https:\/\/olemosaic.com\/pt-pt\/wp-json\/wp\/v2\/media?parent=27132"}],"wp:term":[{"taxonomy":"product_brand","embeddable":true,"href":"https:\/\/olemosaic.com\/pt-pt\/wp-json\/wp\/v2\/product_brand?post=27132"},{"taxonomy":"product_cat","embeddable":true,"href":"https:\/\/olemosaic.com\/pt-pt\/wp-json\/wp\/v2\/product_cat?post=27132"},{"taxonomy":"product_tag","embeddable":true,"href":"https:\/\/olemosaic.com\/pt-pt\/wp-json\/wp\/v2\/product_tag?post=27132"}],"curies":[{"name":"wp","href":"https:\/\/api.w.org\/{rel}","templated":true}]}}