{"id":27131,"date":"2025-02-20T22:28:44","date_gmt":"2025-02-20T22:28:44","guid":{"rendered":"http:\/\/olemosaic.com\/producto\/funda-de-telefono-para-iphone-11-tpu-punt-de-trobada-barcelona-blanco\/"},"modified":"2025-07-25T20:01:09","modified_gmt":"2025-07-25T18:01:09","slug":"capa-de-telemovel-para-iphone-11-tpu-punt-de-trobada-barcelona-branco","status":"publish","type":"product","link":"https:\/\/olemosaic.com\/pt-pt\/produto\/capa-de-telemovel-para-iphone-11-tpu-punt-de-trobada-barcelona-branco\/","title":{"rendered":"Capa de telem\u00f3vel para iPhone 11 (TPU). Punt de trobada. Barcelona. Branco"},"content":{"rendered":"<p>Esta capa para iPhone 11 \u00e9 uma pe\u00e7a vibrante que reflete a ess\u00eancia art\u00edstica de Barcelona, inspirada no emblem\u00e1tico &#8220;Punt de trobada&#8221;. Elaborada em material TPU, oferece uma excelente prote\u00e7\u00e3o para o seu dispositivo, fundindo funcionalidade e estilo. O seu design cativante apresenta um fundo branco que se destaca por uma s\u00e9rie de motivos em mosaico que abrangem um espetro de tons vivos, como vermelho, amarelo, verde, azul e preto. A ilustra\u00e7\u00e3o incorpora a silhueta ic\u00f3nica da obra, capturando a criatividade contagiante da cidade condal.<\/p>\n<p>Os elementos abstratos desenhados em toda a superf\u00edcie da capa evocam a rica tradi\u00e7\u00e3o da arquitetura modernista de Antoni Gaud\u00ed, um dos maiores s\u00edmbolos de Barcelona. Este produto n\u00e3o \u00e9 apenas um acess\u00f3rio pr\u00e1tico, mas tamb\u00e9m uma recorda\u00e7\u00e3o cultural da sua visita \u00e0 cidade, o que o torna um souvenir ideal para turistas que desejem levar um peda\u00e7o de Barcelona para casa.<\/p>\n<p>Na Ol\u00e9 Mosaic, comprometemo-nos a oferecer souvenirs aut\u00eanticos que representem a cultura e a arte de Espanha. Esta capa \u00e9 uma excelente op\u00e7\u00e3o para lojas de presentes tur\u00edsticos que procuram produtos \u00fanicos e representativos. Como distribuidores de acess\u00f3rios por grosso, garantimos a qualidade e autenticidade de cada pe\u00e7a, perfeita para quem valoriza a arte e o design no seu dia a dia.<\/p>\n","protected":false},"excerpt":{"rendered":"<p>Capa para iPhone 11 fabricada em TPU, decorada com um design vibrante inspirado no &#8220;Punt de trobada&#8221; de Barcelona. A capa apresenta um fundo branco com motivos de mosaico coloridos, incluindo elementos abstratos em vermelho, amarelo, verde, azul e preto. A ilustra\u00e7\u00e3o incorpora a silhueta ic\u00f3nica da obra, com um estilo art\u00edstico que reflete a ess\u00eancia criativa da cidade. Ideal para proteger o seu dispositivo com um toque de arte e cultura.<\/p>\n","protected":false},"featured_media":12137,"template":"","meta":{"_acf_changed":false},"product_brand":[],"product_cat":[685],"product_tag":[],"class_list":{"0":"post-27131","1":"product","2":"type-product","3":"status-publish","4":"has-post-thumbnail","6":"product_cat-capas-para-telemoveis","7":"pa_ciudad-barcelona","8":"pa_motivo-punt-de-trobada","9":"pa_pais-espana","11":"first","12":"instock","13":"shipping-taxable","14":"product-type-simple"},"acf":[],"_links":{"self":[{"href":"https:\/\/olemosaic.com\/pt-pt\/wp-json\/wp\/v2\/product\/27131","targetHints":{"allow":["GET"]}}],"collection":[{"href":"https:\/\/olemosaic.com\/pt-pt\/wp-json\/wp\/v2\/product"}],"about":[{"href":"https:\/\/olemosaic.com\/pt-pt\/wp-json\/wp\/v2\/types\/product"}],"wp:featuredmedia":[{"embeddable":true,"href":"https:\/\/olemosaic.com\/pt-pt\/wp-json\/wp\/v2\/media\/12137"}],"wp:attachment":[{"href":"https:\/\/olemosaic.com\/pt-pt\/wp-json\/wp\/v2\/media?parent=27131"}],"wp:term":[{"taxonomy":"product_brand","embeddable":true,"href":"https:\/\/olemosaic.com\/pt-pt\/wp-json\/wp\/v2\/product_brand?post=27131"},{"taxonomy":"product_cat","embeddable":true,"href":"https:\/\/olemosaic.com\/pt-pt\/wp-json\/wp\/v2\/product_cat?post=27131"},{"taxonomy":"product_tag","embeddable":true,"href":"https:\/\/olemosaic.com\/pt-pt\/wp-json\/wp\/v2\/product_tag?post=27131"}],"curies":[{"name":"wp","href":"https:\/\/api.w.org\/{rel}","templated":true}]}}