{"id":27124,"date":"2025-02-20T22:28:44","date_gmt":"2025-02-20T22:28:44","guid":{"rendered":"http:\/\/olemosaic.com\/producto\/funda-de-telefono-para-iphone-11-tpu-panoramica-barcelona-azul\/"},"modified":"2025-07-25T19:13:50","modified_gmt":"2025-07-25T17:13:50","slug":"capa-de-telemovel-para-iphone-11-tpu-panoramica-barcelona-azul","status":"publish","type":"product","link":"https:\/\/olemosaic.com\/pt-pt\/produto\/capa-de-telemovel-para-iphone-11-tpu-panoramica-barcelona-azul\/","title":{"rendered":"Capa de telem\u00f3vel para iPhone 11 (TPU). Panor\u00e2mica. Barcelona. Azul"},"content":{"rendered":"<p>Esta capa para iPhone 11 \u00e9 um produto vibrante que celebra a ess\u00eancia de Barcelona, destacando a ic\u00f3nica Sagrada Fam\u00edlia e outros elementos representativos da cidade. Fabricada em TPU, um material conhecido pela sua resist\u00eancia e leveza, proteger\u00e1 o seu dispositivo ao mesmo tempo que o embeleza com um design colorido e luminoso. O design apresenta a Sagrada Fam\u00edlia em tons de laranja e amarelo, rodeada de edif\u00edcios singulares, palmeiras e um c\u00e9u azul radiante, evocando o clima quente e o ambiente festivo da cidade. A palavra &#8220;Barcelona&#8221; destaca-se em letras chamativas, garantindo que todos reconhe\u00e7am o seu amor por esta emblem\u00e1tica cidade catal\u00e3. Este souvenir n\u00e3o s\u00f3 \u00e9 pr\u00e1tico, como tamb\u00e9m uma recorda\u00e7\u00e3o cultural ideal para quem deseja levar consigo um peda\u00e7o de Barcelona. Com a sua combina\u00e7\u00e3o de funcionalidade e apelo visual, esta capa \u00e9 um excelente presente ou recorda\u00e7\u00e3o para turistas e visitantes, ideal para lojas de presentes tur\u00edsticos que procuram artigos aut\u00eanticos e representativos. Na Ol\u00e9 Mosaic, como grossistas de capas de telem\u00f3vel, oferecemos produtos que encapsulam a cultura espanhola, perfeitos para quem procura qualidade e originalidade em souvenirs de Barcelona.<\/p>\n","protected":false},"excerpt":{"rendered":"<p>Capa para iPhone 11 fabricada em TPU com uma vibrante panor\u00e2mica de Barcelona. Este design colorido capta a ic\u00f3nica Sagrada Fam\u00edlia em tons de laranja e amarelo, rodeada de edif\u00edcios, palmeiras e um c\u00e9u azul ensolarado. A palavra &#8220;Barcelona&#8221; est\u00e1 impressa em letras chamativas, acrescentando um toque distintivo. Resistente e leve, esta capa n\u00e3o s\u00f3 protege o seu dispositivo, como tamb\u00e9m celebra a beleza e o esp\u00edrito desta emblem\u00e1tica cidade espanhola.<\/p>\n","protected":false},"featured_media":12145,"template":"","meta":{"_acf_changed":false},"product_brand":[],"product_cat":[685],"product_tag":[],"class_list":{"0":"post-27124","1":"product","2":"type-product","3":"status-publish","4":"has-post-thumbnail","6":"product_cat-capas-para-telemoveis","7":"pa_ciudad-barcelona","8":"pa_motivo-panoramas","9":"pa_pais-espana","11":"first","12":"instock","13":"shipping-taxable","14":"product-type-simple"},"acf":[],"_links":{"self":[{"href":"https:\/\/olemosaic.com\/pt-pt\/wp-json\/wp\/v2\/product\/27124","targetHints":{"allow":["GET"]}}],"collection":[{"href":"https:\/\/olemosaic.com\/pt-pt\/wp-json\/wp\/v2\/product"}],"about":[{"href":"https:\/\/olemosaic.com\/pt-pt\/wp-json\/wp\/v2\/types\/product"}],"wp:featuredmedia":[{"embeddable":true,"href":"https:\/\/olemosaic.com\/pt-pt\/wp-json\/wp\/v2\/media\/12145"}],"wp:attachment":[{"href":"https:\/\/olemosaic.com\/pt-pt\/wp-json\/wp\/v2\/media?parent=27124"}],"wp:term":[{"taxonomy":"product_brand","embeddable":true,"href":"https:\/\/olemosaic.com\/pt-pt\/wp-json\/wp\/v2\/product_brand?post=27124"},{"taxonomy":"product_cat","embeddable":true,"href":"https:\/\/olemosaic.com\/pt-pt\/wp-json\/wp\/v2\/product_cat?post=27124"},{"taxonomy":"product_tag","embeddable":true,"href":"https:\/\/olemosaic.com\/pt-pt\/wp-json\/wp\/v2\/product_tag?post=27124"}],"curies":[{"name":"wp","href":"https:\/\/api.w.org\/{rel}","templated":true}]}}