{"id":27123,"date":"2025-02-20T22:28:44","date_gmt":"2025-02-20T22:28:44","guid":{"rendered":"http:\/\/olemosaic.com\/producto\/funda-de-telefono-para-iphone-11-tpu-gato-barcelona-blanco\/"},"modified":"2025-07-25T18:59:07","modified_gmt":"2025-07-25T16:59:07","slug":"capa-de-telemovel-para-iphone-11-tpu-gato-barcelona-branco","status":"publish","type":"product","link":"https:\/\/olemosaic.com\/pt-pt\/produto\/capa-de-telemovel-para-iphone-11-tpu-gato-barcelona-branco\/","title":{"rendered":"Capa de telem\u00f3vel para iPhone 11 (TPU). Gato. Barcelona. Branco"},"content":{"rendered":"<p>Esta capa para iPhone 11 \u00e9 uma homenagem vibrante \u00e0 cidade de Barcelona. Fabricada em TPU, n\u00e3o s\u00f3 protege o seu dispositivo com solidez, como tamb\u00e9m exibe um design art\u00edstico que capta a ess\u00eancia cultural da metr\u00f3pole catal\u00e3. No centro, destaca-se um gato estilizado, composto por um colorido mosaico que evoca a rica heran\u00e7a art\u00edstica da cidade, rodeado de encantadoras borboletas que simbolizam a alegria e a vida que fluem nas ruas de Barcelona. O fundo branco, com uma textura que recorda os ic\u00f3nicos azulejos de Gaud\u00ed, real\u00e7a o design e confere um ar de modernidade.<\/p>\n<p>A palavra &#8220;Barcelona&#8221;, escrita numa tipografia elegante, acrescenta um toque distintivo, convertendo esta capa em algo mais do que um acess\u00f3rio pr\u00e1tico: uma recorda\u00e7\u00e3o encantadora que celebra o amor pela cidade. Ideal para quem procura souvenirs aut\u00eanticos, este produto \u00e9 uma excelente op\u00e7\u00e3o para lojas de presentes tur\u00edsticos. Na Ol\u00e9 Mosaic, somos especialistas na distribui\u00e7\u00e3o de souvenirs de grande qualidade, e esta capa com o gato \u00e9 uma escolha perfeita para grossistas que desejem oferecer aos seus clientes uma recorda\u00e7\u00e3o significativa de Barcelona.<\/p>\n","protected":false},"excerpt":{"rendered":"<p>Capa para iPhone 11 fabricada em TPU, com um design vibrante que evoca a ess\u00eancia de Barcelona. A capa apresenta um gato estilizado sobre um mosaico colorido, rodeado de borboletas e com um fundo branco texturizado que simula azulejos. Esta obra de arte capta a alegria da cidade, sendo um acess\u00f3rio pr\u00e1tico e decorativo. Al\u00e9m disso, inclui o nome &#8220;Barcelona&#8221; escrito com uma tipografia elegante, tornando esta capa numa express\u00e3o \u00fanica de amor pela cidade.<\/p>\n","protected":false},"featured_media":12135,"template":"","meta":{"_acf_changed":false},"product_brand":[],"product_cat":[685],"product_tag":[516],"class_list":{"0":"post-27123","1":"product","2":"type-product","3":"status-publish","4":"has-post-thumbnail","6":"product_cat-capas-para-telemoveis","7":"product_tag-animais","8":"pa_ciudad-barcelona","9":"pa_motivo-gatos","10":"pa_pais-espana","12":"first","13":"instock","14":"shipping-taxable","15":"product-type-simple"},"acf":[],"_links":{"self":[{"href":"https:\/\/olemosaic.com\/pt-pt\/wp-json\/wp\/v2\/product\/27123","targetHints":{"allow":["GET"]}}],"collection":[{"href":"https:\/\/olemosaic.com\/pt-pt\/wp-json\/wp\/v2\/product"}],"about":[{"href":"https:\/\/olemosaic.com\/pt-pt\/wp-json\/wp\/v2\/types\/product"}],"wp:featuredmedia":[{"embeddable":true,"href":"https:\/\/olemosaic.com\/pt-pt\/wp-json\/wp\/v2\/media\/12135"}],"wp:attachment":[{"href":"https:\/\/olemosaic.com\/pt-pt\/wp-json\/wp\/v2\/media?parent=27123"}],"wp:term":[{"taxonomy":"product_brand","embeddable":true,"href":"https:\/\/olemosaic.com\/pt-pt\/wp-json\/wp\/v2\/product_brand?post=27123"},{"taxonomy":"product_cat","embeddable":true,"href":"https:\/\/olemosaic.com\/pt-pt\/wp-json\/wp\/v2\/product_cat?post=27123"},{"taxonomy":"product_tag","embeddable":true,"href":"https:\/\/olemosaic.com\/pt-pt\/wp-json\/wp\/v2\/product_tag?post=27123"}],"curies":[{"name":"wp","href":"https:\/\/api.w.org\/{rel}","templated":true}]}}