{"id":27121,"date":"2025-02-20T23:28:43","date_gmt":"2025-02-20T22:28:43","guid":{"rendered":"http:\/\/olemosaic.com\/producto\/elefante-figura-de-resina-de-9-cm-pintada-a-mano\/"},"modified":"2025-07-25T19:24:07","modified_gmt":"2025-07-25T17:24:07","slug":"elefante-figura-de-resina-de-9-cm-pintada-a-mao","status":"publish","type":"product","link":"https:\/\/olemosaic.com\/pt-pt\/produto\/elefante-figura-de-resina-de-9-cm-pintada-a-mao\/","title":{"rendered":"Elefante. Figura de mosaico de 9 cm."},"content":{"rendered":"<p>Esta figurinha de elefante de resina \u00e9 uma recorda\u00e7\u00e3o encantadora que capta a ess\u00eancia vibrante da arte tradicional espanhola. Com dimens\u00f5es de 9 cm, esta colorida figura, com efeito pintado \u00e0 m\u00e3o, destaca-se pelo seu design \u00fanico e divertido, com a tromba levantada, s\u00edmbolo de sorte e felicidade. A rica paleta de cores, que abrange azul, vermelho, amarelo e verde, \u00e9 resultado de uma arte de mosaico, criando um efeito visual atrativo que cativa qualquer pessoa. Cada detalhe da figura foi cuidadosamente elaborado, oferecendo um acabamento brilhante que real\u00e7a a sua beleza e singularidade.<\/p>\n<p>Este elefante n\u00e3o \u00e9 apenas uma pe\u00e7a decorativa, mas tamb\u00e9m um reflexo do folclore e da alegria da cultura espanhola, uma representa\u00e7\u00e3o art\u00edstica que se encaixa perfeitamente em qualquer casa. Ideal para colecionadores e amantes da arte, esta figurinha \u00e9 uma recorda\u00e7\u00e3o aut\u00eantica de Espanha que evoca a rica tradi\u00e7\u00e3o do artesanato local. Na Ol\u00e9 Mosaic, somos distribuidores grossistas de souvenirs aut\u00eanticos, e esta figura de elefante \u00e9 uma excelente op\u00e7\u00e3o para lojas de presentes tur\u00edsticos que procuram oferecer produtos representativos e de qualidade. Com a sua relev\u00e2ncia cultural e o seu apelo visual, \u00e9 um presente ideal para aqueles que querem levar um pedacinho da cultura espanhola para casa.<\/p>\n","protected":false},"excerpt":{"rendered":"<p>Figurinha de elefante de 9 cm, design artesanal, pintado \u00e0 m\u00e3o, que capta a ess\u00eancia vibrante da arte tradicional. Esta colorida figura \u00e9 decorada com um mosaico de tons azuis, vermelhos, amarelos e verdes, criando um efeito visual atrativo. O seu design \u00fanico, com a tromba levantada e detalhes com acabamento brilhante, reflete a cultura e a alegria do folclore, tornando-a uma recorda\u00e7\u00e3o encantadora de Espanha. Ideal para colecionadores ou como decora\u00e7\u00e3o para a casa.<\/p>\n","protected":false},"featured_media":13796,"template":"","meta":{"_acf_changed":false},"product_brand":[],"product_cat":[552],"product_tag":[516],"class_list":{"0":"post-27121","1":"product","2":"type-product","3":"status-publish","4":"has-post-thumbnail","6":"product_cat-numeros","7":"product_tag-animais","8":"pa_motivo-elefantes","10":"first","11":"instock","12":"shipping-taxable","13":"product-type-simple"},"acf":[],"_links":{"self":[{"href":"https:\/\/olemosaic.com\/pt-pt\/wp-json\/wp\/v2\/product\/27121","targetHints":{"allow":["GET"]}}],"collection":[{"href":"https:\/\/olemosaic.com\/pt-pt\/wp-json\/wp\/v2\/product"}],"about":[{"href":"https:\/\/olemosaic.com\/pt-pt\/wp-json\/wp\/v2\/types\/product"}],"wp:featuredmedia":[{"embeddable":true,"href":"https:\/\/olemosaic.com\/pt-pt\/wp-json\/wp\/v2\/media\/13796"}],"wp:attachment":[{"href":"https:\/\/olemosaic.com\/pt-pt\/wp-json\/wp\/v2\/media?parent=27121"}],"wp:term":[{"taxonomy":"product_brand","embeddable":true,"href":"https:\/\/olemosaic.com\/pt-pt\/wp-json\/wp\/v2\/product_brand?post=27121"},{"taxonomy":"product_cat","embeddable":true,"href":"https:\/\/olemosaic.com\/pt-pt\/wp-json\/wp\/v2\/product_cat?post=27121"},{"taxonomy":"product_tag","embeddable":true,"href":"https:\/\/olemosaic.com\/pt-pt\/wp-json\/wp\/v2\/product_tag?post=27121"}],"curies":[{"name":"wp","href":"https:\/\/api.w.org\/{rel}","templated":true}]}}