{"id":27120,"date":"2025-02-20T23:28:43","date_gmt":"2025-02-20T22:28:43","guid":{"rendered":"http:\/\/olemosaic.com\/producto\/tortuga-figura-de-resina-de-10-cm-pintada-a-mano\/"},"modified":"2025-07-25T20:35:10","modified_gmt":"2025-07-25T18:35:10","slug":"tartaruga-figura-de-resina-de-10-cm-pintada-a-mao","status":"publish","type":"product","link":"https:\/\/olemosaic.com\/pt-pt\/produto\/tartaruga-figura-de-resina-de-10-cm-pintada-a-mao\/","title":{"rendered":"Tartaruga. Figura de mosaico de 10 cm."},"content":{"rendered":"<p>Esta figura de tartaruga, elaborada em resina e de 10 cm, \u00e9 uma recorda\u00e7\u00e3o encantadora que capta a ess\u00eancia do artesanato espanhol, colorido e vibrante. Cada tartaruga, com efeito pintado \u00e0 m\u00e3o \u2014 o que torna cada pe\u00e7a \u00fanica \u2014 apresenta um design de mosaico com tons alegres de azul, amarelo, vermelho e verde, evocando a rica tradi\u00e7\u00e3o art\u00edstica do pa\u00eds. A carapa\u00e7a est\u00e1 adornada com formas geom\u00e9tricas que acrescentam um toque contempor\u00e2neo a uma figura cl\u00e1ssica, tornando-a um objeto ideal tanto como recorda\u00e7\u00e3o como para decorar a casa.<\/p>\n<p>Este souvenir \u00e9 uma liga\u00e7\u00e3o significativa com a cultura espanhola, onde a arte do mosaico \u00e9 s\u00edmbolo de criatividade e inova\u00e7\u00e3o. A tartaruga, animal que simboliza a paz e a longevidade, torna-se um lembrete perfeito da calma e da beleza que se encontram em Espanha. Na Ol\u00e9 Mosaic, orgulhamo-nos de oferecer produtos aut\u00eanticos por grosso, e esta figura de tartaruga \u00e9 uma op\u00e7\u00e3o fant\u00e1stica para lojas de presentes tur\u00edsticos que procuram destacar a tradi\u00e7\u00e3o artesanal espanhola. Como grossistas de souvenirs, garantimos a qualidade e relev\u00e2ncia cultural de cada pe\u00e7a que oferecemos, fazendo deste artigo uma excelente escolha para turistas que procuram recorda\u00e7\u00f5es significativas da sua visita.<\/p>\n","protected":false},"excerpt":{"rendered":"<p>Figura de tartaruga elaborada em resina de 10 cm, design artesanal, pintado \u00e0 m\u00e3o, com um vibrante design de mosaico que evoca o colorido artesanato espanhol. Esta recorda\u00e7\u00e3o encantadora destaca-se pelos seus tons alegres de azul, amarelo, vermelho e verde, que decoram a sua carapa\u00e7a com formas geom\u00e9tricas. Um detalhe delicado que a torna uma pe\u00e7a decorativa ideal para o lar, refletindo a riqueza cultural e art\u00edstica de Espanha.<\/p>\n","protected":false},"featured_media":6227,"template":"","meta":{"_acf_changed":false},"product_brand":[],"product_cat":[552],"product_tag":[516],"class_list":{"0":"post-27120","1":"product","2":"type-product","3":"status-publish","4":"has-post-thumbnail","6":"product_cat-numeros","7":"product_tag-animais","8":"pa_motivo-tartarugas","10":"first","11":"instock","12":"shipping-taxable","13":"product-type-simple"},"acf":[],"_links":{"self":[{"href":"https:\/\/olemosaic.com\/pt-pt\/wp-json\/wp\/v2\/product\/27120","targetHints":{"allow":["GET"]}}],"collection":[{"href":"https:\/\/olemosaic.com\/pt-pt\/wp-json\/wp\/v2\/product"}],"about":[{"href":"https:\/\/olemosaic.com\/pt-pt\/wp-json\/wp\/v2\/types\/product"}],"wp:featuredmedia":[{"embeddable":true,"href":"https:\/\/olemosaic.com\/pt-pt\/wp-json\/wp\/v2\/media\/6227"}],"wp:attachment":[{"href":"https:\/\/olemosaic.com\/pt-pt\/wp-json\/wp\/v2\/media?parent=27120"}],"wp:term":[{"taxonomy":"product_brand","embeddable":true,"href":"https:\/\/olemosaic.com\/pt-pt\/wp-json\/wp\/v2\/product_brand?post=27120"},{"taxonomy":"product_cat","embeddable":true,"href":"https:\/\/olemosaic.com\/pt-pt\/wp-json\/wp\/v2\/product_cat?post=27120"},{"taxonomy":"product_tag","embeddable":true,"href":"https:\/\/olemosaic.com\/pt-pt\/wp-json\/wp\/v2\/product_tag?post=27120"}],"curies":[{"name":"wp","href":"https:\/\/api.w.org\/{rel}","templated":true}]}}