{"id":27088,"date":"2025-02-20T23:28:43","date_gmt":"2025-02-20T22:28:43","guid":{"rendered":"http:\/\/olemosaic.com\/producto\/toro-figura-de-resina-de-9-cm-pintada-a-mano\/"},"modified":"2025-07-25T18:47:11","modified_gmt":"2025-07-25T16:47:11","slug":"touro-figura-de-resina-de-9-cm-pintada-a-mao","status":"publish","type":"product","link":"https:\/\/olemosaic.com\/pt-pt\/produto\/touro-figura-de-resina-de-9-cm-pintada-a-mao\/","title":{"rendered":"Touro. Figura de mosaico de 9 cm."},"content":{"rendered":"<p>Esta figura de touro de resina de 9 cm \u00e9 um fascinante souvenir que captura a ess\u00eancia da cultura espanhola. Pintada \u00e0 m\u00e3o com um vibrante design em mosaico, esta pe\u00e7a representa um dos s\u00edmbolos mais ic\u00f3nicos e admirados do patrim\u00f3nio espanhol: o touro. O seu corpo est\u00e1 adornado com um intrincado padr\u00e3o de cores vivas, incluindo tons intensos de azul, vermelho, amarelo e verde, que se entrela\u00e7am de forma harmoniosa, conferindo um toque festivo e alegre a qualquer decora\u00e7\u00e3o.<\/p>\n<p>O touro \u00e9 uma figura central na tradi\u00e7\u00e3o e no folclore de Espanha, simbolizando a for\u00e7a, a coragem e a paix\u00e3o, valores muito enraizados na cultura nacional. Este design n\u00e3o s\u00f3 emula a majestade destes animais, como tamb\u00e9m presta homenagem \u00e0 rica hist\u00f3ria das corridas de touros, uma pr\u00e1tica que, embora controversa, faz parte do legado cultural do pa\u00eds. A aten\u00e7\u00e3o ao detalhe e a qualidade artesanal da pintura fazem desta figura uma op\u00e7\u00e3o ideal para turistas e colecionadores que procuram aut\u00eanticos souvenirs de Espanha.<\/p>\n<p>Na Ol\u00e9 Mosaic, oferecemos esta figura de touro como parte da nossa sele\u00e7\u00e3o de souvenirs art\u00edsticos. \u00c9 um produto perfeito para lojas de presentes tur\u00edsticos que desejem oferecer uma recorda\u00e7\u00e3o representativa, que reflita a autenticidade e a beleza da arte espanhola. Um excelente presente ou complemento decorativo, esta figura de touro \u00e9 um tributo \u00e0 riqueza cultural de Espanha.<\/p>\n","protected":false},"excerpt":{"rendered":"<p>Figura de touro de 9 cm, design artesanal, pintada \u00e0 m\u00e3o, com um vibrante design de mosaico. Esta bonita recorda\u00e7\u00e3o representa um dos s\u00edmbolos mais ic\u00f3nicos da cultura espanhola, capturando a ess\u00eancia da tradi\u00e7\u00e3o e da arte. As cores vivas em tons azul, vermelho, amarelo e verde entrela\u00e7am-se no seu design, conferindo um toque festivo e alegre. Ideal para decora\u00e7\u00e3o ou como presente, esta figura \u00e9 uma homenagem \u00e0 riqueza do folclore espanhol.<\/p>\n","protected":false},"featured_media":6145,"template":"","meta":{"_acf_changed":false},"product_brand":[],"product_cat":[552],"product_tag":[516],"class_list":{"0":"post-27088","1":"product","2":"type-product","3":"status-publish","4":"has-post-thumbnail","6":"product_cat-numeros","7":"product_tag-animais","8":"pa_motivo-touros","10":"first","11":"instock","12":"shipping-taxable","13":"product-type-simple"},"acf":[],"_links":{"self":[{"href":"https:\/\/olemosaic.com\/pt-pt\/wp-json\/wp\/v2\/product\/27088","targetHints":{"allow":["GET"]}}],"collection":[{"href":"https:\/\/olemosaic.com\/pt-pt\/wp-json\/wp\/v2\/product"}],"about":[{"href":"https:\/\/olemosaic.com\/pt-pt\/wp-json\/wp\/v2\/types\/product"}],"wp:featuredmedia":[{"embeddable":true,"href":"https:\/\/olemosaic.com\/pt-pt\/wp-json\/wp\/v2\/media\/6145"}],"wp:attachment":[{"href":"https:\/\/olemosaic.com\/pt-pt\/wp-json\/wp\/v2\/media?parent=27088"}],"wp:term":[{"taxonomy":"product_brand","embeddable":true,"href":"https:\/\/olemosaic.com\/pt-pt\/wp-json\/wp\/v2\/product_brand?post=27088"},{"taxonomy":"product_cat","embeddable":true,"href":"https:\/\/olemosaic.com\/pt-pt\/wp-json\/wp\/v2\/product_cat?post=27088"},{"taxonomy":"product_tag","embeddable":true,"href":"https:\/\/olemosaic.com\/pt-pt\/wp-json\/wp\/v2\/product_tag?post=27088"}],"curies":[{"name":"wp","href":"https:\/\/api.w.org\/{rel}","templated":true}]}}