{"id":27086,"date":"2025-02-20T23:28:43","date_gmt":"2025-02-20T22:28:43","guid":{"rendered":"http:\/\/olemosaic.com\/producto\/toro-figura-de-resina-de-32-cm-pintada-a-mano\/"},"modified":"2025-07-25T18:48:49","modified_gmt":"2025-07-25T16:48:49","slug":"touro-figura-de-resina-de-32-cm-pintada-a-mao","status":"publish","type":"product","link":"https:\/\/olemosaic.com\/pt-pt\/produto\/touro-figura-de-resina-de-32-cm-pintada-a-mao\/","title":{"rendered":"Touro. Figura de mosaico de 32 cm."},"content":{"rendered":"<p>Esta figura de resina com forma de touro \u00e9 uma recorda\u00e7\u00e3o impressionante que encapsula a ess\u00eancia do folclore espanhol. Com 32 cm de altura, cada detalhe desta obra-prima \u00e9 pintado \u00e0 m\u00e3o, o que garante a singularidade e qualidade de cada pe\u00e7a. O vibrante design de mosaico exibe uma explos\u00e3o de cor com tons vermelhos, azuis, verdes e amarelos. Esta variedade crom\u00e1tica n\u00e3o s\u00f3 real\u00e7a a destreza art\u00edstica dos artes\u00e3os espanh\u00f3is, como tamb\u00e9m evoca a paix\u00e3o e o dinamismo do touro, um s\u00edmbolo ic\u00f3nico da cultura espanhola.<\/p>\n<p>A figura captura o touro em movimento, transmitindo uma sensa\u00e7\u00e3o de energia e for\u00e7a emblem\u00e1tica da tradi\u00e7\u00e3o espanhola. Al\u00e9m do seu apelo visual, esta recorda\u00e7\u00e3o pode servir como um elemento decorativo de destaque em qualquer casa, acrescentando um toque de autenticidade e cultura espanhola aos espa\u00e7os. \u00c9 ideal para quem deseja levar um peda\u00e7o de Espanha para casa.<\/p>\n<p>Na Ol\u00e9 Mosaic, a nossa especializa\u00e7\u00e3o como distribuidores de souvenirs por grosso permite-nos oferecer produtos aut\u00eanticos que refletem a rica heran\u00e7a cultural do pa\u00eds. Esta figura de touro \u00e9 uma excelente op\u00e7\u00e3o para lojas de presentes tur\u00edsticos, oferecendo aos seus clientes uma recorda\u00e7\u00e3o memor\u00e1vel e representativa da cultura espanhola. Com a nossa sele\u00e7\u00e3o de figuras decorativas, garantimos originalidade e uma abordagem artesanal em cada pe\u00e7a, ideais para quem procura souvenirs de qualidade.<\/p>\n","protected":false},"excerpt":{"rendered":"<p>Figura de 32 cm com forma de touro, design artesanal, pintada \u00e0 m\u00e3o, com um vibrante design de mosaico. Esta colorida recorda\u00e7\u00e3o captura a ess\u00eancia do folclore espanhol, representando um touro em movimento, adornado com uma variedade de tons que incluem vermelho, azul, verde e amarelo. A aten\u00e7\u00e3o ao detalhe na pintura e a t\u00e9cnica artesanal fazem desta figura um elemento decorativo impressionante, ideal para quem deseje levar um peda\u00e7o da cultura espanhola para as suas casas.<\/p>\n","protected":false},"featured_media":5947,"template":"","meta":{"_acf_changed":false},"product_brand":[],"product_cat":[552],"product_tag":[516],"class_list":{"0":"post-27086","1":"product","2":"type-product","3":"status-publish","4":"has-post-thumbnail","6":"product_cat-numeros","7":"product_tag-animais","8":"pa_motivo-touros","10":"first","11":"instock","12":"shipping-taxable","13":"product-type-simple"},"acf":[],"_links":{"self":[{"href":"https:\/\/olemosaic.com\/pt-pt\/wp-json\/wp\/v2\/product\/27086","targetHints":{"allow":["GET"]}}],"collection":[{"href":"https:\/\/olemosaic.com\/pt-pt\/wp-json\/wp\/v2\/product"}],"about":[{"href":"https:\/\/olemosaic.com\/pt-pt\/wp-json\/wp\/v2\/types\/product"}],"wp:featuredmedia":[{"embeddable":true,"href":"https:\/\/olemosaic.com\/pt-pt\/wp-json\/wp\/v2\/media\/5947"}],"wp:attachment":[{"href":"https:\/\/olemosaic.com\/pt-pt\/wp-json\/wp\/v2\/media?parent=27086"}],"wp:term":[{"taxonomy":"product_brand","embeddable":true,"href":"https:\/\/olemosaic.com\/pt-pt\/wp-json\/wp\/v2\/product_brand?post=27086"},{"taxonomy":"product_cat","embeddable":true,"href":"https:\/\/olemosaic.com\/pt-pt\/wp-json\/wp\/v2\/product_cat?post=27086"},{"taxonomy":"product_tag","embeddable":true,"href":"https:\/\/olemosaic.com\/pt-pt\/wp-json\/wp\/v2\/product_tag?post=27086"}],"curies":[{"name":"wp","href":"https:\/\/api.w.org\/{rel}","templated":true}]}}