{"id":27085,"date":"2025-02-20T23:28:43","date_gmt":"2025-02-20T22:28:43","guid":{"rendered":"http:\/\/olemosaic.com\/producto\/hormiga-figura-de-resina-de-14-cm-pintada-a-mano\/"},"modified":"2025-07-25T18:43:35","modified_gmt":"2025-07-25T16:43:35","slug":"formiga-figura-de-resina-de-14-cm-pintada-a-mao","status":"publish","type":"product","link":"https:\/\/olemosaic.com\/pt-pt\/produto\/formiga-figura-de-resina-de-14-cm-pintada-a-mao\/","title":{"rendered":"Formiga. Figura de mosaico de 14 cm."},"content":{"rendered":"<p>Esta figura de resina com forma de formiga \u00e9 uma aut\u00eantica pe\u00e7a decorativa que captura a ess\u00eancia da vida selvagem espanhola. Com 14 cm de altura, esta magn\u00edfica representa\u00e7\u00e3o est\u00e1 meticulosamente pintada \u00e0 m\u00e3o, o que garante um acabamento brilhante e \u00fanico. Os tons preto e castanho combinam-se para criar um efeito visual que destaca as texturas e caracter\u00edsticas deste fascinante inseto. Cada detalhe, desde as delicadas patas at\u00e9 ao corpo bem definido, foi cuidado com esmero para oferecer um design original que real\u00e7a a beleza da natureza.<\/p>\n<p>Este souvenir \u00e9 uma excelente op\u00e7\u00e3o para quem procura uma recorda\u00e7\u00e3o distintiva de Espanha, acrescentando um toque de autenticidade a qualquer espa\u00e7o. As formigas s\u00e3o emblem\u00e1ticas de muitas regi\u00f5es espanholas, simbolizando o trabalho em equipa e a resili\u00eancia, o que torna esta figura uma recorda\u00e7\u00e3o n\u00e3o apenas do ambiente natural, mas tamb\u00e9m de valores enraizados na cultura local.<\/p>\n<p>Na Ol\u00e9 Mosaic, especializamo-nos em oferecer souvenirs por grosso que refletem a diversidade cultural e a riqueza da fauna aut\u00f3ctone. Esta figura de formiga \u00e9 perfeita para lojas de presentes tur\u00edsticos que desejem oferecer aos seus clientes uma recorda\u00e7\u00e3o \u00fanica e significativa. Como grossista de artigos decorativos, garantimos qualidade e autenticidade em cada produto para satisfazer as expectativas dos turistas.<\/p>\n","protected":false},"excerpt":{"rendered":"<p>Figura de 14 cm com forma de formiga, design artesanal, pintada \u00e0 m\u00e3o, com um acabamento brilhante em tons preto e castanho. Este detalhe art\u00edstico real\u00e7a a textura e as caracter\u00edsticas do inseto, com patas delicadas e um corpo bem definido que mostra um design original e cuidado. Ideal como recorda\u00e7\u00e3o que captura a ess\u00eancia da fauna espanhola e como elemento decorativo \u00fanico para qualquer espa\u00e7o.<\/p>\n","protected":false},"featured_media":11082,"template":"","meta":{"_acf_changed":false},"product_brand":[],"product_cat":[552],"product_tag":[516],"class_list":{"0":"post-27085","1":"product","2":"type-product","3":"status-publish","4":"has-post-thumbnail","6":"product_cat-numeros","7":"product_tag-animais","8":"pa_motivo-formigas","10":"first","11":"instock","12":"shipping-taxable","13":"product-type-simple"},"acf":[],"_links":{"self":[{"href":"https:\/\/olemosaic.com\/pt-pt\/wp-json\/wp\/v2\/product\/27085","targetHints":{"allow":["GET"]}}],"collection":[{"href":"https:\/\/olemosaic.com\/pt-pt\/wp-json\/wp\/v2\/product"}],"about":[{"href":"https:\/\/olemosaic.com\/pt-pt\/wp-json\/wp\/v2\/types\/product"}],"wp:featuredmedia":[{"embeddable":true,"href":"https:\/\/olemosaic.com\/pt-pt\/wp-json\/wp\/v2\/media\/11082"}],"wp:attachment":[{"href":"https:\/\/olemosaic.com\/pt-pt\/wp-json\/wp\/v2\/media?parent=27085"}],"wp:term":[{"taxonomy":"product_brand","embeddable":true,"href":"https:\/\/olemosaic.com\/pt-pt\/wp-json\/wp\/v2\/product_brand?post=27085"},{"taxonomy":"product_cat","embeddable":true,"href":"https:\/\/olemosaic.com\/pt-pt\/wp-json\/wp\/v2\/product_cat?post=27085"},{"taxonomy":"product_tag","embeddable":true,"href":"https:\/\/olemosaic.com\/pt-pt\/wp-json\/wp\/v2\/product_tag?post=27085"}],"curies":[{"name":"wp","href":"https:\/\/api.w.org\/{rel}","templated":true}]}}