{"id":27081,"date":"2025-02-20T23:28:42","date_gmt":"2025-02-20T22:28:42","guid":{"rendered":"http:\/\/olemosaic.com\/producto\/la-pedrera-figura-de-resina-de-8-cm-pintada-a-mano\/"},"modified":"2025-07-25T19:08:26","modified_gmt":"2025-07-25T17:08:26","slug":"la-pedrera-figura-resina-8-cm-pintada-mao","status":"publish","type":"product","link":"https:\/\/olemosaic.com\/pt-pt\/produto\/la-pedrera-figura-resina-8-cm-pintada-mao\/","title":{"rendered":"La Pedrera. Figura de mosaico de 8 cm."},"content":{"rendered":"<p>Esta figura de resina de La Pedrera, de 8 cm, \u00e9 uma recorda\u00e7\u00e3o requintada que captura a ess\u00eancia do emblem\u00e1tico edif\u00edcio desenhado pelo aclamado arquiteto Antoni Gaud\u00ed em Barcelona. Pintada \u00e0 m\u00e3o, a figura destaca a caracter\u00edstica fachada ondulante de La Pedrera, com as suas formas org\u00e2nicas que evocam a natureza. Detalhes como a vegeta\u00e7\u00e3o verde que adorna as varandas e as ic\u00f3nicas figuras do telhado representam o estilo modernista que define esta obra-prima. As cores suaves e harmoniosas, juntamente com os acabamentos meticulosos, convertem esta pe\u00e7a num souvenir perfeito para os amantes da arquitetura e da arte catal\u00e3.<\/p>\n<p>La Pedrera, tamb\u00e9m conhecida como Casa Mil\u00e0, \u00e9 um s\u00edmbolo da inova\u00e7\u00e3o e da criatividade de Gaud\u00ed, uma refer\u00eancia incontorn\u00e1vel do patrim\u00f3nio cultural de Barcelona. Este souvenir n\u00e3o s\u00f3 presta homenagem \u00e0 arquitetura da cidade, como tamb\u00e9m oferece a quem o adquire uma liga\u00e7\u00e3o tang\u00edvel com a sua rica hist\u00f3ria cultural. Na Ol\u00e9 Mosaic, especializamo-nos na distribui\u00e7\u00e3o de souvenirs de alta qualidade por grosso, e esta figura de La Pedrera \u00e9 uma excelente op\u00e7\u00e3o para lojas de presentes tur\u00edsticos que procuram oferecer produtos aut\u00eanticos e representativos. Uma recorda\u00e7\u00e3o que, al\u00e9m de adornar, narra a hist\u00f3ria e a arte de uma das cidades mais fascinantes de Espanha.<\/p>\n","protected":false},"excerpt":{"rendered":"<p>Figura de 8 cm que representa La Pedrera, o emblem\u00e1tico edif\u00edcio desenhado por Antoni Gaud\u00ed em Barcelona. Esta pe\u00e7a, de design artesanal e pintada \u00e0 m\u00e3o, reproduz com detalhe a caracter\u00edstica fachada ondulante do edif\u00edcio, com vegeta\u00e7\u00e3o verde e figuras no terra\u00e7o que evocam o estilo modernista do arquiteto. As suas cores suaves e os seus detalhes meticulosos tornam-na uma recorda\u00e7\u00e3o perfeita para os amantes da arquitetura e da arte catal\u00e3.<\/p>\n","protected":false},"featured_media":6857,"template":"","meta":{"_acf_changed":false},"product_brand":[],"product_cat":[552],"product_tag":[],"class_list":{"0":"post-27081","1":"product","2":"type-product","3":"status-publish","4":"has-post-thumbnail","6":"product_cat-numeros","7":"pa_ciudad-barcelona","8":"pa_motivo-la-pedrera","9":"pa_pais-espana","11":"first","12":"instock","13":"shipping-taxable","14":"product-type-simple"},"acf":[],"_links":{"self":[{"href":"https:\/\/olemosaic.com\/pt-pt\/wp-json\/wp\/v2\/product\/27081","targetHints":{"allow":["GET"]}}],"collection":[{"href":"https:\/\/olemosaic.com\/pt-pt\/wp-json\/wp\/v2\/product"}],"about":[{"href":"https:\/\/olemosaic.com\/pt-pt\/wp-json\/wp\/v2\/types\/product"}],"wp:featuredmedia":[{"embeddable":true,"href":"https:\/\/olemosaic.com\/pt-pt\/wp-json\/wp\/v2\/media\/6857"}],"wp:attachment":[{"href":"https:\/\/olemosaic.com\/pt-pt\/wp-json\/wp\/v2\/media?parent=27081"}],"wp:term":[{"taxonomy":"product_brand","embeddable":true,"href":"https:\/\/olemosaic.com\/pt-pt\/wp-json\/wp\/v2\/product_brand?post=27081"},{"taxonomy":"product_cat","embeddable":true,"href":"https:\/\/olemosaic.com\/pt-pt\/wp-json\/wp\/v2\/product_cat?post=27081"},{"taxonomy":"product_tag","embeddable":true,"href":"https:\/\/olemosaic.com\/pt-pt\/wp-json\/wp\/v2\/product_tag?post=27081"}],"curies":[{"name":"wp","href":"https:\/\/api.w.org\/{rel}","templated":true}]}}