{"id":27080,"date":"2025-02-20T23:28:42","date_gmt":"2025-02-20T22:28:42","guid":{"rendered":"http:\/\/olemosaic.com\/producto\/bailaora-figura-de-resina-de-8-cm-negro-rojo-pintada-a-mano\/"},"modified":"2025-07-25T18:51:12","modified_gmt":"2025-07-25T16:51:12","slug":"bailarina-flamenco-figura-resina-8-cm-preto-vermelho-pintada-mao","status":"publish","type":"product","link":"https:\/\/olemosaic.com\/pt-pt\/produto\/bailarina-flamenco-figura-resina-8-cm-preto-vermelho-pintada-mao\/","title":{"rendered":"Bailarina de Flamenco. Figura de mosaico de 8 cm. Preto \/ vermelho."},"content":{"rendered":"<p>Esta figura de resina de 8 cm representa uma encantadora bailarina de flamenco, com efeito pintado \u00e0 m\u00e3o com grande detalhe e numa cativante paleta de cores preto e vermelho. O elegante vestido da figura est\u00e1 adornado com bolas vermelhas vivas, imitando o traje cl\u00e1ssico das bailarinas em festivais e celebra\u00e7\u00f5es andaluzas. A saia de folhos, na parte inferior, adiciona um toque din\u00e2mico, evocando o movimento e a paix\u00e3o que caracterizam esta tradi\u00e7\u00e3o cultural.<\/p>\n<p>A bailarina segura um bonito leque, pe\u00e7a essencial no flamenco, que complementa a sua pose e captura a ess\u00eancia da arte em cada giro e gesto. Este souvenir n\u00e3o \u00e9 apenas um objeto decorativo, mas encapsula a rica cultura e o folclore espanhol, tornando-se uma recorda\u00e7\u00e3o ideal para turistas que desejem levar um peda\u00e7o da Andaluzia para casa.<\/p>\n<p>Na Ol\u00e9 Mosaic, dedicamo-nos \u00e0 distribui\u00e7\u00e3o de souvenirs por grosso, e esta figura de bailarina \u00e9 um testemunho perfeito da autenticidade e do valor cultural dos nossos produtos, ideais para lojas de presentes tur\u00edsticos que desejem oferecer aos seus clientes uma recorda\u00e7\u00e3o representativa da paix\u00e3o do flamenco. Reconhecimento e qualidade combinam-se nesta pe\u00e7a \u00fanica, fazendo com que cada cliente queira levar para casa uma parte do esp\u00edrito andaluz.<\/p>\n","protected":false},"excerpt":{"rendered":"<p>Figura de 8 cm que representa uma bailarina de flamenco, design artesanal, pintado \u00e0 m\u00e3o, em preto e vermelho. Destaca-se o seu elegante vestido preto com bolas vermelhas e folhos na parte inferior, evocando a ess\u00eancia do flamenco andaluz. A bailarina segura um bonito leque, capturando o movimento e a gra\u00e7a desta tradi\u00e7\u00e3o cultural. Um souvenir ideal que reflete a paix\u00e3o pelo flamenco e o folclore espanhol.<\/p>\n","protected":false},"featured_media":7852,"template":"","meta":{"_acf_changed":false},"product_brand":[],"product_cat":[552],"product_tag":[],"class_list":{"0":"post-27080","1":"product","2":"type-product","3":"status-publish","4":"has-post-thumbnail","6":"product_cat-numeros","7":"pa_motivo-dancarinos","9":"first","10":"instock","11":"shipping-taxable","12":"product-type-simple"},"acf":[],"_links":{"self":[{"href":"https:\/\/olemosaic.com\/pt-pt\/wp-json\/wp\/v2\/product\/27080","targetHints":{"allow":["GET"]}}],"collection":[{"href":"https:\/\/olemosaic.com\/pt-pt\/wp-json\/wp\/v2\/product"}],"about":[{"href":"https:\/\/olemosaic.com\/pt-pt\/wp-json\/wp\/v2\/types\/product"}],"wp:featuredmedia":[{"embeddable":true,"href":"https:\/\/olemosaic.com\/pt-pt\/wp-json\/wp\/v2\/media\/7852"}],"wp:attachment":[{"href":"https:\/\/olemosaic.com\/pt-pt\/wp-json\/wp\/v2\/media?parent=27080"}],"wp:term":[{"taxonomy":"product_brand","embeddable":true,"href":"https:\/\/olemosaic.com\/pt-pt\/wp-json\/wp\/v2\/product_brand?post=27080"},{"taxonomy":"product_cat","embeddable":true,"href":"https:\/\/olemosaic.com\/pt-pt\/wp-json\/wp\/v2\/product_cat?post=27080"},{"taxonomy":"product_tag","embeddable":true,"href":"https:\/\/olemosaic.com\/pt-pt\/wp-json\/wp\/v2\/product_tag?post=27080"}],"curies":[{"name":"wp","href":"https:\/\/api.w.org\/{rel}","templated":true}]}}