{"id":27059,"date":"2025-02-20T23:28:42","date_gmt":"2025-02-20T22:28:42","guid":{"rendered":"http:\/\/olemosaic.com\/producto\/bailaora-figura-de-resina-de-8-cm-pintada-a-mano\/"},"modified":"2025-07-25T18:36:27","modified_gmt":"2025-07-25T16:36:27","slug":"bailarina-flamenco-figura-resina-8-cm-pintada-a-mao","status":"publish","type":"product","link":"https:\/\/olemosaic.com\/pt-pt\/produto\/bailarina-flamenco-figura-resina-8-cm-pintada-a-mao\/","title":{"rendered":"Bailarina de Flamenco. Figura de mosaico de 8 cm."},"content":{"rendered":"<p>Esta figura de resina de 8 cm representa uma bailarina de flamenco, desenhada para capturar com detalhe a vibrante ess\u00eancia da arte flamenca espanhola. Cada figura \u00e9 meticulosamente pintada \u00e0 m\u00e3o, real\u00e7ando um vestido de folhos com uma explos\u00e3o de cores \u2014 azul, vermelho e amarelo \u2014 que cria um contraste din\u00e2mico, reflexo da paix\u00e3o e do ritmo desta tradi\u00e7\u00e3o cultural. A bailarina segura um leque numa m\u00e3o, s\u00edmbolo ic\u00f3nico do flamenco, enquanto a outra est\u00e1 erguida, sugerindo um movimento elegante e cheio de gra\u00e7a.<\/p>\n<p>Os detalhes florais no seu penteado acrescentam um toque de autenticidade, evocando as tradi\u00e7\u00f5es andaluzas que celebram a beleza e o folclore regional. Este souvenir n\u00e3o \u00e9 apenas uma representa\u00e7\u00e3o art\u00edstica, mas tamb\u00e9m uma recorda\u00e7\u00e3o da rica cultura espanhola, ideal para quem apreciou a dan\u00e7a e a m\u00fasica flamenca ou simplesmente deseja levar um peda\u00e7o de Espanha para casa.<\/p>\n<p>Para os amantes de souvenirs aut\u00eanticos, esta figura de bailarina \u00e9 uma op\u00e7\u00e3o perfeita. Na Ol\u00e9 Mosaic, somos distribuidores de souvenirs de flamenco por grosso, oferecendo produtos que celebram a beleza e a arte da cultura espanhola, ideais para lojas de presentes tur\u00edsticos. Este artigo \u00e9 a escolha perfeita para quem procura recorda\u00e7\u00f5es que encapsulem a ess\u00eancia do folclore andaluz.<\/p>\n","protected":false},"excerpt":{"rendered":"<p>Figura de 8 cm que representa uma bailarina de flamenco, design artesanal, pintada \u00e0 m\u00e3o, com cores vivas. Esta encantadora figura captura a ess\u00eancia do flamenco espanhol, mostrando a bailarina em movimento, com um vestido de folhos em tons variados como azul, vermelho e amarelo, e um leque na m\u00e3o. Detalhes florais no penteado completam a representa\u00e7\u00e3o do folclore andaluz, ideal para os amantes da cultura espanhola.<\/p>\n","protected":false},"featured_media":6132,"template":"","meta":{"_acf_changed":false},"product_brand":[],"product_cat":[552],"product_tag":[],"class_list":{"0":"post-27059","1":"product","2":"type-product","3":"status-publish","4":"has-post-thumbnail","6":"product_cat-numeros","7":"pa_motivo-dancarinos","9":"first","10":"instock","11":"shipping-taxable","12":"product-type-simple"},"acf":[],"_links":{"self":[{"href":"https:\/\/olemosaic.com\/pt-pt\/wp-json\/wp\/v2\/product\/27059","targetHints":{"allow":["GET"]}}],"collection":[{"href":"https:\/\/olemosaic.com\/pt-pt\/wp-json\/wp\/v2\/product"}],"about":[{"href":"https:\/\/olemosaic.com\/pt-pt\/wp-json\/wp\/v2\/types\/product"}],"wp:featuredmedia":[{"embeddable":true,"href":"https:\/\/olemosaic.com\/pt-pt\/wp-json\/wp\/v2\/media\/6132"}],"wp:attachment":[{"href":"https:\/\/olemosaic.com\/pt-pt\/wp-json\/wp\/v2\/media?parent=27059"}],"wp:term":[{"taxonomy":"product_brand","embeddable":true,"href":"https:\/\/olemosaic.com\/pt-pt\/wp-json\/wp\/v2\/product_brand?post=27059"},{"taxonomy":"product_cat","embeddable":true,"href":"https:\/\/olemosaic.com\/pt-pt\/wp-json\/wp\/v2\/product_cat?post=27059"},{"taxonomy":"product_tag","embeddable":true,"href":"https:\/\/olemosaic.com\/pt-pt\/wp-json\/wp\/v2\/product_tag?post=27059"}],"curies":[{"name":"wp","href":"https:\/\/api.w.org\/{rel}","templated":true}]}}