{"id":27058,"date":"2025-02-20T23:28:42","date_gmt":"2025-02-20T22:28:42","guid":{"rendered":"http:\/\/olemosaic.com\/producto\/bailaora-figura-de-resina-de-8-cm-rojo-blanco-pintada-a-mano\/"},"modified":"2025-07-25T18:48:50","modified_gmt":"2025-07-25T16:48:50","slug":"bailarina-flamenco-figura-resina-8-cm-vermelho-branco-pintada-a-mao","status":"publish","type":"product","link":"https:\/\/olemosaic.com\/pt-pt\/produto\/bailarina-flamenco-figura-resina-8-cm-vermelho-branco-pintada-a-mao\/","title":{"rendered":"Bailarina de Flamenco. Figura de mosaico de 8 cm. Vermelho \/ branco."},"content":{"rendered":"<p>Esta figura de resina de 8 cm, que representa uma bailarina de flamenco, \u00e9 uma aut\u00eantica joia da arte andaluza, ideal para quem deseja levar um pedacinho da cultura espanhola. Com o seu elegante vestido de bolas vermelhas e brancas que cai com gra\u00e7a at\u00e9 ao ch\u00e3o, a bailarina destaca-se pelos seus folhos, que evocam o dinamismo da dan\u00e7a flamenca. Cada figura \u00e9 meticulosamente elaborada e com efeito pintado \u00e0 m\u00e3o, o que garante a sua singularidade e autenticidade. Numa das m\u00e3os segura um leque colorido, enquanto com a outra levanta a m\u00e3o num gesto cheio de vida, capturando a ess\u00eancia vibrante do flamenco e a sua profunda liga\u00e7\u00e3o com a tradi\u00e7\u00e3o andaluza.<\/p>\n<p>Este souvenir \u00e9 uma maravilhosa recorda\u00e7\u00e3o da paix\u00e3o e da alegria que caracterizam o flamenco, uma manifesta\u00e7\u00e3o cultural inscrita na lista do Patrim\u00f3nio Cultural Imaterial da Humanidade. O seu design atraente e o cuidado nos detalhes, como a pintura do cabelo e a express\u00e3o radiante do seu rosto, tornam-na um excelente presente para turistas que desejam recordar a sua visita a Espanha. Na Ol\u00e9 Mosaic, somos especialistas na distribui\u00e7\u00e3o de souvenirs culturais por grosso e esta figura representa o legado art\u00edstico da Andaluzia, ideal para lojas de presentes tur\u00edsticos que procuram oferecer produtos aut\u00eanticos e significativos. Torne-se distribuidor desta bela figura de bailarina e ofere\u00e7a aos seus clientes uma representa\u00e7\u00e3o essencial do folclore espanhol.<\/p>\n","protected":false},"excerpt":{"rendered":"<p>Figura de 8 cm que representa uma bailarina de flamenco, elaborada com design artesanal e pintada \u00e0 m\u00e3o, em tons vermelhos e brancos. A figura destaca-se pelo seu elegante vestido de bolas que chega at\u00e9 ao ch\u00e3o, adornado com folhos que lhe conferem dinamismo. A bailarina segura um leque colorido numa m\u00e3o, enquanto levanta a outra com gra\u00e7a, capturando o esp\u00edrito vibrante da dan\u00e7a flamenca t\u00edpica da Andaluzia. Uma recorda\u00e7\u00e3o perfeita da cultura espanhola.<\/p>\n","protected":false},"featured_media":6130,"template":"","meta":{"_acf_changed":false},"product_brand":[],"product_cat":[552],"product_tag":[],"class_list":{"0":"post-27058","1":"product","2":"type-product","3":"status-publish","4":"has-post-thumbnail","6":"product_cat-numeros","7":"pa_motivo-dancarinos","9":"first","10":"instock","11":"shipping-taxable","12":"product-type-simple"},"acf":[],"_links":{"self":[{"href":"https:\/\/olemosaic.com\/pt-pt\/wp-json\/wp\/v2\/product\/27058","targetHints":{"allow":["GET"]}}],"collection":[{"href":"https:\/\/olemosaic.com\/pt-pt\/wp-json\/wp\/v2\/product"}],"about":[{"href":"https:\/\/olemosaic.com\/pt-pt\/wp-json\/wp\/v2\/types\/product"}],"wp:featuredmedia":[{"embeddable":true,"href":"https:\/\/olemosaic.com\/pt-pt\/wp-json\/wp\/v2\/media\/6130"}],"wp:attachment":[{"href":"https:\/\/olemosaic.com\/pt-pt\/wp-json\/wp\/v2\/media?parent=27058"}],"wp:term":[{"taxonomy":"product_brand","embeddable":true,"href":"https:\/\/olemosaic.com\/pt-pt\/wp-json\/wp\/v2\/product_brand?post=27058"},{"taxonomy":"product_cat","embeddable":true,"href":"https:\/\/olemosaic.com\/pt-pt\/wp-json\/wp\/v2\/product_cat?post=27058"},{"taxonomy":"product_tag","embeddable":true,"href":"https:\/\/olemosaic.com\/pt-pt\/wp-json\/wp\/v2\/product_tag?post=27058"}],"curies":[{"name":"wp","href":"https:\/\/api.w.org\/{rel}","templated":true}]}}