{"id":27056,"date":"2025-02-20T23:28:41","date_gmt":"2025-02-20T22:28:41","guid":{"rendered":"http:\/\/olemosaic.com\/producto\/bailaora-figura-de-resina-de-17-cm-pintada-a-mano\/"},"modified":"2025-07-25T18:48:50","modified_gmt":"2025-07-25T16:48:50","slug":"bailarina-flamenco-figura-resina-17-cm-pintada-a-mao","status":"publish","type":"product","link":"https:\/\/olemosaic.com\/pt-pt\/produto\/bailarina-flamenco-figura-resina-17-cm-pintada-a-mao\/","title":{"rendered":"Bailarina de Flamenco. Figura de mosaico de 17 cm."},"content":{"rendered":"<p>Esta figura de resina de 17 cm, com efeito pintado \u00e0 m\u00e3o, representa uma bailarina de flamenco, capturando a vibrante ess\u00eancia da arte andaluza. O design destaca-se pelo seu impressionante vestido em mosaico de cores brilhantes, que combina tons intensos de vermelho, azul, verde e amarelo, acentuados com detalhes de folhos que conferem eleg\u00e2ncia e movimento \u00e0 figura. A bailarina segura um leque com gra\u00e7a, um s\u00edmbolo ic\u00f3nico do flamenco, enquanto o seu penteado tradicional, adornado com flores, real\u00e7a a autenticidade cultural desta recorda\u00e7\u00e3o. Esta pe\u00e7a n\u00e3o \u00e9 apenas um objeto decorativo, mas evoca a paix\u00e3o, a energia e o orgulho do folclore espanhol, tornando-se um presente ideal para quem aprecia a dan\u00e7a flamenca.<\/p>\n<p>Como distribuidores de souvenirs, a Ol\u00e9 Mosaic oferece esta figura como uma op\u00e7\u00e3o excecional para lojas de presentes tur\u00edsticos, garantindo autenticidade e qualidade. Perfeita para quem procura uma recorda\u00e7\u00e3o representativa de Sevilha e da sua rica tradi\u00e7\u00e3o cultural, esta figura de bailarina n\u00e3o s\u00f3 embeleza qualquer espa\u00e7o, como tamb\u00e9m narra uma hist\u00f3ria de arte e paix\u00e3o tipicamente andaluza. Este souvenir \u00e9 imprescind\u00edvel para os amantes da cultura e da arte espanhola, transformando cada compra numa forma de levar um pedacinho da Andaluzia para casa.<\/p>\n","protected":false},"excerpt":{"rendered":"<p>Figura de 17 cm com design artesanal, pintada \u00e0 m\u00e3o, que representa uma bailarina de flamenco. Com um vibrante vestido de cores em mosaico e detalhes de folhos, esta pe\u00e7a captura a ess\u00eancia da arte andaluza. A bailarina segura um leque e exibe um penteado tradicional adornado com flores. Ideal para os amantes do folclore espanhol, este objeto art\u00edstico evoca a paix\u00e3o e o movimento da dan\u00e7a flamenca, oferecendo uma decora\u00e7\u00e3o \u00fanica e cultural.<\/p>\n","protected":false},"featured_media":6120,"template":"","meta":{"_acf_changed":false},"product_brand":[],"product_cat":[552],"product_tag":[],"class_list":{"0":"post-27056","1":"product","2":"type-product","3":"status-publish","4":"has-post-thumbnail","6":"product_cat-numeros","7":"pa_motivo-dancarinos","9":"first","10":"instock","11":"shipping-taxable","12":"product-type-simple"},"acf":[],"_links":{"self":[{"href":"https:\/\/olemosaic.com\/pt-pt\/wp-json\/wp\/v2\/product\/27056","targetHints":{"allow":["GET"]}}],"collection":[{"href":"https:\/\/olemosaic.com\/pt-pt\/wp-json\/wp\/v2\/product"}],"about":[{"href":"https:\/\/olemosaic.com\/pt-pt\/wp-json\/wp\/v2\/types\/product"}],"wp:featuredmedia":[{"embeddable":true,"href":"https:\/\/olemosaic.com\/pt-pt\/wp-json\/wp\/v2\/media\/6120"}],"wp:attachment":[{"href":"https:\/\/olemosaic.com\/pt-pt\/wp-json\/wp\/v2\/media?parent=27056"}],"wp:term":[{"taxonomy":"product_brand","embeddable":true,"href":"https:\/\/olemosaic.com\/pt-pt\/wp-json\/wp\/v2\/product_brand?post=27056"},{"taxonomy":"product_cat","embeddable":true,"href":"https:\/\/olemosaic.com\/pt-pt\/wp-json\/wp\/v2\/product_cat?post=27056"},{"taxonomy":"product_tag","embeddable":true,"href":"https:\/\/olemosaic.com\/pt-pt\/wp-json\/wp\/v2\/product_tag?post=27056"}],"curies":[{"name":"wp","href":"https:\/\/api.w.org\/{rel}","templated":true}]}}