{"id":27055,"date":"2025-02-20T23:28:41","date_gmt":"2025-02-20T22:28:41","guid":{"rendered":"http:\/\/olemosaic.com\/producto\/bailaora-figura-de-resina-de-10-cm-pintada-a-mano\/"},"modified":"2025-07-25T18:48:52","modified_gmt":"2025-07-25T16:48:52","slug":"bailarina-flamenco-figura-resina-10-cm-pintada-a-mao","status":"publish","type":"product","link":"https:\/\/olemosaic.com\/pt-pt\/produto\/bailarina-flamenco-figura-resina-10-cm-pintada-a-mao\/","title":{"rendered":"Bailarina de Flamenco. Figura de mosaico de 10 cm."},"content":{"rendered":"<p>Esta figura de resina de 10 cm representa uma bailarina de flamenco, um \u00edcone da cultura andaluza. Pintada \u00e0 m\u00e3o, cada detalhe revela a mestria artesanal empregada na sua cria\u00e7\u00e3o. A bailarina adota uma pose din\u00e2mica, com um leque na m\u00e3o, o que sugere o movimento e a paix\u00e3o do flamenco. O seu vestido de folhos, decorado com um vibrante mosaico de cores vermelho, verde, azul e amarelo, captura a ess\u00eancia do folclore andaluz.<\/p>\n<p>A caracteriza\u00e7\u00e3o da figura \u00e9 excecional, destacando n\u00e3o s\u00f3 o seu vestu\u00e1rio colorido, mas tamb\u00e9m os detalhes art\u00edsticos do seu rosto e m\u00e3os, que refletem a alegria e o esp\u00edrito da dan\u00e7a tradicional. Com o cabelo apanhado e flores na cabe\u00e7a, este souvenir \u00e9 uma representa\u00e7\u00e3o aut\u00eantica das bailarinas que encantam o p\u00fablico nas tabernas e festivais de Sevilha e outras cidades espanholas.<\/p>\n<p>Esta figura \u00e9 o souvenir perfeito para quem deseja levar um peda\u00e7o da cultura espanhola para casa. Na Ol\u00e9 Mosaic, como grossista de souvenirs, oferecemos produtos que celebram a rica heran\u00e7a cultural de Espanha. Esta bailarina de flamenco n\u00e3o \u00e9 apenas uma recorda\u00e7\u00e3o visual, mas tamb\u00e9m uma pe\u00e7a que evoca emo\u00e7\u00f5es e tradi\u00e7\u00f5es, tornando-se uma excelente ideia para turistas e lojas de presentes tur\u00edsticos que procuram oferecer artigos aut\u00eanticos e representativos da cultura espanhola.<\/p>\n","protected":false},"excerpt":{"rendered":"<p>Figura de 10 cm que representa uma bailarina de flamenco, design artesanal, pintada \u00e0 m\u00e3o, com cores vivas e detalhes art\u00edsticos. A figura mostra a bailarina numa pose din\u00e2mica, com um leque na m\u00e3o e um vestido de folhos com um design de mosaico. Os tons vibrantes em vermelho, verde, azul e amarelo capturam a ess\u00eancia do folclore andaluz, tornando-a uma bela recorda\u00e7\u00e3o da cultura espanhola.<\/p>\n","protected":false},"featured_media":6128,"template":"","meta":{"_acf_changed":false},"product_brand":[],"product_cat":[552],"product_tag":[],"class_list":{"0":"post-27055","1":"product","2":"type-product","3":"status-publish","4":"has-post-thumbnail","6":"product_cat-numeros","7":"pa_motivo-dancarinos","9":"first","10":"instock","11":"shipping-taxable","12":"product-type-simple"},"acf":[],"_links":{"self":[{"href":"https:\/\/olemosaic.com\/pt-pt\/wp-json\/wp\/v2\/product\/27055","targetHints":{"allow":["GET"]}}],"collection":[{"href":"https:\/\/olemosaic.com\/pt-pt\/wp-json\/wp\/v2\/product"}],"about":[{"href":"https:\/\/olemosaic.com\/pt-pt\/wp-json\/wp\/v2\/types\/product"}],"wp:featuredmedia":[{"embeddable":true,"href":"https:\/\/olemosaic.com\/pt-pt\/wp-json\/wp\/v2\/media\/6128"}],"wp:attachment":[{"href":"https:\/\/olemosaic.com\/pt-pt\/wp-json\/wp\/v2\/media?parent=27055"}],"wp:term":[{"taxonomy":"product_brand","embeddable":true,"href":"https:\/\/olemosaic.com\/pt-pt\/wp-json\/wp\/v2\/product_brand?post=27055"},{"taxonomy":"product_cat","embeddable":true,"href":"https:\/\/olemosaic.com\/pt-pt\/wp-json\/wp\/v2\/product_cat?post=27055"},{"taxonomy":"product_tag","embeddable":true,"href":"https:\/\/olemosaic.com\/pt-pt\/wp-json\/wp\/v2\/product_tag?post=27055"}],"curies":[{"name":"wp","href":"https:\/\/api.w.org\/{rel}","templated":true}]}}