{"id":27024,"date":"2025-02-20T23:28:39","date_gmt":"2025-02-20T22:28:39","guid":{"rendered":"http:\/\/olemosaic.com\/producto\/bulldog-figura-de-resina-de-7-cm-pintada-a-mano\/"},"modified":"2025-07-25T18:36:31","modified_gmt":"2025-07-25T16:36:31","slug":"bulldog-figura-de-resina-de-7-cm-pintada-a-mao","status":"publish","type":"product","link":"https:\/\/olemosaic.com\/pt-pt\/produto\/bulldog-figura-de-resina-de-7-cm-pintada-a-mao\/","title":{"rendered":"Bulldog. Figura de mosaico de 7 cm."},"content":{"rendered":"<p>Esta figura de bulldog de resina, com 7 cm de altura, \u00e9 uma recorda\u00e7\u00e3o encantadora que captura a ess\u00eancia l\u00fadica e colorida da cultura espanhola. Pintada \u00e0 m\u00e3o com uma vibrante paleta de cores, esta pe\u00e7a art\u00edstica apresenta um design de mosaico que combina tons azuis, vermelhos, verdes e amarelos, proporcionando uma energia alegre e acolhedora. A textura brilhante e os detalhes meticulosamente cuidados refletem a dedica\u00e7\u00e3o e o amor pela arte tradicional espanhola, o que a torna um presente ideal para amantes de c\u00e3es e para quem procura adicionar um toque vivaz \u00e0 sua decora\u00e7\u00e3o.<\/p>\n<p>Com a sua caracter\u00edstica forma de bulldog, esta recorda\u00e7\u00e3o n\u00e3o s\u00f3 se destaca pelo seu apelo visual, como tamb\u00e9m simboliza o calor e a personalidade da cultura espanhola, frequentemente associada \u00e0 alegria e \u00e0 sociabilidade. Este produto \u00e9 perfeito para quem deseja levar uma recorda\u00e7\u00e3o aut\u00eantica que represente a diversidade e a arte de Espanha.<\/p>\n<p>Como parte da oferta da Ol\u00e9 Mosaic, este bulldog de resina posiciona-se como uma excelente recorda\u00e7\u00e3o para lojas de presentes tur\u00edsticos que procuram produtos de qualidade, artesanato e relev\u00e2ncia cultural. \u00c9 uma op\u00e7\u00e3o ideal para quem procura recorda\u00e7\u00f5es de animais originais e coloridas. Com as nossas figuras de resina, garantimos autenticidade e encanto em cada detalhe, perfeitas para a distribui\u00e7\u00e3o por grosso.<\/p>\n","protected":false},"excerpt":{"rendered":"<p>Figura de bulldog de 7 cm, design artesanal, pintada \u00e0 m\u00e3o, com uma vibrante paleta de cores. Esta encantadora recorda\u00e7\u00e3o art\u00edstica representa um bulldog com um design de mosaico, combinando azuis, vermelhos, verdes e amarelos que irradiam alegria. A textura brilhante e os detalhes cuidados refletem o carinho e a arte tradicional espanhola, tornando-a uma pe\u00e7a perfeita para os amantes de c\u00e3es e para a decora\u00e7\u00e3o colorida.<\/p>\n","protected":false},"featured_media":11049,"template":"","meta":{"_acf_changed":false},"product_brand":[],"product_cat":[552],"product_tag":[516],"class_list":{"0":"post-27024","1":"product","2":"type-product","3":"status-publish","4":"has-post-thumbnail","6":"product_cat-numeros","7":"product_tag-animais","8":"pa_motivo-bulldogs","10":"first","11":"instock","12":"shipping-taxable","13":"product-type-simple"},"acf":[],"_links":{"self":[{"href":"https:\/\/olemosaic.com\/pt-pt\/wp-json\/wp\/v2\/product\/27024","targetHints":{"allow":["GET"]}}],"collection":[{"href":"https:\/\/olemosaic.com\/pt-pt\/wp-json\/wp\/v2\/product"}],"about":[{"href":"https:\/\/olemosaic.com\/pt-pt\/wp-json\/wp\/v2\/types\/product"}],"wp:featuredmedia":[{"embeddable":true,"href":"https:\/\/olemosaic.com\/pt-pt\/wp-json\/wp\/v2\/media\/11049"}],"wp:attachment":[{"href":"https:\/\/olemosaic.com\/pt-pt\/wp-json\/wp\/v2\/media?parent=27024"}],"wp:term":[{"taxonomy":"product_brand","embeddable":true,"href":"https:\/\/olemosaic.com\/pt-pt\/wp-json\/wp\/v2\/product_brand?post=27024"},{"taxonomy":"product_cat","embeddable":true,"href":"https:\/\/olemosaic.com\/pt-pt\/wp-json\/wp\/v2\/product_cat?post=27024"},{"taxonomy":"product_tag","embeddable":true,"href":"https:\/\/olemosaic.com\/pt-pt\/wp-json\/wp\/v2\/product_tag?post=27024"}],"curies":[{"name":"wp","href":"https:\/\/api.w.org\/{rel}","templated":true}]}}