{"id":27023,"date":"2025-02-20T23:28:39","date_gmt":"2025-02-20T22:28:39","guid":{"rendered":"http:\/\/olemosaic.com\/producto\/buho-figura-de-resina-de-10-cm-pintada-a-mano\/"},"modified":"2025-07-25T18:49:39","modified_gmt":"2025-07-25T16:49:39","slug":"coruja-figura-de-resina-de-10-cm-pintada-a-mao","status":"publish","type":"product","link":"https:\/\/olemosaic.com\/pt-pt\/produto\/coruja-figura-de-resina-de-10-cm-pintada-a-mao\/","title":{"rendered":"Coruja. Figura de mosaico de 10 cm."},"content":{"rendered":"<p>Esta figura de coruja de resina \u00e9 uma recorda\u00e7\u00e3o encantadora e vibrante que captura a magia da arte tradicional espanhola. Com uma altura de 10 cm, esta pe\u00e7a foi meticulosamente pintada \u00e0 m\u00e3o com efeito, o que garante que cada exemplar seja \u00fanico e distintivo. A coruja apresenta um elaborado design de mosaico com uma paleta de cores alegres e vivas, incluindo tons amarelos, azuis, verdes e vermelhos, que conferem um ar festivo e atraente a qualquer espa\u00e7o. Os seus grandes olhos redondos e a sua postura ereta d\u00e3o-lhe uma express\u00e3o am\u00e1vel que encantar\u00e1 quem a vir.<\/p>\n<p>Esta coruja n\u00e3o \u00e9 apenas um objeto decorativo, mas tamb\u00e9m um s\u00edmbolo de sabedoria e prote\u00e7\u00e3o em muitas culturas, o que a torna um excelente presente ou recorda\u00e7\u00e3o representativa da rica tradi\u00e7\u00e3o do folclore espanhol. O seu design art\u00edstico e colorido torna-a uma maravilhosa op\u00e7\u00e3o para os turistas que procuram recorda\u00e7\u00f5es aut\u00eanticas que reflitam a variedade e criatividade da cultura local.<\/p>\n<p>Na Ol\u00e9 Mosaic, dedicamo-nos \u00e0 distribui\u00e7\u00e3o de recorda\u00e7\u00f5es por grosso, oferecendo figuras de corujas perfeitas para lojas de presentes tur\u00edsticos. Se procura um produto que combine artesanato, autenticidade e um toque cultural, esta figura de coruja \u00e9 uma excelente escolha para atrair os seus clientes e enriquecer a sua experi\u00eancia no seu neg\u00f3cio.<\/p>\n","protected":false},"excerpt":{"rendered":"<p>Figura de coruja de 10 cm de altura, design artesanal, pintada \u00e0 m\u00e3o, e que captura a ess\u00eancia da arte tradicional. Esta encantadora coruja apresenta um design de mosaico com uma vibrante paleta de cores: amarelos, azuis, verdes e vermelhos, que conferem um toque alegre a qualquer decora\u00e7\u00e3o. Cada detalhe foi cuidadosamente elaborado, tornando-a uma atraente recorda\u00e7\u00e3o que reflete a riqueza do folclore e a criatividade.<\/p>\n","protected":false},"featured_media":6431,"template":"","meta":{"_acf_changed":false},"product_brand":[],"product_cat":[552],"product_tag":[516],"class_list":{"0":"post-27023","1":"product","2":"type-product","3":"status-publish","4":"has-post-thumbnail","6":"product_cat-numeros","7":"product_tag-animais","8":"pa_motivo-corujas","10":"first","11":"instock","12":"shipping-taxable","13":"product-type-simple"},"acf":[],"_links":{"self":[{"href":"https:\/\/olemosaic.com\/pt-pt\/wp-json\/wp\/v2\/product\/27023","targetHints":{"allow":["GET"]}}],"collection":[{"href":"https:\/\/olemosaic.com\/pt-pt\/wp-json\/wp\/v2\/product"}],"about":[{"href":"https:\/\/olemosaic.com\/pt-pt\/wp-json\/wp\/v2\/types\/product"}],"wp:featuredmedia":[{"embeddable":true,"href":"https:\/\/olemosaic.com\/pt-pt\/wp-json\/wp\/v2\/media\/6431"}],"wp:attachment":[{"href":"https:\/\/olemosaic.com\/pt-pt\/wp-json\/wp\/v2\/media?parent=27023"}],"wp:term":[{"taxonomy":"product_brand","embeddable":true,"href":"https:\/\/olemosaic.com\/pt-pt\/wp-json\/wp\/v2\/product_brand?post=27023"},{"taxonomy":"product_cat","embeddable":true,"href":"https:\/\/olemosaic.com\/pt-pt\/wp-json\/wp\/v2\/product_cat?post=27023"},{"taxonomy":"product_tag","embeddable":true,"href":"https:\/\/olemosaic.com\/pt-pt\/wp-json\/wp\/v2\/product_tag?post=27023"}],"curies":[{"name":"wp","href":"https:\/\/api.w.org\/{rel}","templated":true}]}}