{"id":27022,"date":"2025-02-20T23:28:39","date_gmt":"2025-02-20T22:28:39","guid":{"rendered":"http:\/\/olemosaic.com\/producto\/mug-de-ceramica-don-quijote-beige\/"},"modified":"2025-07-25T19:27:12","modified_gmt":"2025-07-25T17:27:12","slug":"caneca-de-ceramica-dom-quixote-bege-pt-pt","status":"publish","type":"product","link":"https:\/\/olemosaic.com\/pt-pt\/produto\/caneca-de-ceramica-dom-quixote-bege-pt-pt\/","title":{"rendered":"Caneca de cer\u00e2mica. Dom Quixote. Bege."},"content":{"rendered":"<p>Esta encantadora caneca de cer\u00e2mica, decorada com uma vibrante ilustra\u00e7\u00e3o de Dom Quixote e do seu fiel Rocinante, \u00e9 uma homenagem perfeita \u00e0 literatura espanhola e \u00e0 cultura de La Mancha. Com um design pintado \u00e0 m\u00e3o, a caneca destaca-se pelos seus tons bege, que proporcionam um fundo quente e acolhedor em contraste com os detalhes multicoloridos da cena. Dom Quixote, trajado com a sua armadura e lan\u00e7a, ergue-se numa paisagem de campos verdes com moinhos ao fundo, evocando a sua luta \u00e9pica contra eles e representando a loucura e nobreza do cavaleiro andante.<\/p>\n<p>O design n\u00e3o s\u00f3 cativa pela sua est\u00e9tica, como tamb\u00e9m inclui uma pequena colher que acrescenta funcionalidade \u00e0 pe\u00e7a, tornando esta caneca uma op\u00e7\u00e3o ideal para o pequeno-almo\u00e7o ou lanche. Esta recorda\u00e7\u00e3o \u00e9 um s\u00edmbolo aut\u00eantico da cultura espanhola, perfeito para quem deseja levar um pedacinho da sua hist\u00f3ria e tradi\u00e7\u00e3o. Na Ol\u00e9 Mosaic compreendemos a import\u00e2ncia de oferecer produtos que representem a diversidade cultural de Espanha; esta caneca de Dom Quixote \u00e9 um presente not\u00e1vel tanto para os amantes da literatura como para os turistas que procuram recorda\u00e7\u00f5es aut\u00eanticas e de qualidade. Como grossista de artigos t\u00edpicos, garantimos a autenticidade e o car\u00e1ter artesanal de cada pe\u00e7a, tornando esta caneca uma recorda\u00e7\u00e3o inigual\u00e1vel da sua viagem a La Mancha.<\/p>\n","protected":false},"excerpt":{"rendered":"<p>Caneca de cer\u00e2mica decorada com uma vibrante ilustra\u00e7\u00e3o de Dom Quixote e do seu fiel Rocinante nos ic\u00f3nicos campos de La Mancha. Com um design artesanal, pintado \u00e0 m\u00e3o, destaca-se pelas suas cores bege e detalhes multicoloridos que evocam a luta contra os moinhos. A caneca inclui uma colher, acrescentando um toque funcional. Perfeita para os amantes da literatura espanhola e uma recorda\u00e7\u00e3o \u00fanica da cultura ligada \u00e0 figura do cavaleiro andante.<\/p>\n","protected":false},"featured_media":6931,"template":"","meta":{"_acf_changed":false},"product_brand":[],"product_cat":[726],"product_tag":[516,515],"class_list":{"0":"post-27022","1":"product","2":"type-product","3":"status-publish","4":"has-post-thumbnail","6":"product_cat-mugs","7":"product_tag-animais","8":"product_tag-ceramica","9":"pa_motivo-dom-quixote","11":"first","12":"instock","13":"shipping-taxable","14":"product-type-simple"},"acf":[],"_links":{"self":[{"href":"https:\/\/olemosaic.com\/pt-pt\/wp-json\/wp\/v2\/product\/27022","targetHints":{"allow":["GET"]}}],"collection":[{"href":"https:\/\/olemosaic.com\/pt-pt\/wp-json\/wp\/v2\/product"}],"about":[{"href":"https:\/\/olemosaic.com\/pt-pt\/wp-json\/wp\/v2\/types\/product"}],"wp:featuredmedia":[{"embeddable":true,"href":"https:\/\/olemosaic.com\/pt-pt\/wp-json\/wp\/v2\/media\/6931"}],"wp:attachment":[{"href":"https:\/\/olemosaic.com\/pt-pt\/wp-json\/wp\/v2\/media?parent=27022"}],"wp:term":[{"taxonomy":"product_brand","embeddable":true,"href":"https:\/\/olemosaic.com\/pt-pt\/wp-json\/wp\/v2\/product_brand?post=27022"},{"taxonomy":"product_cat","embeddable":true,"href":"https:\/\/olemosaic.com\/pt-pt\/wp-json\/wp\/v2\/product_cat?post=27022"},{"taxonomy":"product_tag","embeddable":true,"href":"https:\/\/olemosaic.com\/pt-pt\/wp-json\/wp\/v2\/product_tag?post=27022"}],"curies":[{"name":"wp","href":"https:\/\/api.w.org\/{rel}","templated":true}]}}