{"id":27021,"date":"2025-02-20T23:28:39","date_gmt":"2025-02-20T22:28:39","guid":{"rendered":"http:\/\/olemosaic.com\/producto\/taza-de-ceramica-toro-sevilla-beige\/"},"modified":"2025-07-25T19:01:50","modified_gmt":"2025-07-25T17:01:50","slug":"chavena-de-ceramica-touro-sevilha-bege","status":"publish","type":"product","link":"https:\/\/olemosaic.com\/pt-pt\/produto\/chavena-de-ceramica-touro-sevilha-bege\/","title":{"rendered":"Ch\u00e1vena de cer\u00e2mica. Touro. Sevilha. Bege."},"content":{"rendered":"<p>Esta encantadora ch\u00e1vena de cer\u00e2mica decorativa \u00e9 uma homenagem \u00e0 vibrante cidade de Sevilha. Com um design impactante, apresenta no seu exterior um extraordin\u00e1rio touro estilizado, composto por mosaicos de cores que evocam movimento e for\u00e7a. Sobre um elegante fundo bege, a palavra &#8220;SEVILHA&#8221; destaca-se na parte superior, acompanhada por uma borda em tons vermelhos que acrescenta sofistica\u00e7\u00e3o. Ideal para desfrutar de um delicioso caf\u00e9 ou ch\u00e1, esta ch\u00e1vena inclui uma colher a condizer que complementa o seu design, com uma cor elegante na asa que real\u00e7a ainda mais o seu apelo visual.<\/p>\n<p>O acabamento da ch\u00e1vena foi realizado meticulosamente atrav\u00e9s de t\u00e9cnicas de pintura \u00e0 m\u00e3o, o que garante que cada pe\u00e7a seja \u00fanica e aut\u00eantica, refletindo a dedica\u00e7\u00e3o e o artesanato que caracterizam as recorda\u00e7\u00f5es de Sevilha. Esta recorda\u00e7\u00e3o n\u00e3o \u00e9 apenas um objeto funcional, mas tamb\u00e9m uma lembran\u00e7a significativa que captura a rica cultura andaluza, em particular a paix\u00e3o pela tauromaquia presente nas suas tradi\u00e7\u00f5es.<\/p>\n<p>Na Ol\u00e9 Mosaic, distribu\u00edmos recorda\u00e7\u00f5es por grosso e oferecemos uma vasta gama de produtos aut\u00eanticos que representam a ess\u00eancia de Espanha. Esta ch\u00e1vena de cer\u00e2mica n\u00e3o \u00e9 apenas um excelente produto para turistas que procuram recorda\u00e7\u00f5es de Sevilha, mas tamb\u00e9m uma adi\u00e7\u00e3o perfeita para lojas de presentes tur\u00edsticos que procuram artigos de qualidade que realcem a riqueza cultural da regi\u00e3o.<\/p>\n","protected":false},"excerpt":{"rendered":"<p>Ch\u00e1vena de cer\u00e2mica decorativa que presta homenagem a Sevilha, com um design vibrante de um touro em mosaico de cores. Sobre um fundo bege, ostenta a palavra &#8220;SEVILHA&#8221; na parte superior, emoldurada por uma borda vermelha com detalhes distintivos. A ch\u00e1vena inclui uma colher a condizer, com a asa de uma cor elegante, e \u00e9 acabada com t\u00e9cnicas de design artesanal, pintada \u00e0 m\u00e3o, o que a torna uma pe\u00e7a \u00fanica e aut\u00eantica. Ideal para desfrutar de uma deliciosa ch\u00e1vena de caf\u00e9 ou ch\u00e1 enquanto se aprecia a rica cultura andaluza.<\/p>\n","protected":false},"featured_media":6896,"template":"","meta":{"_acf_changed":false},"product_brand":[],"product_cat":[833],"product_tag":[516,515],"class_list":{"0":"post-27021","1":"product","2":"type-product","3":"status-publish","4":"has-post-thumbnail","6":"product_cat-canecas","7":"product_tag-animais","8":"product_tag-ceramica","9":"pa_ciudad-sevilla","10":"pa_motivo-touros","11":"pa_pais-espana","13":"first","14":"instock","15":"shipping-taxable","16":"product-type-simple"},"acf":[],"_links":{"self":[{"href":"https:\/\/olemosaic.com\/pt-pt\/wp-json\/wp\/v2\/product\/27021","targetHints":{"allow":["GET"]}}],"collection":[{"href":"https:\/\/olemosaic.com\/pt-pt\/wp-json\/wp\/v2\/product"}],"about":[{"href":"https:\/\/olemosaic.com\/pt-pt\/wp-json\/wp\/v2\/types\/product"}],"wp:featuredmedia":[{"embeddable":true,"href":"https:\/\/olemosaic.com\/pt-pt\/wp-json\/wp\/v2\/media\/6896"}],"wp:attachment":[{"href":"https:\/\/olemosaic.com\/pt-pt\/wp-json\/wp\/v2\/media?parent=27021"}],"wp:term":[{"taxonomy":"product_brand","embeddable":true,"href":"https:\/\/olemosaic.com\/pt-pt\/wp-json\/wp\/v2\/product_brand?post=27021"},{"taxonomy":"product_cat","embeddable":true,"href":"https:\/\/olemosaic.com\/pt-pt\/wp-json\/wp\/v2\/product_cat?post=27021"},{"taxonomy":"product_tag","embeddable":true,"href":"https:\/\/olemosaic.com\/pt-pt\/wp-json\/wp\/v2\/product_tag?post=27021"}],"curies":[{"name":"wp","href":"https:\/\/api.w.org\/{rel}","templated":true}]}}