{"id":27020,"date":"2025-02-20T23:28:39","date_gmt":"2025-02-20T22:28:39","guid":{"rendered":"http:\/\/olemosaic.com\/producto\/taza-de-ceramica-barcelona-azul\/"},"modified":"2025-07-25T19:14:03","modified_gmt":"2025-07-25T17:14:03","slug":"chavena-de-ceramica-barcelona-azul","status":"publish","type":"product","link":"https:\/\/olemosaic.com\/pt-pt\/produto\/chavena-de-ceramica-barcelona-azul\/","title":{"rendered":"Ch\u00e1vena de cer\u00e2mica. Barcelona. Azul."},"content":{"rendered":"<p>Esta encantadora ch\u00e1vena de cer\u00e2mica, decorada com ilustra\u00e7\u00f5es vibrantes, \u00e9 uma homenagem aos emblemas de Barcelona e oferece uma experi\u00eancia visual deslumbrante. O seu design colorido inclui representa\u00e7\u00f5es ic\u00f3nicas como a majestosa Sagrada Fam\u00edlia e o famoso drag\u00e3o do Parque G\u00fcell, com um atraente acabamento de mosaico que real\u00e7a a rica heran\u00e7a cultural da cidade. A brilhante paleta de cores da superf\u00edcie combina-se com um interior azul que real\u00e7a ainda mais a sua beleza, tornando-a uma pe\u00e7a que n\u00e3o s\u00f3 \u00e9 funcional, mas tamb\u00e9m uma declara\u00e7\u00e3o de arte.<\/p>\n<p>Ideal para os amantes de Barcelona, esta ch\u00e1vena \u00e9 a recorda\u00e7\u00e3o perfeita que encapsula a ess\u00eancia vibrante da cultura catal\u00e3 e o seu famoso legado arquitet\u00f3nico. Fabricada com esmero, cada ch\u00e1vena reflete a autenticidade e a tradi\u00e7\u00e3o que caracterizam a cidade. Na Ol\u00e9 Mosaic, como grossista de recorda\u00e7\u00f5es, oferecemos esta ch\u00e1vena de cer\u00e2mica na nossa variada sele\u00e7\u00e3o, perfeita para lojas de presentes tur\u00edsticos que procuram oferecer recorda\u00e7\u00f5es aut\u00eanticas e relevantes aos seus clientes. N\u00e3o \u00e9 apenas um utens\u00edlio de uso di\u00e1rio, mas tamb\u00e9m um pedacinho de Barcelona que os turistas querer\u00e3o levar como s\u00edmbolo da sua viagem.<\/p>\n","protected":false},"excerpt":{"rendered":"<p>Ch\u00e1vena de cer\u00e2mica decorada com ilustra\u00e7\u00f5es vibrantes de \u00edcones de Barcelona. Apresenta um design colorido que inclui elementos emblem\u00e1ticos como a Sagrada Fam\u00edlia e o famoso drag\u00e3o do Parque G\u00fcell, tudo com um atraente acabamento de mosaico. O seu interior azul real\u00e7a a paleta de cores brilhantes que adornam a superf\u00edcie. Ideal para os amantes da cidade, esta ch\u00e1vena combina funcionalidade e arte, tornando-se uma recorda\u00e7\u00e3o perfeita da cultura catal\u00e3.<\/p>\n","protected":false},"featured_media":12091,"template":"","meta":{"_acf_changed":false},"product_brand":[],"product_cat":[833],"product_tag":[515],"class_list":{"0":"post-27020","1":"product","2":"type-product","3":"status-publish","4":"has-post-thumbnail","6":"product_cat-canecas","7":"product_tag-ceramica","8":"pa_ciudad-barcelona","9":"pa_pais-espana","11":"first","12":"instock","13":"shipping-taxable","14":"product-type-simple"},"acf":[],"_links":{"self":[{"href":"https:\/\/olemosaic.com\/pt-pt\/wp-json\/wp\/v2\/product\/27020","targetHints":{"allow":["GET"]}}],"collection":[{"href":"https:\/\/olemosaic.com\/pt-pt\/wp-json\/wp\/v2\/product"}],"about":[{"href":"https:\/\/olemosaic.com\/pt-pt\/wp-json\/wp\/v2\/types\/product"}],"wp:featuredmedia":[{"embeddable":true,"href":"https:\/\/olemosaic.com\/pt-pt\/wp-json\/wp\/v2\/media\/12091"}],"wp:attachment":[{"href":"https:\/\/olemosaic.com\/pt-pt\/wp-json\/wp\/v2\/media?parent=27020"}],"wp:term":[{"taxonomy":"product_brand","embeddable":true,"href":"https:\/\/olemosaic.com\/pt-pt\/wp-json\/wp\/v2\/product_brand?post=27020"},{"taxonomy":"product_cat","embeddable":true,"href":"https:\/\/olemosaic.com\/pt-pt\/wp-json\/wp\/v2\/product_cat?post=27020"},{"taxonomy":"product_tag","embeddable":true,"href":"https:\/\/olemosaic.com\/pt-pt\/wp-json\/wp\/v2\/product_tag?post=27020"}],"curies":[{"name":"wp","href":"https:\/\/api.w.org\/{rel}","templated":true}]}}