{"id":27017,"date":"2025-02-20T23:28:38","date_gmt":"2025-02-20T22:28:38","guid":{"rendered":"http:\/\/olemosaic.com\/producto\/taza-de-ceramica-panoramica-sevilla-beige\/"},"modified":"2025-07-25T18:40:46","modified_gmt":"2025-07-25T16:40:46","slug":"caneca-de-ceramica-panoramica-sevilha-bege","status":"publish","type":"product","link":"https:\/\/olemosaic.com\/pt-pt\/produto\/caneca-de-ceramica-panoramica-sevilha-bege\/","title":{"rendered":"Caneca de cer\u00e2mica. Panor\u00e2mica. Sevilha. Bege."},"content":{"rendered":"<p>Esta encantadora caneca de cer\u00e2mica com uma panor\u00e2mica de Sevilha \u00e9 o souvenir perfeito para levar um peda\u00e7o da Andaluzia para casa. O seu design vibrante apresenta ilustra\u00e7\u00f5es detalhadas dos monumentos mais emblem\u00e1ticos da cidade, como a majestosa Giralda e a ic\u00f3nica Plaza de Espa\u00f1a, tudo num estilo pintado \u00e0 m\u00e3o que real\u00e7a as cores quentes da regi\u00e3o andaluza. A caneca, com um acabamento bege que contrasta harmoniosamente com o colorido do design, conta com uma asa dispon\u00edvel em v\u00e1rias cores vivas, o que lhe confere um toque alegre e moderno, ideal para satisfazer os gostos mais variados.<\/p>\n<p>Este produto n\u00e3o \u00e9 apenas funcional, mas tamb\u00e9m serve como um lembrete da rica hist\u00f3ria e cultura de Sevilha. Cada gole da sua bebida favorita torna-se uma viagem visual atrav\u00e9s da arquitetura e do ambiente vibrante desta cidade hist\u00f3rica. Na Ol\u00e9 Mosaic, distribuidores de souvenirs aut\u00eanticos, esta caneca de cer\u00e2mica posiciona-se como uma excelente op\u00e7\u00e3o para as lojas de presentes tur\u00edsticos que procuram oferecer produtos de qualidade e liga\u00e7\u00e3o cultural. Ideal para quem deseja um souvenir que encapsule a ess\u00eancia de Sevilha, esta caneca \u00e9 uma op\u00e7\u00e3o rom\u00e2ntica e pr\u00e1tica para os turistas que procuram recorda\u00e7\u00f5es representativas da sua visita.<\/p>\n","protected":false},"excerpt":{"rendered":"<p>Caneca de cer\u00e2mica com uma encantadora panor\u00e2mica de Sevilha, dispon\u00edvel em v\u00e1rias cores vibrantes. O design inclui ilustra\u00e7\u00f5es detalhadas de monumentos emblem\u00e1ticos da cidade, como a Giralda e a Plaza de Espa\u00f1a, num estilo de design artesanal, pintado \u00e0 m\u00e3o, que real\u00e7a as cores quentes da regi\u00e3o. A caneca, com um acabamento em cor creme e uma asa colorida, \u00e9 ideal para desfrutar das suas bebidas favoritas transportando-o ao cora\u00e7\u00e3o da Andaluzia.<\/p>\n","protected":false},"featured_media":7009,"template":"","meta":{"_acf_changed":false},"product_brand":[],"product_cat":[833],"product_tag":[515],"class_list":{"0":"post-27017","1":"product","2":"type-product","3":"status-publish","4":"has-post-thumbnail","6":"product_cat-canecas","7":"product_tag-ceramica","8":"pa_ciudad-sevilla","9":"pa_motivo-panoramas","10":"pa_pais-espana","12":"first","13":"instock","14":"shipping-taxable","15":"product-type-simple"},"acf":[],"_links":{"self":[{"href":"https:\/\/olemosaic.com\/pt-pt\/wp-json\/wp\/v2\/product\/27017","targetHints":{"allow":["GET"]}}],"collection":[{"href":"https:\/\/olemosaic.com\/pt-pt\/wp-json\/wp\/v2\/product"}],"about":[{"href":"https:\/\/olemosaic.com\/pt-pt\/wp-json\/wp\/v2\/types\/product"}],"wp:featuredmedia":[{"embeddable":true,"href":"https:\/\/olemosaic.com\/pt-pt\/wp-json\/wp\/v2\/media\/7009"}],"wp:attachment":[{"href":"https:\/\/olemosaic.com\/pt-pt\/wp-json\/wp\/v2\/media?parent=27017"}],"wp:term":[{"taxonomy":"product_brand","embeddable":true,"href":"https:\/\/olemosaic.com\/pt-pt\/wp-json\/wp\/v2\/product_brand?post=27017"},{"taxonomy":"product_cat","embeddable":true,"href":"https:\/\/olemosaic.com\/pt-pt\/wp-json\/wp\/v2\/product_cat?post=27017"},{"taxonomy":"product_tag","embeddable":true,"href":"https:\/\/olemosaic.com\/pt-pt\/wp-json\/wp\/v2\/product_tag?post=27017"}],"curies":[{"name":"wp","href":"https:\/\/api.w.org\/{rel}","templated":true}]}}