{"id":27016,"date":"2025-02-20T22:28:38","date_gmt":"2025-02-20T22:28:38","guid":{"rendered":"http:\/\/olemosaic.com\/producto\/taza-de-ceramica-don-quijote-beige\/"},"modified":"2025-07-25T18:38:30","modified_gmt":"2025-07-25T16:38:30","slug":"caneca-de-ceramica-dom-quixote-bege","status":"publish","type":"product","link":"https:\/\/olemosaic.com\/pt-pt\/produto\/caneca-de-ceramica-dom-quixote-bege\/","title":{"rendered":"Caneca de cer\u00e2mica. Dom Quixote. Bege."},"content":{"rendered":"<p>Esta encantadora caneca de cer\u00e2mica capta a ess\u00eancia do cl\u00e1ssico liter\u00e1rio espanhol atrav\u00e9s da emblem\u00e1tica figura de Dom Quixote, e apresenta um design vibrante que a torna o souvenir ideal. Com uma atraente cor bege, a caneca \u00e9 adornada com cenas coloridas que ilustram Dom Quixote montado no seu fiel cavalo numa emocionante aventura junto a moinhos de vento, s\u00edmbolos inconfund\u00edveis da sua \u00e9pica luta contra os gigantes da sua imagina\u00e7\u00e3o. Na parte superior, o texto \u00abEspa\u00f1a\u00bb, acompanhado por um sol radiante, acrescenta um toque cultural que refor\u00e7a a sua autenticidade.<\/p>\n<p>A caneca, tanto funcional como art\u00edstica, conta com uma asa de cores vibrantes que, al\u00e9m de ser confort\u00e1vel, incorpora um elemento decorativo adicional que a distingue. Perfeita para desfrutar das suas bebidas favoritas, esta pe\u00e7a n\u00e3o \u00e9 apenas um utens\u00edlio pr\u00e1tico, mas tamb\u00e9m uma recorda\u00e7\u00e3o significativa que celebra a rica heran\u00e7a liter\u00e1ria de Espanha.<\/p>\n<p>Na Ol\u00e9 Mosaic, especializamo-nos na distribui\u00e7\u00e3o de souvenirs por grosso, oferecendo produtos que refletem a cultura espanhola. Esta caneca de Dom Quixote \u00e9 um excelente presente para lojas de recorda\u00e7\u00f5es tur\u00edsticas que procuram levar autenticidade e encanto aos seus clientes. Um souvenir que simboliza a ess\u00eancia de Espanha e da sua literatura, e que encantar\u00e1 qualquer visitante.<\/p>\n","protected":false},"excerpt":{"rendered":"<p>Caneca de cer\u00e2mica decorada com cenas da ic\u00f3nica personagem Dom Quixote, uma representa\u00e7\u00e3o emblem\u00e1tica da literatura espanhola. O design inclui ilustra\u00e7\u00f5es coloridas de Dom Quixote montado a cavalo e a lutar contra moinhos, rodeado de elementos simb\u00f3licos como o sol e a palavra &#8220;Espa\u00f1a&#8221; na parte superior. A caneca, de uma atraente cor bege, tem uma asa em cores vibrantes, combinando funcionalidade e um toque art\u00edstico ideal para desfrutar das suas bebidas favoritas.<\/p>\n","protected":false},"featured_media":6941,"template":"","meta":{"_acf_changed":false},"product_brand":[],"product_cat":[833],"product_tag":[516,515],"class_list":{"0":"post-27016","1":"product","2":"type-product","3":"status-publish","4":"has-post-thumbnail","6":"product_cat-canecas","7":"product_tag-animais","8":"product_tag-ceramica","9":"pa_motivo-dom-quixote","11":"first","12":"instock","13":"shipping-taxable","14":"product-type-simple"},"acf":[],"_links":{"self":[{"href":"https:\/\/olemosaic.com\/pt-pt\/wp-json\/wp\/v2\/product\/27016","targetHints":{"allow":["GET"]}}],"collection":[{"href":"https:\/\/olemosaic.com\/pt-pt\/wp-json\/wp\/v2\/product"}],"about":[{"href":"https:\/\/olemosaic.com\/pt-pt\/wp-json\/wp\/v2\/types\/product"}],"wp:featuredmedia":[{"embeddable":true,"href":"https:\/\/olemosaic.com\/pt-pt\/wp-json\/wp\/v2\/media\/6941"}],"wp:attachment":[{"href":"https:\/\/olemosaic.com\/pt-pt\/wp-json\/wp\/v2\/media?parent=27016"}],"wp:term":[{"taxonomy":"product_brand","embeddable":true,"href":"https:\/\/olemosaic.com\/pt-pt\/wp-json\/wp\/v2\/product_brand?post=27016"},{"taxonomy":"product_cat","embeddable":true,"href":"https:\/\/olemosaic.com\/pt-pt\/wp-json\/wp\/v2\/product_cat?post=27016"},{"taxonomy":"product_tag","embeddable":true,"href":"https:\/\/olemosaic.com\/pt-pt\/wp-json\/wp\/v2\/product_tag?post=27016"}],"curies":[{"name":"wp","href":"https:\/\/api.w.org\/{rel}","templated":true}]}}