{"id":27015,"date":"2025-02-20T23:28:38","date_gmt":"2025-02-20T22:28:38","guid":{"rendered":"http:\/\/olemosaic.com\/producto\/elefante-figura-de-resina-de-75-cm-pintada-a-mano\/"},"modified":"2025-07-25T18:33:59","modified_gmt":"2025-07-25T16:33:59","slug":"elefante-figura-de-mosaico-de-7-5-cm","status":"publish","type":"product","link":"https:\/\/olemosaic.com\/pt-pt\/produto\/elefante-figura-de-mosaico-de-7-5-cm\/","title":{"rendered":"Elefante. Figura de mosaico de 7,5 cm."},"content":{"rendered":"<p>Esta encantadora figura de elefante em resina, de 7,5 cm, com efeito pintado \u00e0 m\u00e3o, destaca-se pelo seu vibrante design em mosaico, que capta a ess\u00eancia do folclore espanhol. A figura apresenta uma maravilhosa mistura de cores, como azul, vermelho, amarelo e verde, dispostas num padr\u00e3o de mosaico que evoca paisagens e artesanato tradicionais. Cada detalhe, meticulosamente elaborado, reflete a mestria artesanal, o que a torna um objeto ideal para adornar qualquer espa\u00e7o, seja no lar ou num ambiente comercial.<\/p>\n<p>Esta pe\u00e7a n\u00e3o s\u00f3 \u00e9 um atrativo visual, como tamb\u00e9m simboliza a riqueza cultural e o amor pela natureza presentes na tradi\u00e7\u00e3o espanhola. Os elefantes, frequentemente associados \u00e0 sabedoria e \u00e0 boa sorte, acrescentam um significado adicional a esta recorda\u00e7\u00e3o, tornando-a um presente perfeito para quem procura uma lembran\u00e7a aut\u00eantica da sua visita. Na Ol\u00e9 Mosaic, oferecemos esta figura de elefante como parte da nossa cole\u00e7\u00e3o de recorda\u00e7\u00f5es \u00fanicas, ideais para lojas de presentes tur\u00edsticos que desejem oferecer produtos que se destaquem pela sua autenticidade e liga\u00e7\u00e3o cultural. Esta figura de elefante \u00e9 uma excelente op\u00e7\u00e3o para quem procura recorda\u00e7\u00f5es de resina que sejam belas e representativas da riqueza cultural de Espanha.<\/p>\n","protected":false},"excerpt":{"rendered":"<p>Figura de elefante de 7,5 cm, design artesanal, pintado \u00e0 m\u00e3o, com um design vibrante de mosaico. Esta encantadora figura apresenta uma mistura de cores como azul, vermelho, amarelo e verde, criando um atrativo visual que evoca o folclore espanhol. Perfeita para decorar qualquer espa\u00e7o, a sua detalhada mestria real\u00e7a a beleza deste animal num estilo art\u00edstico \u00fanico, ideal como recorda\u00e7\u00e3o representativa da cultura.<\/p>\n","protected":false},"featured_media":13795,"template":"","meta":{"_acf_changed":false},"product_brand":[],"product_cat":[552],"product_tag":[516],"class_list":{"0":"post-27015","1":"product","2":"type-product","3":"status-publish","4":"has-post-thumbnail","6":"product_cat-numeros","7":"product_tag-animais","8":"pa_motivo-elefantes","10":"first","11":"instock","12":"shipping-taxable","13":"product-type-simple"},"acf":[],"_links":{"self":[{"href":"https:\/\/olemosaic.com\/pt-pt\/wp-json\/wp\/v2\/product\/27015","targetHints":{"allow":["GET"]}}],"collection":[{"href":"https:\/\/olemosaic.com\/pt-pt\/wp-json\/wp\/v2\/product"}],"about":[{"href":"https:\/\/olemosaic.com\/pt-pt\/wp-json\/wp\/v2\/types\/product"}],"wp:featuredmedia":[{"embeddable":true,"href":"https:\/\/olemosaic.com\/pt-pt\/wp-json\/wp\/v2\/media\/13795"}],"wp:attachment":[{"href":"https:\/\/olemosaic.com\/pt-pt\/wp-json\/wp\/v2\/media?parent=27015"}],"wp:term":[{"taxonomy":"product_brand","embeddable":true,"href":"https:\/\/olemosaic.com\/pt-pt\/wp-json\/wp\/v2\/product_brand?post=27015"},{"taxonomy":"product_cat","embeddable":true,"href":"https:\/\/olemosaic.com\/pt-pt\/wp-json\/wp\/v2\/product_cat?post=27015"},{"taxonomy":"product_tag","embeddable":true,"href":"https:\/\/olemosaic.com\/pt-pt\/wp-json\/wp\/v2\/product_tag?post=27015"}],"curies":[{"name":"wp","href":"https:\/\/api.w.org\/{rel}","templated":true}]}}