{"id":26999,"date":"2025-02-20T22:28:38","date_gmt":"2025-02-20T22:28:38","guid":{"rendered":"http:\/\/olemosaic.com\/producto\/bola-de-navidad-con-caja-panoramica-madrid\/"},"modified":"2025-07-25T20:31:40","modified_gmt":"2025-07-25T18:31:40","slug":"bola-de-natal-com-caixa-panoramica-madrid","status":"publish","type":"product","link":"https:\/\/olemosaic.com\/pt-pt\/produto\/bola-de-natal-com-caixa-panoramica-madrid\/","title":{"rendered":"Bola de Natal com caixa. Panor\u00e2mica. Madrid."},"content":{"rendered":"<p>Esta encantadora bola de Natal panor\u00e2mica de Madrid \u00e9 um requintado adorno de cer\u00e2mica que celebra a ess\u00eancia da capital espanhola. Desenhada com uma representa\u00e7\u00e3o colorida, esta recorda\u00e7\u00e3o capta a magia e o dinamismo de Madrid atrav\u00e9s de ilustra\u00e7\u00f5es vibrantes de monumentos ic\u00f3nicos, como a majestosa Puerta de Alcal\u00e1 e o emblem\u00e1tico Palacio de Cibeles. Atrai o olhar com a sua deslumbrante paleta de cores e um estilo que evoca o famoso trencad\u00eds, uma t\u00e9cnica de mosaico t\u00edpica da arquitetura modernista espanhola.<\/p>\n<p>Apresentada numa elegante caixa, esta bola n\u00e3o \u00e9 apenas um elemento decorativo, mas uma recorda\u00e7\u00e3o cultural significativa que encapsula a hist\u00f3ria e a arquitetura de Madrid. \u00c9 ideal para turistas que procuram recorda\u00e7\u00f5es aut\u00eanticas que representem a diversidade cultural da cidade, tornando-a um presente perfeito para a \u00e9poca natal\u00edcia.<\/p>\n<p>Na Ol\u00e9 Mosaic dedicamo-nos \u00e0 distribui\u00e7\u00e3o de recorda\u00e7\u00f5es por grosso, e esta bola de Natal \u00e9 um exemplo excecional do nosso compromisso com a qualidade e o artesanato. Ao escolher esta pe\u00e7a \u00fanica, as lojas de presentes tur\u00edsticos podem oferecer aos seus clientes uma recorda\u00e7\u00e3o aut\u00eantica e representativa de Madrid, ideal para adornar qualquer lar durante as festas.<\/p>\n","protected":false},"excerpt":{"rendered":"<p>Bola de Natal panor\u00e2mica, desenhada com uma colorida representa\u00e7\u00e3o de Madrid. Este encantador adorno de cer\u00e2mica est\u00e1 decorado com ilustra\u00e7\u00f5es de emblem\u00e1ticos monumentos madrilenos, como a Puerta de Alcal\u00e1 e o Palacio de Cibeles, plasmados numa vibrante paleta de cores e num estilo que evoca o trencad\u00eds. Apresentada numa elegante caixa, \u00e9 o presente perfeito para adicionar um toque festivo e cultural \u00e0 decora\u00e7\u00e3o natal\u00edcia.<\/p>\n","protected":false},"featured_media":9854,"template":"","meta":{"_acf_changed":false},"product_brand":[],"product_cat":[652],"product_tag":[642],"class_list":{"0":"post-26999","1":"product","2":"type-product","3":"status-publish","4":"has-post-thumbnail","6":"product_cat-bolas-de-natal","7":"product_tag-natal","8":"pa_ciudad-madrid","9":"pa_motivo-panoramas","10":"pa_pais-espana","12":"first","13":"instock","14":"shipping-taxable","15":"product-type-simple"},"acf":[],"_links":{"self":[{"href":"https:\/\/olemosaic.com\/pt-pt\/wp-json\/wp\/v2\/product\/26999","targetHints":{"allow":["GET"]}}],"collection":[{"href":"https:\/\/olemosaic.com\/pt-pt\/wp-json\/wp\/v2\/product"}],"about":[{"href":"https:\/\/olemosaic.com\/pt-pt\/wp-json\/wp\/v2\/types\/product"}],"wp:featuredmedia":[{"embeddable":true,"href":"https:\/\/olemosaic.com\/pt-pt\/wp-json\/wp\/v2\/media\/9854"}],"wp:attachment":[{"href":"https:\/\/olemosaic.com\/pt-pt\/wp-json\/wp\/v2\/media?parent=26999"}],"wp:term":[{"taxonomy":"product_brand","embeddable":true,"href":"https:\/\/olemosaic.com\/pt-pt\/wp-json\/wp\/v2\/product_brand?post=26999"},{"taxonomy":"product_cat","embeddable":true,"href":"https:\/\/olemosaic.com\/pt-pt\/wp-json\/wp\/v2\/product_cat?post=26999"},{"taxonomy":"product_tag","embeddable":true,"href":"https:\/\/olemosaic.com\/pt-pt\/wp-json\/wp\/v2\/product_tag?post=26999"}],"curies":[{"name":"wp","href":"https:\/\/api.w.org\/{rel}","templated":true}]}}