{"id":26998,"date":"2025-02-20T22:28:38","date_gmt":"2025-02-20T22:28:38","guid":{"rendered":"http:\/\/olemosaic.com\/producto\/bola-de-navidad-con-caja-buhos-lanzarote\/"},"modified":"2025-07-25T18:36:20","modified_gmt":"2025-07-25T16:36:20","slug":"bola-de-natal-com-caixa-corujas-lanzarote","status":"publish","type":"product","link":"https:\/\/olemosaic.com\/pt-pt\/produto\/bola-de-natal-com-caixa-corujas-lanzarote\/","title":{"rendered":"Bola de Natal com caixa. Corujas. Lanzarote."},"content":{"rendered":"<p>Esta encantadora bola de Natal decorativa \u00e9 uma recorda\u00e7\u00e3o excecional de Lanzarote, desenhada em cer\u00e2mica com um padr\u00e3o vibrante e colorido que presta homenagem \u00e0 arte do mosaico t\u00edpico da ilha. No centro, destaca-se uma coruja pintada com intrincados detalhes e cores vivas, como o amarelo, o verde e o vermelho, que retrata n\u00e3o s\u00f3 a beleza da fauna can\u00e1ria, mas tamb\u00e9m a rica tradi\u00e7\u00e3o art\u00edstica de Lanzarote. A figura da coruja pousa sobre um ramo, evocando a liga\u00e7\u00e3o com a natureza que caracteriza este territ\u00f3rio vulc\u00e2nico. A bola inclui a palavra &#8220;ROTE&#8221; na sua base, acrescentando um toque pessoal e atraente.<\/p>\n<p>Enquadrada numa elegante caixa, esta bola \u00e9 perfeita n\u00e3o s\u00f3 como adorno para a \u00e1rvore de Natal, mas tamb\u00e9m como uma recorda\u00e7\u00e3o significativa das tradi\u00e7\u00f5es natal\u00edcias nas Can\u00e1rias. A Ol\u00e9 Mosaic orgulha-se de oferecer produtos que celebram a cultura local, e esta bola de Natal \u00e9 um excelente exemplo de como as recorda\u00e7\u00f5es podem captar a ess\u00eancia de um lugar. Ideal para lojas de presentes tur\u00edsticos, esta pe\u00e7a \u00fanica n\u00e3o s\u00f3 atrair\u00e1 a aten\u00e7\u00e3o dos turistas, como tamb\u00e9m servir\u00e1 como uma lembran\u00e7a duradoura da sua visita a Lanzarote, tornando-se um tesouro apreciado durante muitos anos.<\/p>\n","protected":false},"excerpt":{"rendered":"<p>Bola de Natal decorativa elaborada em cer\u00e2mica, com um design colorido de uma coruja inspirado na arte do mosaico t\u00edpico de Lanzarote. Esta bola, que inclui uma elegante caixa, mostra uma coruja com cores e texturas muito detalhadas, acompanhada pelo nome &#8220;ROTE&#8221; na sua base. O seu design art\u00edstico e alegre torna-a uma recorda\u00e7\u00e3o perfeita das tradi\u00e7\u00f5es natal\u00edcias can\u00e1rias, ideal para adornar a \u00e1rvore de Natal.<\/p>\n","protected":false},"featured_media":13794,"template":"","meta":{"_acf_changed":false},"product_brand":[],"product_cat":[652],"product_tag":[516,642],"class_list":{"0":"post-26998","1":"product","2":"type-product","3":"status-publish","4":"has-post-thumbnail","6":"product_cat-bolas-de-natal","7":"product_tag-animais","8":"product_tag-natal","9":"pa_ciudad-lanzarote","10":"pa_motivo-corujas","11":"pa_pais-espana","13":"first","14":"instock","15":"shipping-taxable","16":"product-type-simple"},"acf":[],"_links":{"self":[{"href":"https:\/\/olemosaic.com\/pt-pt\/wp-json\/wp\/v2\/product\/26998","targetHints":{"allow":["GET"]}}],"collection":[{"href":"https:\/\/olemosaic.com\/pt-pt\/wp-json\/wp\/v2\/product"}],"about":[{"href":"https:\/\/olemosaic.com\/pt-pt\/wp-json\/wp\/v2\/types\/product"}],"wp:featuredmedia":[{"embeddable":true,"href":"https:\/\/olemosaic.com\/pt-pt\/wp-json\/wp\/v2\/media\/13794"}],"wp:attachment":[{"href":"https:\/\/olemosaic.com\/pt-pt\/wp-json\/wp\/v2\/media?parent=26998"}],"wp:term":[{"taxonomy":"product_brand","embeddable":true,"href":"https:\/\/olemosaic.com\/pt-pt\/wp-json\/wp\/v2\/product_brand?post=26998"},{"taxonomy":"product_cat","embeddable":true,"href":"https:\/\/olemosaic.com\/pt-pt\/wp-json\/wp\/v2\/product_cat?post=26998"},{"taxonomy":"product_tag","embeddable":true,"href":"https:\/\/olemosaic.com\/pt-pt\/wp-json\/wp\/v2\/product_tag?post=26998"}],"curies":[{"name":"wp","href":"https:\/\/api.w.org\/{rel}","templated":true}]}}