{"id":26997,"date":"2025-02-20T22:28:38","date_gmt":"2025-02-20T22:28:38","guid":{"rendered":"http:\/\/olemosaic.com\/producto\/taza-de-ceramica-toro-madrid-beige\/"},"modified":"2025-07-25T19:44:36","modified_gmt":"2025-07-25T17:44:36","slug":"caneca-de-ceramica-touro-madrid-bege","status":"publish","type":"product","link":"https:\/\/olemosaic.com\/pt-pt\/produto\/caneca-de-ceramica-touro-madrid-bege\/","title":{"rendered":"Caneca de cer\u00e2mica. Touro. Madrid. Bege."},"content":{"rendered":"<p>Esta elegante caneca de cer\u00e2mica \u00e9 uma recorda\u00e7\u00e3o emblem\u00e1tica que capta a ess\u00eancia de Madrid com o seu design vibrante de um touro, s\u00edmbolo ic\u00f3nico da cultura espanhola. O seu acabamento num tom bege quente real\u00e7a na perfei\u00e7\u00e3o o atraente padr\u00e3o em mosaico que adorna cada lado da caneca, uma homenagem \u00e0 rica tradi\u00e7\u00e3o art\u00edstica da regi\u00e3o. A figura do touro, apresentada com um colorido entrela\u00e7ado que evoca o vitral, ergue-se majestosa sobre um fundo vermelho que simboliza a paix\u00e3o e a energia da capital espanhola. A palavra &#8220;MADRID&#8221; est\u00e1 impressa em letras vibrantes, acrescentando um toque alegre e moderno ao design.<\/p>\n<p>Al\u00e9m da sua est\u00e9tica, esta caneca conta com uma asa colorida que, al\u00e9m de conferir um elemento contempor\u00e2neo, garante uma ader\u00eancia confort\u00e1vel para desfrutar das suas bebidas favoritas. Esta recorda\u00e7\u00e3o de Madrid n\u00e3o \u00e9 apenas um objeto funcional, mas uma aut\u00eantica lembran\u00e7a da cultura espanhola, perfeita para quem procura levar uma pe\u00e7a da vibrante vida madrilena. Na Ol\u00e9 Mosaic, somos especialistas na distribui\u00e7\u00e3o de recorda\u00e7\u00f5es por grosso e esta caneca de cer\u00e2mica \u00e9 uma excelente op\u00e7\u00e3o para lojas de presentes tur\u00edsticos que desejem oferecer produtos de qualidade, \u00fanicos e representativos da riqueza cultural de Espanha.<\/p>\n","protected":false},"excerpt":{"rendered":"<p>Caneca de cer\u00e2mica elegante com um design colorido de um touro, s\u00edmbolo emblem\u00e1tico de Madrid. Este produto, de acabamento bege, apresenta um atraente padr\u00e3o em mosaico que se destaca em ambos os lados, acompanhado pela palavra &#8220;MADRID&#8221; impressa em letras vibrantes. A caneca, com uma asa colorida, acrescenta um toque moderno e funcionalidade, perfeita para desfrutar das suas bebidas favoritas enquanto recorda a ess\u00eancia da cultura espanhola.<\/p>\n","protected":false},"featured_media":6905,"template":"","meta":{"_acf_changed":false},"product_brand":[],"product_cat":[833],"product_tag":[516,515],"class_list":{"0":"post-26997","1":"product","2":"type-product","3":"status-publish","4":"has-post-thumbnail","6":"product_cat-canecas","7":"product_tag-animais","8":"product_tag-ceramica","9":"pa_ciudad-madrid","10":"pa_motivo-touros","11":"pa_pais-espana","13":"first","14":"instock","15":"shipping-taxable","16":"product-type-simple"},"acf":[],"_links":{"self":[{"href":"https:\/\/olemosaic.com\/pt-pt\/wp-json\/wp\/v2\/product\/26997","targetHints":{"allow":["GET"]}}],"collection":[{"href":"https:\/\/olemosaic.com\/pt-pt\/wp-json\/wp\/v2\/product"}],"about":[{"href":"https:\/\/olemosaic.com\/pt-pt\/wp-json\/wp\/v2\/types\/product"}],"wp:featuredmedia":[{"embeddable":true,"href":"https:\/\/olemosaic.com\/pt-pt\/wp-json\/wp\/v2\/media\/6905"}],"wp:attachment":[{"href":"https:\/\/olemosaic.com\/pt-pt\/wp-json\/wp\/v2\/media?parent=26997"}],"wp:term":[{"taxonomy":"product_brand","embeddable":true,"href":"https:\/\/olemosaic.com\/pt-pt\/wp-json\/wp\/v2\/product_brand?post=26997"},{"taxonomy":"product_cat","embeddable":true,"href":"https:\/\/olemosaic.com\/pt-pt\/wp-json\/wp\/v2\/product_cat?post=26997"},{"taxonomy":"product_tag","embeddable":true,"href":"https:\/\/olemosaic.com\/pt-pt\/wp-json\/wp\/v2\/product_tag?post=26997"}],"curies":[{"name":"wp","href":"https:\/\/api.w.org\/{rel}","templated":true}]}}