{"id":26996,"date":"2025-02-20T22:28:38","date_gmt":"2025-02-20T22:28:38","guid":{"rendered":"http:\/\/olemosaic.com\/producto\/taza-de-ceramica-mosaico-barcelona-blanco\/"},"modified":"2025-07-25T20:07:13","modified_gmt":"2025-07-25T18:07:13","slug":"caneca-de-ceramica-mosaico-barcelona-branco","status":"publish","type":"product","link":"https:\/\/olemosaic.com\/pt-pt\/produto\/caneca-de-ceramica-mosaico-barcelona-branco\/","title":{"rendered":"Caneca de cer\u00e2mica. Mosaico. Barcelona. Branco."},"content":{"rendered":"<p>Esta elegante caneca de cer\u00e2mica, decorada com um vibrante mosaico, \u00e9 uma homenagem \u00e0 rica heran\u00e7a cultural de Barcelona. O seu design apresenta uma variada cole\u00e7\u00e3o de padr\u00f5es geom\u00e9tricos em azul, vermelho, amarelo e branco, que evocam a beleza dos famosos mosaicos que adornam a emblem\u00e1tica cidade. Os intrincados detalhes de cada padr\u00e3o refletem a mestria artesanal t\u00edpica da regi\u00e3o, convertendo esta caneca numa aut\u00eantica recorda\u00e7\u00e3o que capta a ess\u00eancia da arte e da tradi\u00e7\u00e3o da capital catal\u00e3.<\/p>\n<p>A asa, que se assemelha a um pequeno p\u00e1ssaro, n\u00e3o s\u00f3 acrescenta um toque l\u00fadico e distintivo, como tamb\u00e9m simboliza a liga\u00e7\u00e3o com a natureza que se encontra em Barcelona. O acabamento branco da cer\u00e2mica real\u00e7a a vivacidade das cores, fazendo com que cada gole da sua bebida seja uma experi\u00eancia visual t\u00e3o prazerosa como o sabor.<\/p>\n<p>Esta recorda\u00e7\u00e3o, perfeita para turistas que procuram levar para casa um peda\u00e7o da cultura barcelonesa, n\u00e3o \u00e9 apenas funcional, mas tamb\u00e9m uma pe\u00e7a decorativa que recordar\u00e1 os momentos vividos nesta cidade cheia de hist\u00f3ria e arte. Na Ol\u00e9 Mosaic, especializamo-nos na distribui\u00e7\u00e3o por grosso de recorda\u00e7\u00f5es aut\u00eanticas que representam a riqueza cultural de Espanha, como esta caneca de cer\u00e2mica, ideal para lojas de recorda\u00e7\u00f5es que desejem oferecer produtos de qualidade e com significado.<\/p>\n","protected":false},"excerpt":{"rendered":"<p>Caneca de cer\u00e2mica decorada com um vibrante mosaico que evoca a riqueza cultural de Barcelona. O seu elegante design apresenta uma variedade de padr\u00f5es geom\u00e9tricos em azul, vermelho, amarelo e branco, inspirados nos mosaicos t\u00edpicos da cidade. A asa, com forma de pequeno p\u00e1ssaro, acrescenta um toque \u00fanico e pessoal. Perfeita para desfrutar das suas bebidas enquanto aprecia a arte e a tradi\u00e7\u00e3o da capital catal\u00e3.<\/p>\n","protected":false},"featured_media":9114,"template":"","meta":{"_acf_changed":false},"product_brand":[],"product_cat":[833],"product_tag":[515],"class_list":{"0":"post-26996","1":"product","2":"type-product","3":"status-publish","4":"has-post-thumbnail","6":"product_cat-canecas","7":"product_tag-ceramica","8":"pa_ciudad-barcelona","9":"pa_motivo-mosaico","10":"pa_pais-espana","12":"first","13":"instock","14":"shipping-taxable","15":"product-type-simple"},"acf":[],"_links":{"self":[{"href":"https:\/\/olemosaic.com\/pt-pt\/wp-json\/wp\/v2\/product\/26996","targetHints":{"allow":["GET"]}}],"collection":[{"href":"https:\/\/olemosaic.com\/pt-pt\/wp-json\/wp\/v2\/product"}],"about":[{"href":"https:\/\/olemosaic.com\/pt-pt\/wp-json\/wp\/v2\/types\/product"}],"wp:featuredmedia":[{"embeddable":true,"href":"https:\/\/olemosaic.com\/pt-pt\/wp-json\/wp\/v2\/media\/9114"}],"wp:attachment":[{"href":"https:\/\/olemosaic.com\/pt-pt\/wp-json\/wp\/v2\/media?parent=26996"}],"wp:term":[{"taxonomy":"product_brand","embeddable":true,"href":"https:\/\/olemosaic.com\/pt-pt\/wp-json\/wp\/v2\/product_brand?post=26996"},{"taxonomy":"product_cat","embeddable":true,"href":"https:\/\/olemosaic.com\/pt-pt\/wp-json\/wp\/v2\/product_cat?post=26996"},{"taxonomy":"product_tag","embeddable":true,"href":"https:\/\/olemosaic.com\/pt-pt\/wp-json\/wp\/v2\/product_tag?post=26996"}],"curies":[{"name":"wp","href":"https:\/\/api.w.org\/{rel}","templated":true}]}}