{"id":26984,"date":"2025-02-20T22:28:37","date_gmt":"2025-02-20T22:28:37","guid":{"rendered":"http:\/\/olemosaic.com\/producto\/cucharilla-de-metal-bailaora-rojo\/"},"modified":"2025-07-25T18:39:23","modified_gmt":"2025-07-25T16:39:23","slug":"colher-de-metal-bailaora-vermelho","status":"publish","type":"product","link":"https:\/\/olemosaic.com\/pt-pt\/produto\/colher-de-metal-bailaora-vermelho\/","title":{"rendered":"Colher de metal. Bailaora. Vermelho"},"content":{"rendered":"<p>Esta colher de metal, decorada com uma figura de bailaora flamenca, \u00e9 uma aut\u00eantica lembran\u00e7a que capta a vibrante ess\u00eancia do folclore espanhol. O seu design mostra uma bailaora com um espetacular vestido vermelho e chamativas bolas brancas, um s\u00edmbolo ic\u00f3nico do flamenco que evoca a paix\u00e3o e a energia desta dan\u00e7a t\u00edpica da Andaluzia. A figura est\u00e1 meticulosamente elaborada, real\u00e7ando cada prega e detalhe do vestido, criando uma representa\u00e7\u00e3o art\u00edstica que enaltece a tradi\u00e7\u00e3o cultural espanhola.<\/p>\n<p>O cabo da colher, feito de metal de alta qualidade, garante durabilidade e funcionalidade, tornando esta pe\u00e7a um pr\u00e1tico utens\u00edlio de cozinha. No entanto, a sua beleza decorativa torna-a ideal como presente especial ou como elemento distintivo em qualquer casa. Esta lembran\u00e7a de Espanha n\u00e3o \u00e9 apenas um objeto \u00fatil, mas tamb\u00e9m uma recorda\u00e7\u00e3o das ra\u00edzes culturais andaluzas, perfeito para quem deseja levar consigo um pedacinho de Espanha.<\/p>\n<p>Na Ol\u00e9 Mosaic, orgulhamo-nos de oferecer lembran\u00e7as aut\u00eanticas da rica tradi\u00e7\u00e3o espanhola. A nossa colher de bailaora \u00e9 uma op\u00e7\u00e3o excecional para lojas de presentes tur\u00edsticos, uma vez que complementa a sua oferta com produtos que incorporam arte e folclore andaluz. Como distribuidores de lembran\u00e7as por grosso, garantimos qualidade e autenticidade em cada artigo, fazendo desta lembran\u00e7a um presente memor\u00e1vel e com significado.<\/p>\n","protected":false},"excerpt":{"rendered":"<p>Colher de metal decorada com uma figura de bailaora flamenca, ideal para dar um toque cultural \u00e0 sua cozinha. Esta colher apresenta um design vibrante, com a bailaora vestida de vermelho e bolas brancas, que evoca a paix\u00e3o do flamenco. Perfeita como recorda\u00e7\u00e3o de Espanha, esta pe\u00e7a combina funcionalidade e arte, e \u00e9 um presente ideal para os amantes do folclore andaluz.<\/p>\n","protected":false},"featured_media":8686,"template":"","meta":{"_acf_changed":false},"product_brand":[],"product_cat":[799],"product_tag":[],"class_list":{"0":"post-26984","1":"product","2":"type-product","3":"status-publish","4":"has-post-thumbnail","6":"product_cat-colheres","7":"pa_motivo-dancarinos","9":"first","10":"instock","11":"shipping-taxable","12":"product-type-simple"},"acf":[],"_links":{"self":[{"href":"https:\/\/olemosaic.com\/pt-pt\/wp-json\/wp\/v2\/product\/26984","targetHints":{"allow":["GET"]}}],"collection":[{"href":"https:\/\/olemosaic.com\/pt-pt\/wp-json\/wp\/v2\/product"}],"about":[{"href":"https:\/\/olemosaic.com\/pt-pt\/wp-json\/wp\/v2\/types\/product"}],"wp:featuredmedia":[{"embeddable":true,"href":"https:\/\/olemosaic.com\/pt-pt\/wp-json\/wp\/v2\/media\/8686"}],"wp:attachment":[{"href":"https:\/\/olemosaic.com\/pt-pt\/wp-json\/wp\/v2\/media?parent=26984"}],"wp:term":[{"taxonomy":"product_brand","embeddable":true,"href":"https:\/\/olemosaic.com\/pt-pt\/wp-json\/wp\/v2\/product_brand?post=26984"},{"taxonomy":"product_cat","embeddable":true,"href":"https:\/\/olemosaic.com\/pt-pt\/wp-json\/wp\/v2\/product_cat?post=26984"},{"taxonomy":"product_tag","embeddable":true,"href":"https:\/\/olemosaic.com\/pt-pt\/wp-json\/wp\/v2\/product_tag?post=26984"}],"curies":[{"name":"wp","href":"https:\/\/api.w.org\/{rel}","templated":true}]}}