{"id":26982,"date":"2025-02-20T23:28:37","date_gmt":"2025-02-20T22:28:37","guid":{"rendered":"http:\/\/olemosaic.com\/producto\/mug-de-ceramica-panoramica-barcelona-beige-rojo\/"},"modified":"2025-07-25T23:45:02","modified_gmt":"2025-07-25T21:45:02","slug":"caneca-de-ceramica-panoramica-barcelona-bege-vermelho","status":"publish","type":"product","link":"https:\/\/olemosaic.com\/pt-pt\/produto\/caneca-de-ceramica-panoramica-barcelona-bege-vermelho\/","title":{"rendered":"Caneca de cer\u00e2mica. Panor\u00e2mica. Barcelona. Bege \/ vermelho."},"content":{"rendered":"<p>Esta colorida caneca de cer\u00e2mica \u00e9 uma aut\u00eantica homenagem \u00e0 vibrante paisagem de Barcelona. Apresentada com um design atraente que combina tons de bege e vermelho, esta caneca capta a ess\u00eancia da capital catal\u00e3 atrav\u00e9s dos seus elementos ic\u00f3nicos, como os mosaicos que evocam a obra de Gaud\u00ed, especialmente os do emblem\u00e1tico Park G\u00fcell. A caneca est\u00e1 decorada com uma ilustra\u00e7\u00e3o que inclui motivos florais e arquitet\u00f3nicos, destacando a rica cultura e a hist\u00f3ria de Barcelona.<\/p>\n<p>Acompanhada por uma colher vermelha a condizer, esta caneca n\u00e3o \u00e9 apenas pr\u00e1tica para desfrutar da sua bebida favorita diariamente, mas torna-se tamb\u00e9m uma lembran\u00e7a de destaque que encapsula a autenticidade da cidade. Ideal como presente ou recorda\u00e7\u00e3o, o seu design apelativo e o seu material de cer\u00e2mica de alta qualidade asseguram a sua durabilidade, tornando cada gole uma experi\u00eancia prazerosa e visualmente impactante. Na Ol\u00e9 Mosaic, somos especialistas na distribui\u00e7\u00e3o de lembran\u00e7as de Barcelona, oferecendo produtos que real\u00e7am a riqueza cultural da regi\u00e3o. Esta caneca \u00e9 uma excelente op\u00e7\u00e3o para lojas de presentes tur\u00edsticos que procuram artigos que fundam arte e funcionalidade, tornando-se um essencial para quem deseja levar um pedacinho de Barcelona.<\/p>\n","protected":false},"excerpt":{"rendered":"<p>Caneca de cer\u00e2mica com uma vibrante panor\u00e2mica de Barcelona, desenhada em tons de bege e vermelho. Este recipiente atraente apresenta elementos ic\u00f3nicos da cidade, incluindo mosaicos coloridos que evocam a obra de Gaud\u00ed, como o Parque G\u00fcell. Completa com uma colher vermelha a condizer, esta caneca combina funcionalidade e arte, tornando-se uma excelente recorda\u00e7\u00e3o ou presente que capta a ess\u00eancia da capital catal\u00e3. Ideal para desfrutar da sua bebida favorita.<\/p>\n","protected":false},"featured_media":9201,"template":"","meta":{"_acf_changed":false},"product_brand":[],"product_cat":[726],"product_tag":[515],"class_list":{"0":"post-26982","1":"product","2":"type-product","3":"status-publish","4":"has-post-thumbnail","6":"product_cat-mugs","7":"product_tag-ceramica","8":"pa_ciudad-barcelona","9":"pa_motivo-panoramas","10":"pa_pais-espana","12":"first","13":"instock","14":"shipping-taxable","15":"product-type-simple"},"acf":[],"_links":{"self":[{"href":"https:\/\/olemosaic.com\/pt-pt\/wp-json\/wp\/v2\/product\/26982","targetHints":{"allow":["GET"]}}],"collection":[{"href":"https:\/\/olemosaic.com\/pt-pt\/wp-json\/wp\/v2\/product"}],"about":[{"href":"https:\/\/olemosaic.com\/pt-pt\/wp-json\/wp\/v2\/types\/product"}],"wp:featuredmedia":[{"embeddable":true,"href":"https:\/\/olemosaic.com\/pt-pt\/wp-json\/wp\/v2\/media\/9201"}],"wp:attachment":[{"href":"https:\/\/olemosaic.com\/pt-pt\/wp-json\/wp\/v2\/media?parent=26982"}],"wp:term":[{"taxonomy":"product_brand","embeddable":true,"href":"https:\/\/olemosaic.com\/pt-pt\/wp-json\/wp\/v2\/product_brand?post=26982"},{"taxonomy":"product_cat","embeddable":true,"href":"https:\/\/olemosaic.com\/pt-pt\/wp-json\/wp\/v2\/product_cat?post=26982"},{"taxonomy":"product_tag","embeddable":true,"href":"https:\/\/olemosaic.com\/pt-pt\/wp-json\/wp\/v2\/product_tag?post=26982"}],"curies":[{"name":"wp","href":"https:\/\/api.w.org\/{rel}","templated":true}]}}