{"id":26981,"date":"2025-02-20T22:28:37","date_gmt":"2025-02-20T22:28:37","guid":{"rendered":"http:\/\/olemosaic.com\/producto\/funda-de-telefono-para-iphone-12-tpu-abstracto-azul\/"},"modified":"2025-07-25T19:44:35","modified_gmt":"2025-07-25T17:44:35","slug":"capa-de-telemovel-para-iphone-12-tpu-abstrato-azul","status":"publish","type":"product","link":"https:\/\/olemosaic.com\/pt-pt\/produto\/capa-de-telemovel-para-iphone-12-tpu-abstrato-azul\/","title":{"rendered":"Capa de telem\u00f3vel para iPhone 12 (TPU). Abstrato. Azul"},"content":{"rendered":"<p>Esta colorida capa para iPhone 12 \u00e9 o acess\u00f3rio perfeito para quem procura refletir a vibrante ess\u00eancia de Barcelona no seu dia a dia. Fabricada em TPU de alta qualidade, esta capa caracteriza-se pelo seu design abstrato que combina um padr\u00e3o din\u00e2mico em tons de azul, laranja, rosa e amarelo, criando ondas fluidas que evocam a criatividade e a energia da cidade. Na parte frontal, o nome &#8220;Barcelona&#8221; destaca-se com um estilo moderno e urbano, conferindo um toque contempor\u00e2neo e distintivo.<\/p>\n<p>A liga\u00e7\u00e3o cultural desta capa com Barcelona \u00e9 ineg\u00e1vel, uma vez que o seu design abstrato capta a ess\u00eancia da arquitetura e da arte vanguardista que a cidade representa, desde as obras de Antoni Gaud\u00ed at\u00e9 ao famoso mural de Joan Mir\u00f3. Esta lembran\u00e7a de Barcelona n\u00e3o s\u00f3 protege o seu dispositivo de choques e riscos, como tamb\u00e9m atua como uma declara\u00e7\u00e3o de estilo e uma recorda\u00e7\u00e3o das experi\u00eancias vividas nesta magn\u00edfica cidade.<\/p>\n<p>Na Ol\u00e9 Mosaic, como distribuidores de lembran\u00e7as por grosso, oferecemos produtos aut\u00eanticos que celebram a cultura local. Esta capa para telem\u00f3vel \u00e9 uma excelente op\u00e7\u00e3o para lojas de presentes tur\u00edsticos que desejem oferecer aos seus clientes recorda\u00e7\u00f5es \u00fanicas e representativas de Barcelona. Com o seu design atraente e funcionalidade, \u00e9 o presente ideal para os aficionados da est\u00e9tica urbana e da cultura catal\u00e3.<\/p>\n","protected":false},"excerpt":{"rendered":"<p>Capa para iPhone 12 de TPU com um design abstrato e vibrante que capta a ess\u00eancia de Barcelona. O seu padr\u00e3o colorido em tons de azul, laranja, rosa e amarelo apresenta ondas fluidas que evocam dinamismo e criatividade. Na parte frontal, o nome &#8220;Barcelona&#8221; destaca-se num estilo moderno, acrescentando um toque urbano e contempor\u00e2neo. Esta capa n\u00e3o s\u00f3 protege o seu dispositivo, como tamb\u00e9m \u00e9 uma declara\u00e7\u00e3o de estilo inspirada na rica cultura da cidade.<\/p>\n","protected":false},"featured_media":12228,"template":"","meta":{"_acf_changed":false},"product_brand":[],"product_cat":[685],"product_tag":[],"class_list":{"0":"post-26981","1":"product","2":"type-product","3":"status-publish","4":"has-post-thumbnail","6":"product_cat-capas-para-telemoveis","7":"pa_ciudad-barcelona","8":"pa_motivo-resumo","9":"pa_pais-espana","11":"first","12":"instock","13":"shipping-taxable","14":"product-type-simple"},"acf":[],"_links":{"self":[{"href":"https:\/\/olemosaic.com\/pt-pt\/wp-json\/wp\/v2\/product\/26981","targetHints":{"allow":["GET"]}}],"collection":[{"href":"https:\/\/olemosaic.com\/pt-pt\/wp-json\/wp\/v2\/product"}],"about":[{"href":"https:\/\/olemosaic.com\/pt-pt\/wp-json\/wp\/v2\/types\/product"}],"wp:featuredmedia":[{"embeddable":true,"href":"https:\/\/olemosaic.com\/pt-pt\/wp-json\/wp\/v2\/media\/12228"}],"wp:attachment":[{"href":"https:\/\/olemosaic.com\/pt-pt\/wp-json\/wp\/v2\/media?parent=26981"}],"wp:term":[{"taxonomy":"product_brand","embeddable":true,"href":"https:\/\/olemosaic.com\/pt-pt\/wp-json\/wp\/v2\/product_brand?post=26981"},{"taxonomy":"product_cat","embeddable":true,"href":"https:\/\/olemosaic.com\/pt-pt\/wp-json\/wp\/v2\/product_cat?post=26981"},{"taxonomy":"product_tag","embeddable":true,"href":"https:\/\/olemosaic.com\/pt-pt\/wp-json\/wp\/v2\/product_tag?post=26981"}],"curies":[{"name":"wp","href":"https:\/\/api.w.org\/{rel}","templated":true}]}}