{"id":26980,"date":"2025-02-20T23:28:37","date_gmt":"2025-02-20T22:28:37","guid":{"rendered":"http:\/\/olemosaic.com\/producto\/botella-inox-500-ml-salamandra-4\/"},"modified":"2025-07-25T19:10:41","modified_gmt":"2025-07-25T17:10:41","slug":"garrafa-inox-500-ml-salamandra-4","status":"publish","type":"product","link":"https:\/\/olemosaic.com\/pt-pt\/produto\/garrafa-inox-500-ml-salamandra-4\/","title":{"rendered":"Garrafa inox. 500 ml. Salamandra. Gaudi."},"content":{"rendered":"<p>Esta garrafa de inox de 500 ml \u00e9 uma elegante homenagem \u00e0 arte catal\u00e3, prestando tributo ao famoso trencad\u00eds de Gaud\u00ed. A sua superf\u00edcie branca est\u00e1 adornada com ilustra\u00e7\u00f5es coloridas de salamandras em tons vibrantes de vermelho, verde e azul, acompanhadas por flores estilizadas em vermelho e azul. Este design n\u00e3o \u00e9 apenas visualmente impactante, mas tamb\u00e9m evoca a criatividade e o colorido do modernismo catal\u00e3o, tornando-a uma aut\u00eantica recorda\u00e7\u00e3o de Espanha.<\/p>\n<p>A garrafa, com um acabamento moderno e polido, mant\u00e9m as suas bebidas frias durante mais tempo, sendo ideal para qualquer aventureiro urbano ou viajante. As salamandras, s\u00edmbolos de transforma\u00e7\u00e3o e renascimento, conferem um toque de significado cultural, enquanto o acabamento em a\u00e7o inoxid\u00e1vel garante durabilidade e um uso prolongado. A combina\u00e7\u00e3o de utilidade e est\u00e9tica transforma-a num excelente presente para turistas que procuram recorda\u00e7\u00f5es aut\u00eanticas e representativas da cultura catal\u00e3.<\/p>\n<p>Na Ol\u00e9 Mosaic, somos especialistas na distribui\u00e7\u00e3o de lembran\u00e7as por grosso, oferecendo produtos que celebram a rica heran\u00e7a cultural de Espanha. Esta garrafa de inox decorada n\u00e3o \u00e9 apenas um objeto pr\u00e1tico, mas uma pe\u00e7a art\u00edstica que pode ser uma excelente op\u00e7\u00e3o para lojas de presentes tur\u00edsticos em busca de artigos \u00fanicos e aut\u00eanticos.<\/p>\n","protected":false},"excerpt":{"rendered":"<p>Garrafa de a\u00e7o inoxid\u00e1vel de 500 ml decorada com um design vibrante de salamandras ao estilo do famoso trencad\u00eds de Gaud\u00ed. A superf\u00edcie branca apresenta ilustra\u00e7\u00f5es coloridas de salamandras em tons de vermelho, verde e azul, acompanhadas por flores vermelhas e azuis. Com um acabamento elegante e moderno, esta garrafa n\u00e3o \u00e9 apenas funcional para manter as suas bebidas frias, mas \u00e9 tamb\u00e9m um belo reflexo da arte e da cultura catal\u00e3, ideal para levar um peda\u00e7o de Espanha consigo.<\/p>\n","protected":false},"featured_media":9888,"template":"","meta":{"_acf_changed":false},"product_brand":[],"product_cat":[786],"product_tag":[516],"class_list":{"0":"post-26980","1":"product","2":"type-product","3":"status-publish","4":"has-post-thumbnail","6":"product_cat-garrafas-inox","7":"product_tag-animais","8":"pa_motivo-salamandras","10":"first","11":"instock","12":"shipping-taxable","13":"product-type-simple"},"acf":[],"_links":{"self":[{"href":"https:\/\/olemosaic.com\/pt-pt\/wp-json\/wp\/v2\/product\/26980","targetHints":{"allow":["GET"]}}],"collection":[{"href":"https:\/\/olemosaic.com\/pt-pt\/wp-json\/wp\/v2\/product"}],"about":[{"href":"https:\/\/olemosaic.com\/pt-pt\/wp-json\/wp\/v2\/types\/product"}],"wp:featuredmedia":[{"embeddable":true,"href":"https:\/\/olemosaic.com\/pt-pt\/wp-json\/wp\/v2\/media\/9888"}],"wp:attachment":[{"href":"https:\/\/olemosaic.com\/pt-pt\/wp-json\/wp\/v2\/media?parent=26980"}],"wp:term":[{"taxonomy":"product_brand","embeddable":true,"href":"https:\/\/olemosaic.com\/pt-pt\/wp-json\/wp\/v2\/product_brand?post=26980"},{"taxonomy":"product_cat","embeddable":true,"href":"https:\/\/olemosaic.com\/pt-pt\/wp-json\/wp\/v2\/product_cat?post=26980"},{"taxonomy":"product_tag","embeddable":true,"href":"https:\/\/olemosaic.com\/pt-pt\/wp-json\/wp\/v2\/product_tag?post=26980"}],"curies":[{"name":"wp","href":"https:\/\/api.w.org\/{rel}","templated":true}]}}