{"id":26964,"date":"2025-02-20T23:28:37","date_gmt":"2025-02-20T22:28:37","guid":{"rendered":"http:\/\/olemosaic.com\/producto\/botella-inox-350-ml-salamandra-barcelona\/"},"modified":"2025-07-25T19:37:36","modified_gmt":"2025-07-25T17:37:36","slug":"garrafa-inox-350-ml-salamandra-barcelona","status":"publish","type":"product","link":"https:\/\/olemosaic.com\/pt-pt\/produto\/garrafa-inox-350-ml-salamandra-barcelona\/","title":{"rendered":"Garrafa inox. 350 ml. Salamandra. Barcelona."},"content":{"rendered":"<p>Esta garrafa de a\u00e7o inoxid\u00e1vel de 350 ml, decorada com um vibrante design de salamandra, \u00e9 uma homenagem \u00e0 magn\u00edfica obra do famoso arquiteto modernista Antoni Gaud\u00ed, emblema de Barcelona. O seu acabamento brilhante apresenta uma ilustra\u00e7\u00e3o colorida que integra detalhes em vermelho, azul e verde, evocando a singularidade do mosaico do Parque G\u00fcell. A salamandra, com o seu corpo estendido e o seu cativante padr\u00e3o geom\u00e9trico, n\u00e3o s\u00f3 representa a criatividade da arte modernista, como tamb\u00e9m simboliza a liga\u00e7\u00e3o da natureza com o ambiente urbano, uma das caracter\u00edsticas-chave do design de Gaud\u00ed.<\/p>\n<p>O design pr\u00e1tico da garrafa permite manter as suas bebidas frias ou quentes, tornando-a a companheira ideal durante os seus passeios pela vibrante cidade. Apresentada numa atraente caixa de design multicolor, esta garrafa \u00e9 um presente perfeito para os amantes da cultura e da arte, e um souvenir ideal que encapsula a ess\u00eancia de Barcelona.<\/p>\n<p>Na Ol\u00e9 Mosaic, especializamo-nos na distribui\u00e7\u00e3o de souvenirs por grosso, oferecendo produtos aut\u00eanticos que refletem a rica heran\u00e7a cultural espanhola. Esta garrafa de a\u00e7o inoxid\u00e1vel \u00e9 uma op\u00e7\u00e3o excelente para lojas de presentes tur\u00edsticos que procuram artigos \u00fanicos e de qualidade, garantindo assim que os seus clientes levem um peda\u00e7o de Barcelona para casa.<\/p>\n","protected":false},"excerpt":{"rendered":"<p>Garrafa de inox de 350 ml decorada com um vibrante design de salamandra, inspirado no famoso mosaico de Gaud\u00ed em Barcelona. Esta garrafa, elegante e funcional, apresenta um acabamento brilhante e colorido com detalhes em vermelho, azul e verde, que evocam a singularidade da arte modernista. \u00c9 apresentada numa atraente caixa de design multicolor, o que a torna o presente perfeito para os amantes da cultura e da arte. \u00c9 ideal para manter as suas bebidas frias ou quentes enquanto explora a cidade.<\/p>\n","protected":false},"featured_media":11143,"template":"","meta":{"_acf_changed":false},"product_brand":[],"product_cat":[786],"product_tag":[516],"class_list":{"0":"post-26964","1":"product","2":"type-product","3":"status-publish","4":"has-post-thumbnail","6":"product_cat-garrafas-inox","7":"product_tag-animais","8":"pa_ciudad-barcelona","9":"pa_motivo-salamandras","10":"pa_pais-espana","12":"first","13":"instock","14":"shipping-taxable","15":"product-type-simple"},"acf":[],"_links":{"self":[{"href":"https:\/\/olemosaic.com\/pt-pt\/wp-json\/wp\/v2\/product\/26964","targetHints":{"allow":["GET"]}}],"collection":[{"href":"https:\/\/olemosaic.com\/pt-pt\/wp-json\/wp\/v2\/product"}],"about":[{"href":"https:\/\/olemosaic.com\/pt-pt\/wp-json\/wp\/v2\/types\/product"}],"wp:featuredmedia":[{"embeddable":true,"href":"https:\/\/olemosaic.com\/pt-pt\/wp-json\/wp\/v2\/media\/11143"}],"wp:attachment":[{"href":"https:\/\/olemosaic.com\/pt-pt\/wp-json\/wp\/v2\/media?parent=26964"}],"wp:term":[{"taxonomy":"product_brand","embeddable":true,"href":"https:\/\/olemosaic.com\/pt-pt\/wp-json\/wp\/v2\/product_brand?post=26964"},{"taxonomy":"product_cat","embeddable":true,"href":"https:\/\/olemosaic.com\/pt-pt\/wp-json\/wp\/v2\/product_cat?post=26964"},{"taxonomy":"product_tag","embeddable":true,"href":"https:\/\/olemosaic.com\/pt-pt\/wp-json\/wp\/v2\/product_tag?post=26964"}],"curies":[{"name":"wp","href":"https:\/\/api.w.org\/{rel}","templated":true}]}}