{"id":26962,"date":"2025-02-20T23:28:36","date_gmt":"2025-02-20T22:28:36","guid":{"rendered":"http:\/\/olemosaic.com\/producto\/botella-inox-500-ml-salamandra-3\/"},"modified":"2025-07-25T19:46:49","modified_gmt":"2025-07-25T17:46:49","slug":"garrafa-inox-500-ml-salamandra-3","status":"publish","type":"product","link":"https:\/\/olemosaic.com\/pt-pt\/produto\/garrafa-inox-500-ml-salamandra-3\/","title":{"rendered":"Garrafa inox. 500 ml. Salamandra. Mosaico."},"content":{"rendered":"<p>Esta garrafa de a\u00e7o inoxid\u00e1vel de 500 ml, adornada com um vibrante design de salamandra, \u00e9 o acess\u00f3rio perfeito para os amantes da natureza e da cultura. Inspirada na riqueza dos mosaicos tradicionais espanh\u00f3is, a garrafa apresenta uma salamandra em tons vivos de vermelho e laranja, elegantemente rodeada de flores e tra\u00e7os coloridos que evocam a beleza da arte popular. O seu acabamento branco cria um contraste atraente, enquanto a tampa met\u00e1lica assegura durabilidade e um estilo moderno.<\/p>\n<p>Este souvenir n\u00e3o s\u00f3 \u00e9 funcional, como tamb\u00e9m encarna a liga\u00e7\u00e3o cultural com a tradi\u00e7\u00e3o art\u00edstica espanhola, simbolizando a diversidade e a vivacidade da flora e fauna do pa\u00eds. Tem um design ergon\u00f3mico, ideal para levar para qualquer lugar, desde excurs\u00f5es ao ar livre at\u00e9 ao escrit\u00f3rio, tornando a hidrata\u00e7\u00e3o um ato estiloso e sustent\u00e1vel.<\/p>\n<p>Na Ol\u00e9 Mosaic, dedicamo-nos \u00e0 distribui\u00e7\u00e3o de souvenirs por grosso, e esta garrafa de a\u00e7o inoxid\u00e1vel \u00e9 uma excelente op\u00e7\u00e3o para lojas de presentes tur\u00edsticos que procuram produtos aut\u00eanticos e significativos. A sua relev\u00e2ncia cultural e est\u00e9tica tornam-na uma recorda\u00e7\u00e3o ideal para quem deseja levar um pouco da ess\u00eancia espanhola para casa.<\/p>\n","protected":false},"excerpt":{"rendered":"<p>Garrafa de a\u00e7o inoxid\u00e1vel de 500 ml, decorada com um colorido design de salamandra, perfeita para os amantes da natureza e da cultura. O motivo, inspirado nos mosaicos espanh\u00f3is, apresenta uma salamandra em tons de vermelho e laranja, rodeada de flores e tra\u00e7os vibrantes. O seu acabamento branco e o toque met\u00e1lico da tampa garantem durabilidade e estilo, tornando-a um acess\u00f3rio pr\u00e1tico e atraente para qualquer ocasi\u00e3o.<\/p>\n","protected":false},"featured_media":9672,"template":"","meta":{"_acf_changed":false},"product_brand":[],"product_cat":[786],"product_tag":[516],"class_list":{"0":"post-26962","1":"product","2":"type-product","3":"status-publish","4":"has-post-thumbnail","6":"product_cat-garrafas-inox","7":"product_tag-animais","8":"pa_motivo-salamandras","10":"first","11":"instock","12":"shipping-taxable","13":"product-type-simple"},"acf":[],"_links":{"self":[{"href":"https:\/\/olemosaic.com\/pt-pt\/wp-json\/wp\/v2\/product\/26962","targetHints":{"allow":["GET"]}}],"collection":[{"href":"https:\/\/olemosaic.com\/pt-pt\/wp-json\/wp\/v2\/product"}],"about":[{"href":"https:\/\/olemosaic.com\/pt-pt\/wp-json\/wp\/v2\/types\/product"}],"wp:featuredmedia":[{"embeddable":true,"href":"https:\/\/olemosaic.com\/pt-pt\/wp-json\/wp\/v2\/media\/9672"}],"wp:attachment":[{"href":"https:\/\/olemosaic.com\/pt-pt\/wp-json\/wp\/v2\/media?parent=26962"}],"wp:term":[{"taxonomy":"product_brand","embeddable":true,"href":"https:\/\/olemosaic.com\/pt-pt\/wp-json\/wp\/v2\/product_brand?post=26962"},{"taxonomy":"product_cat","embeddable":true,"href":"https:\/\/olemosaic.com\/pt-pt\/wp-json\/wp\/v2\/product_cat?post=26962"},{"taxonomy":"product_tag","embeddable":true,"href":"https:\/\/olemosaic.com\/pt-pt\/wp-json\/wp\/v2\/product_tag?post=26962"}],"curies":[{"name":"wp","href":"https:\/\/api.w.org\/{rel}","templated":true}]}}