{"id":26959,"date":"2025-02-20T23:28:36","date_gmt":"2025-02-20T22:28:36","guid":{"rendered":"http:\/\/olemosaic.com\/producto\/botella-inox-500-ml-panoramica-barcelona-3\/"},"modified":"2025-07-25T18:36:17","modified_gmt":"2025-07-25T16:36:17","slug":"garrafa-inox-500-ml-panoramica-barcelona-3","status":"publish","type":"product","link":"https:\/\/olemosaic.com\/pt-pt\/produto\/garrafa-inox-500-ml-panoramica-barcelona-3\/","title":{"rendered":"Garrafa inox. 500 ml. Panor\u00e2mica. Sagrada Fam\u00edlia. Gaudi. Barcelona."},"content":{"rendered":"<p>Esta garrafa de a\u00e7o inoxid\u00e1vel de 500 ml \u00e9 uma recorda\u00e7\u00e3o vibrante de Barcelona, desenhada para capturar a ess\u00eancia e o esp\u00edrito desta emblem\u00e1tica cidade. A sua superf\u00edcie brilhante est\u00e1 adornada com uma colorida panor\u00e2mica que real\u00e7a a famosa t\u00e9cnica do mosaico, distintiva da obra de Antoni Gaud\u00ed, cuja influ\u00eancia \u00e9 omnipresente na arquitetura barcelonesa. Com a palavra &#8220;Barcelona&#8221; em letras grandes e divertidas, esta garrafa n\u00e3o \u00e9 apenas funcional, mas tamb\u00e9m se torna uma pe\u00e7a decorativa que celebra a cultura local.<\/p>\n<p>O design destaca motivos arquitet\u00f3nicos emblem\u00e1ticos e um p\u00e1ssaro encantador, representando a fauna e a arte da regi\u00e3o. Cada detalhe \u00e9 elaborado com uma t\u00e9cnica de impress\u00e3o de alta qualidade que garante que as cores vibrantes e a arte perdurem, tornando esta garrafa uma aut\u00eantica recorda\u00e7\u00e3o de Barcelona. Perfeita para manter as suas bebidas frescas, \u00e9 ideal para turistas que procuram um souvenir que combine utilidade e estilo.<\/p>\n<p>A Ol\u00e9 Mosaic especializa-se na distribui\u00e7\u00e3o de souvenirs por grosso, oferecendo produtos aut\u00eanticos que representam a rica cultura espanhola. Esta garrafa de a\u00e7o inoxid\u00e1vel \u00e9 uma excelente op\u00e7\u00e3o para lojas de presentes tur\u00edsticos que desejem oferecer artigos que celebrem a beleza e singularidade de Barcelona, tornando cada compra uma experi\u00eancia inesquec\u00edvel para os visitantes.<\/p>\n","protected":false},"excerpt":{"rendered":"<p>Garrafa de a\u00e7o inoxid\u00e1vel de 500 ml com um design vibrante que representa uma panor\u00e2mica de Barcelona. Decorada com cores chamativas e motivos de mosaico, a garrafa inclui a palavra &#8220;Barcelona&#8221; em letras grandes e divertidas. A sua superf\u00edcie reflete o estilo art\u00edstico da cidade, destacando elementos ic\u00f3nicos e um p\u00e1ssaro, tudo pintado com uma t\u00e9cnica de alta qualidade. Ideal para manter as suas bebidas frescas e como uma recorda\u00e7\u00e3o atraente da cidade.<\/p>\n","protected":false},"featured_media":9782,"template":"","meta":{"_acf_changed":false},"product_brand":[],"product_cat":[786],"product_tag":[],"class_list":{"0":"post-26959","1":"product","2":"type-product","3":"status-publish","4":"has-post-thumbnail","6":"product_cat-garrafas-inox","7":"pa_ciudad-barcelona","8":"pa_motivo-panoramas","9":"pa_pais-espana","11":"first","12":"instock","13":"shipping-taxable","14":"product-type-simple"},"acf":[],"_links":{"self":[{"href":"https:\/\/olemosaic.com\/pt-pt\/wp-json\/wp\/v2\/product\/26959","targetHints":{"allow":["GET"]}}],"collection":[{"href":"https:\/\/olemosaic.com\/pt-pt\/wp-json\/wp\/v2\/product"}],"about":[{"href":"https:\/\/olemosaic.com\/pt-pt\/wp-json\/wp\/v2\/types\/product"}],"wp:featuredmedia":[{"embeddable":true,"href":"https:\/\/olemosaic.com\/pt-pt\/wp-json\/wp\/v2\/media\/9782"}],"wp:attachment":[{"href":"https:\/\/olemosaic.com\/pt-pt\/wp-json\/wp\/v2\/media?parent=26959"}],"wp:term":[{"taxonomy":"product_brand","embeddable":true,"href":"https:\/\/olemosaic.com\/pt-pt\/wp-json\/wp\/v2\/product_brand?post=26959"},{"taxonomy":"product_cat","embeddable":true,"href":"https:\/\/olemosaic.com\/pt-pt\/wp-json\/wp\/v2\/product_cat?post=26959"},{"taxonomy":"product_tag","embeddable":true,"href":"https:\/\/olemosaic.com\/pt-pt\/wp-json\/wp\/v2\/product_tag?post=26959"}],"curies":[{"name":"wp","href":"https:\/\/api.w.org\/{rel}","templated":true}]}}