{"id":26958,"date":"2025-02-20T23:28:36","date_gmt":"2025-02-20T22:28:36","guid":{"rendered":"http:\/\/olemosaic.com\/producto\/botella-inox-500-ml-patio-2\/"},"modified":"2025-07-25T18:40:12","modified_gmt":"2025-07-25T16:40:12","slug":"garrafa-inox-500-ml-patio-2","status":"publish","type":"product","link":"https:\/\/olemosaic.com\/pt-pt\/produto\/garrafa-inox-500-ml-patio-2\/","title":{"rendered":"Garrafa inox. 500 ml. P\u00e1tio."},"content":{"rendered":"<p>Esta garrafa de a\u00e7o inoxid\u00e1vel de 500 ml \u00e9 o souvenir perfeito para capturar a ess\u00eancia vibrante do flamenco, uma das tradi\u00e7\u00f5es mais emblem\u00e1ticas de Espanha. Decorada com uma requintada ilustra\u00e7\u00e3o de uma bailarina com um impressionante vestido vermelho de folhos, acompanhada por um bailarino com traje tradicional, esta pe\u00e7a n\u00e3o s\u00f3 \u00e9 funcional, como tamb\u00e9m uma excelente representa\u00e7\u00e3o da cultura andaluza. O design, ambientado num p\u00e1tio andaluz t\u00edpico adornado com mosaicos coloridos, real\u00e7a a alegria e o dinamismo da dan\u00e7a flamenca.<\/p>\n<p>A parte superior da garrafa apresenta detalhes florais em vermelho que acrescentam um toque festivo e aut\u00eantico, tornando cada gole uma recorda\u00e7\u00e3o do patrim\u00f3nio espanhol. Ideal para quem deseja manter as suas bebidas frias enquanto desfruta da paix\u00e3o do flamenco, esta garrafa \u00e9 um presente excecional para turistas que procuram souvenirs que reflitam verdadeiramente a cultura espanhola. Na Ol\u00e9 Mosaic, distribu\u00edmos souvenirs aut\u00eanticos por grosso, e esta garrafa de flamenco \u00e9 uma maravilhosa op\u00e7\u00e3o para lojas de presentes tur\u00edsticos que desejem oferecer produtos que celebrem a rica tradi\u00e7\u00e3o espanhola. Com o seu design \u00fanico e a sua qualidade, este souvenir \u00e9 um imprescind\u00edvel na sua cole\u00e7\u00e3o.<\/p>\n","protected":false},"excerpt":{"rendered":"<p>Garrafa de a\u00e7o inoxid\u00e1vel de 500 ml, decorada com uma ilustra\u00e7\u00e3o vibrante de uma dan\u00e7a flamenca num p\u00e1tio andaluz t\u00edpico. O design elegante mostra uma bailarina com um vestido vermelho de folhos e um bailarino com traje tradicional, tudo sobre um ch\u00e3o de mosaico colorido. A parte superior da garrafa est\u00e1 adornada com detalhes florais vermelhos, que acrescentam um toque aut\u00eantico e festivo. Ideal para manter as suas bebidas frias enquanto celebra o esp\u00edrito espanhol.<\/p>\n","protected":false},"featured_media":9669,"template":"","meta":{"_acf_changed":false},"product_brand":[],"product_cat":[786],"product_tag":[],"class_list":{"0":"post-26958","1":"product","2":"type-product","3":"status-publish","4":"has-post-thumbnail","6":"product_cat-garrafas-inox","7":"pa_motivo-patios","9":"first","10":"instock","11":"shipping-taxable","12":"product-type-simple"},"acf":[],"_links":{"self":[{"href":"https:\/\/olemosaic.com\/pt-pt\/wp-json\/wp\/v2\/product\/26958","targetHints":{"allow":["GET"]}}],"collection":[{"href":"https:\/\/olemosaic.com\/pt-pt\/wp-json\/wp\/v2\/product"}],"about":[{"href":"https:\/\/olemosaic.com\/pt-pt\/wp-json\/wp\/v2\/types\/product"}],"wp:featuredmedia":[{"embeddable":true,"href":"https:\/\/olemosaic.com\/pt-pt\/wp-json\/wp\/v2\/media\/9669"}],"wp:attachment":[{"href":"https:\/\/olemosaic.com\/pt-pt\/wp-json\/wp\/v2\/media?parent=26958"}],"wp:term":[{"taxonomy":"product_brand","embeddable":true,"href":"https:\/\/olemosaic.com\/pt-pt\/wp-json\/wp\/v2\/product_brand?post=26958"},{"taxonomy":"product_cat","embeddable":true,"href":"https:\/\/olemosaic.com\/pt-pt\/wp-json\/wp\/v2\/product_cat?post=26958"},{"taxonomy":"product_tag","embeddable":true,"href":"https:\/\/olemosaic.com\/pt-pt\/wp-json\/wp\/v2\/product_tag?post=26958"}],"curies":[{"name":"wp","href":"https:\/\/api.w.org\/{rel}","templated":true}]}}