{"id":26957,"date":"2025-02-20T23:28:36","date_gmt":"2025-02-20T22:28:36","guid":{"rendered":"http:\/\/olemosaic.com\/producto\/botella-inox-500-ml-salamandra-2\/"},"modified":"2025-07-25T18:50:02","modified_gmt":"2025-07-25T16:50:02","slug":"garrafa-inox-500-ml-salamandra-2","status":"publish","type":"product","link":"https:\/\/olemosaic.com\/pt-pt\/produto\/garrafa-inox-500-ml-salamandra-2\/","title":{"rendered":"Garrafa inox. 500 ml. Salamandra. Espanha."},"content":{"rendered":"<p>Esta garrafa de a\u00e7o inoxid\u00e1vel de 500 ml \u00e9 o presente tur\u00edstico perfeito, pois combina um design vibrante com uma funcionalidade excecional. Decorada com um atraente motivo de salamandras e flores, a garrafa apresenta uma base preta que real\u00e7a as cores vivas em tons de vermelho, verde e azul, evocando a rica fauna e flora de Espanha. As salamandras, s\u00edmbolo de renova\u00e7\u00e3o e transforma\u00e7\u00e3o, acrescentam um toque art\u00edstico e cultural que representa a liga\u00e7\u00e3o do produto com a biodiversidade peninsular. Al\u00e9m disso, as flores que acompanham estes r\u00e9pteis trazem frescura e alegria, tornando esta garrafa um acess\u00f3rio n\u00e3o s\u00f3 pr\u00e1tico, mas tamb\u00e9m visualmente cativante.<\/p>\n<p>Sua capacidade isolante garante que as bebidas se mantenham frias ou quentes durante horas, o que a torna ideal para excurs\u00f5es, passeios pela cidade ou atividades ao ar livre. Este souvenir \u00e9 uma excelente op\u00e7\u00e3o tanto para turistas que procuram recorda\u00e7\u00f5es aut\u00eanticas da sua visita a Espanha como para lojas de presentes tur\u00edsticos que desejem oferecer produtos de qualidade. Na Ol\u00e9 Mosaic, como distribuidores de artigos \u00fanicos, asseguramos a autenticidade e relev\u00e2ncia cultural de cada produto. A garrafa com design de salamandras \u00e9, sem d\u00favida, um imprescind\u00edvel na cole\u00e7\u00e3o de souvenirs de qualquer loja que procure destacar a beleza e diversidade da cultura espanhola.<\/p>\n","protected":false},"excerpt":{"rendered":"<p>Garrafa de a\u00e7o inoxid\u00e1vel de 500 ml decorada com um design vibrante de salamandras e flores. Este atraente artigo apresenta uma base preta que real\u00e7a os coloridos motivos em tons de vermelho, verde e azul, conferindo um toque art\u00edstico e cultural. Ideal para levar \u00e1gua ou qualquer outra bebida, destaca-se tamb\u00e9m pela sua capacidade isolante, que mant\u00e9m a temperatura do seu conte\u00fado. Uma recorda\u00e7\u00e3o perfeita que combina funcionalidade e estilo, evocando a fauna e flora de Espanha.<\/p>\n","protected":false},"featured_media":9913,"template":"","meta":{"_acf_changed":false},"product_brand":[],"product_cat":[786],"product_tag":[516],"class_list":{"0":"post-26957","1":"product","2":"type-product","3":"status-publish","4":"has-post-thumbnail","6":"product_cat-garrafas-inox","7":"product_tag-animais","8":"pa_motivo-salamandras","10":"first","11":"instock","12":"shipping-taxable","13":"product-type-simple"},"acf":[],"_links":{"self":[{"href":"https:\/\/olemosaic.com\/pt-pt\/wp-json\/wp\/v2\/product\/26957","targetHints":{"allow":["GET"]}}],"collection":[{"href":"https:\/\/olemosaic.com\/pt-pt\/wp-json\/wp\/v2\/product"}],"about":[{"href":"https:\/\/olemosaic.com\/pt-pt\/wp-json\/wp\/v2\/types\/product"}],"wp:featuredmedia":[{"embeddable":true,"href":"https:\/\/olemosaic.com\/pt-pt\/wp-json\/wp\/v2\/media\/9913"}],"wp:attachment":[{"href":"https:\/\/olemosaic.com\/pt-pt\/wp-json\/wp\/v2\/media?parent=26957"}],"wp:term":[{"taxonomy":"product_brand","embeddable":true,"href":"https:\/\/olemosaic.com\/pt-pt\/wp-json\/wp\/v2\/product_brand?post=26957"},{"taxonomy":"product_cat","embeddable":true,"href":"https:\/\/olemosaic.com\/pt-pt\/wp-json\/wp\/v2\/product_cat?post=26957"},{"taxonomy":"product_tag","embeddable":true,"href":"https:\/\/olemosaic.com\/pt-pt\/wp-json\/wp\/v2\/product_tag?post=26957"}],"curies":[{"name":"wp","href":"https:\/\/api.w.org\/{rel}","templated":true}]}}