{"id":26956,"date":"2025-02-20T23:28:36","date_gmt":"2025-02-20T22:28:36","guid":{"rendered":"http:\/\/olemosaic.com\/producto\/botella-inox-500-ml-salamandra-barcelona-3\/"},"modified":"2025-07-25T18:40:14","modified_gmt":"2025-07-25T16:40:14","slug":"garrafa-inox-500-ml-salamandra-barcelona-3","status":"publish","type":"product","link":"https:\/\/olemosaic.com\/pt-pt\/produto\/garrafa-inox-500-ml-salamandra-barcelona-3\/","title":{"rendered":"Garrafa inox. 500 ml. Salamandra. Barcelona. Motivos florais."},"content":{"rendered":"<p>Esta garrafa de a\u00e7o inoxid\u00e1vel de 500 ml \u00e9 uma recorda\u00e7\u00e3o vibrante e funcional que captura a ess\u00eancia de Barcelona. Decorada com coloridos motivos de salamandras e flores, esta garrafa presta homenagem \u00e0 rica cultura e biodiversidade da regi\u00e3o. O fundo preto real\u00e7a de forma espetacular os detalhados designs pintados \u00e0 m\u00e3o de salamandras em tons de verde, vermelho e azul, que evocam a alegria e o dinamismo da cidade. Cada salamandra, com os seus padr\u00f5es \u00fanicos, entrela\u00e7a-se com flores chamativas em tons brilhantes, criando um conjunto visualmente cativante.<\/p>\n<p>Incorporando a palavra &#8220;Barcelona&#8221; em letras multicoloridas, esta garrafa n\u00e3o \u00e9 apenas um acess\u00f3rio pr\u00e1tico para manter as suas bebidas frias ou quentes, mas tamb\u00e9m um souvenir alegre que funde arte e cultura. Os designs manuais n\u00e3o s\u00f3 acrescentam autenticidade, como tamb\u00e9m refletem a paix\u00e3o dos artes\u00e3os, inspirados na fauna local e na rica diversidade da flora mediterr\u00e2nica.<\/p>\n<p>Ideal para turistas que procuram souvenirs de Barcelona, esta garrafa \u00e9 uma excelente op\u00e7\u00e3o para lojas de presentes tur\u00edsticos que desejam oferecer produtos que representem a cultura da cidade. Na Ol\u00e9 Mosaic, como distribuidores de souvenirs por grosso, garantimos a autenticidade e qualidade em cada pe\u00e7a, tornando este produto a escolha perfeita para quem valoriza a liga\u00e7\u00e3o cultural e o design muito especial. Com uma garrafa de salamandras, levar\u00e1 consigo um peda\u00e7o de Barcelona e o seu esp\u00edrito vibrante.<\/p>\n","protected":false},"excerpt":{"rendered":"<p>Garrafa de a\u00e7o inoxid\u00e1vel de 500 ml, decorada com coloridos motivos de salamandras e flores, inspirada na vibrante cultura de Barcelona. A base preta real\u00e7a os designs pintados \u00e0 m\u00e3o de salamandras verdes, vermelhas e azuis, acompanhadas de flores chamativas em tons brilhantes. Inclui a palavra &#8220;Barcelona&#8221; em letras multicoloridas, tornando-a uma recorda\u00e7\u00e3o divertida que combina funcionalidade e arte, perfeita para manter as suas bebidas frias ou quentes.<\/p>\n","protected":false},"featured_media":9941,"template":"","meta":{"_acf_changed":false},"product_brand":[],"product_cat":[786],"product_tag":[516],"class_list":{"0":"post-26956","1":"product","2":"type-product","3":"status-publish","4":"has-post-thumbnail","6":"product_cat-garrafas-inox","7":"product_tag-animais","8":"pa_ciudad-barcelona","9":"pa_motivo-salamandras","10":"pa_pais-espana","12":"first","13":"instock","14":"shipping-taxable","15":"product-type-simple"},"acf":[],"_links":{"self":[{"href":"https:\/\/olemosaic.com\/pt-pt\/wp-json\/wp\/v2\/product\/26956","targetHints":{"allow":["GET"]}}],"collection":[{"href":"https:\/\/olemosaic.com\/pt-pt\/wp-json\/wp\/v2\/product"}],"about":[{"href":"https:\/\/olemosaic.com\/pt-pt\/wp-json\/wp\/v2\/types\/product"}],"wp:featuredmedia":[{"embeddable":true,"href":"https:\/\/olemosaic.com\/pt-pt\/wp-json\/wp\/v2\/media\/9941"}],"wp:attachment":[{"href":"https:\/\/olemosaic.com\/pt-pt\/wp-json\/wp\/v2\/media?parent=26956"}],"wp:term":[{"taxonomy":"product_brand","embeddable":true,"href":"https:\/\/olemosaic.com\/pt-pt\/wp-json\/wp\/v2\/product_brand?post=26956"},{"taxonomy":"product_cat","embeddable":true,"href":"https:\/\/olemosaic.com\/pt-pt\/wp-json\/wp\/v2\/product_cat?post=26956"},{"taxonomy":"product_tag","embeddable":true,"href":"https:\/\/olemosaic.com\/pt-pt\/wp-json\/wp\/v2\/product_tag?post=26956"}],"curies":[{"name":"wp","href":"https:\/\/api.w.org\/{rel}","templated":true}]}}