{"id":26955,"date":"2025-02-20T23:28:35","date_gmt":"2025-02-20T22:28:35","guid":{"rendered":"http:\/\/olemosaic.com\/producto\/botella-inox-500-ml-mariposa-barcelona\/"},"modified":"2025-07-25T18:37:28","modified_gmt":"2025-07-25T16:37:28","slug":"garrafa-inox-500-ml-borboleta-barcelona","status":"publish","type":"product","link":"https:\/\/olemosaic.com\/pt-pt\/produto\/garrafa-inox-500-ml-borboleta-barcelona\/","title":{"rendered":"Garrafa inox. 500 ml. Borboleta. Barcelona."},"content":{"rendered":"<p>Esta garrafa de a\u00e7o inoxid\u00e1vel de 500 ml \u00e9 uma recorda\u00e7\u00e3o vibrante de Barcelona, ideal para quem deseja levar consigo um peda\u00e7o desta emblem\u00e1tica cidade. Decorada com um design de borboletas em brilhantes tons de azul, rosa e laranja, o fundo branco \u00e9 complementado por um mosaico estilizado que presta homenagem ao famoso estilo art\u00edstico de Gaud\u00ed, evocando a diversidade cultural e visual que caracteriza Barcelona. As borboletas, acompanhadas de flores alegres, simbolizam a liberdade e a beleza, tornando esta garrafa n\u00e3o apenas um artigo pr\u00e1tico, mas tamb\u00e9m uma obra de arte que celebra a natureza e a criatividade da cidade.<\/p>\n<p>O seu material de a\u00e7o inoxid\u00e1vel garante durabilidade e resist\u00eancia, ideal para manter as suas bebidas frias ou quentes durante todo o dia. Al\u00e9m disso, este souvenir representa uma liga\u00e7\u00e3o cultural com a biodiversidade e o esp\u00edrito art\u00edstico de Barcelona, sendo um presente perfeito para turistas que procuram recorda\u00e7\u00f5es aut\u00eanticas e funcionais. Na Ol\u00e9 Mosaic, especializamo-nos na distribui\u00e7\u00e3o de souvenirs por grosso, e esta garrafa \u00e9 uma excelente op\u00e7\u00e3o para lojas de presentes tur\u00edsticos que desejem oferecer produtos representativos e de qualidade. Com o seu design atraente, \u00e9 um souvenir de Barcelona que cativar\u00e1 todos.<\/p>\n","protected":false},"excerpt":{"rendered":"<p>Garrafa de a\u00e7o inoxid\u00e1vel de 500 ml, decorada com um design vibrante de borboletas. Inspirada na colorida diversidade de Barcelona, apresenta um fundo branco com um mosaico estilizado que real\u00e7a as borboletas, em tons brilhantes de azul, rosa e laranja, juntamente com flores alegres. Este artigo \u00e9 ideal para se manter hidratado enquanto desfruta da arte e da cultura desta emblem\u00e1tica cidade catal\u00e3.<\/p>\n","protected":false},"featured_media":13005,"template":"","meta":{"_acf_changed":false},"product_brand":[],"product_cat":[786],"product_tag":[516],"class_list":{"0":"post-26955","1":"product","2":"type-product","3":"status-publish","4":"has-post-thumbnail","6":"product_cat-garrafas-inox","7":"product_tag-animais","8":"pa_ciudad-barcelona","9":"pa_motivo-borboletas","10":"pa_pais-espana","12":"first","13":"instock","14":"shipping-taxable","15":"product-type-simple"},"acf":[],"_links":{"self":[{"href":"https:\/\/olemosaic.com\/pt-pt\/wp-json\/wp\/v2\/product\/26955","targetHints":{"allow":["GET"]}}],"collection":[{"href":"https:\/\/olemosaic.com\/pt-pt\/wp-json\/wp\/v2\/product"}],"about":[{"href":"https:\/\/olemosaic.com\/pt-pt\/wp-json\/wp\/v2\/types\/product"}],"wp:featuredmedia":[{"embeddable":true,"href":"https:\/\/olemosaic.com\/pt-pt\/wp-json\/wp\/v2\/media\/13005"}],"wp:attachment":[{"href":"https:\/\/olemosaic.com\/pt-pt\/wp-json\/wp\/v2\/media?parent=26955"}],"wp:term":[{"taxonomy":"product_brand","embeddable":true,"href":"https:\/\/olemosaic.com\/pt-pt\/wp-json\/wp\/v2\/product_brand?post=26955"},{"taxonomy":"product_cat","embeddable":true,"href":"https:\/\/olemosaic.com\/pt-pt\/wp-json\/wp\/v2\/product_cat?post=26955"},{"taxonomy":"product_tag","embeddable":true,"href":"https:\/\/olemosaic.com\/pt-pt\/wp-json\/wp\/v2\/product_tag?post=26955"}],"curies":[{"name":"wp","href":"https:\/\/api.w.org\/{rel}","templated":true}]}}