{"id":26948,"date":"2025-02-20T23:28:35","date_gmt":"2025-02-20T22:28:35","guid":{"rendered":"http:\/\/olemosaic.com\/producto\/botella-inox-500-ml-panoramica-barcelona-2\/"},"modified":"2025-07-25T18:40:14","modified_gmt":"2025-07-25T16:40:14","slug":"garrafa-inox-500-ml-panoramica-barcelona-2","status":"publish","type":"product","link":"https:\/\/olemosaic.com\/pt-pt\/produto\/garrafa-inox-500-ml-panoramica-barcelona-2\/","title":{"rendered":"Garrafa inox. 500 ml. Panor\u00e2mica. Barcelona."},"content":{"rendered":"<p>Esta garrafa de a\u00e7o inoxid\u00e1vel de 500 ml \u00e9 uma recorda\u00e7\u00e3o elegante e vibrante de Barcelona, desenhada para capturar a ess\u00eancia arquitet\u00f3nica da cidade. Apresenta uma panor\u00e2mica deslumbrante que inclui as ic\u00f3nicas obras de Antoni Gaud\u00ed, como a Sagrada Fam\u00edlia. A garrafa est\u00e1 adornada com detalhes de mosaico em cores brilhantes que evocam o estilo \u00fanico do modernismo catal\u00e3o. O design gr\u00e1fico destaca-se n\u00e3o s\u00f3 pela sua beleza, mas tamb\u00e9m pela sua aten\u00e7\u00e3o ao detalhe, refletindo a riqueza cultural e art\u00edstica de Barcelona.<\/p>\n<p>Fabricada em a\u00e7o inoxid\u00e1vel, esta garrafa assegura durabilidade e isolamento t\u00e9rmico para manter as suas bebidas \u00e0 temperatura ideal, seja fria ou quente. A sua forma estilizada e elegante torna-a um acess\u00f3rio pr\u00e1tico e atrativo para qualquer ocasi\u00e3o, seja um dia na praia, uma caminhada pela cidade ou simplesmente para o trabalho.<\/p>\n<p>Como recorda\u00e7\u00e3o representativa de Barcelona, esta garrafa \u00e9 uma excelente op\u00e7\u00e3o para turistas que procuram um souvenir aut\u00eantico e funcional. Na Ol\u00e9 Mosaic, especializamo-nos na distribui\u00e7\u00e3o de souvenirs por grosso, e esta garrafa de a\u00e7o inoxid\u00e1vel reflete a nossa dedica\u00e7\u00e3o em oferecer produtos de qualidade que celebrem a riqueza cultural de Espanha. Ideal para lojas de presentes tur\u00edsticos que desejem enriquecer a sua oferta com artigos aut\u00eanticos e art\u00edsticos, esta garrafa \u00e9 mais do que um simples objeto; \u00e9 um peda\u00e7o da vibrante vida barcelonesa.<\/p>\n","protected":false},"excerpt":{"rendered":"<p>Garrafa de a\u00e7o inoxid\u00e1vel de 500 ml com uma bela panor\u00e2mica de Barcelona. Este design vibrante e colorido apresenta obras arquitet\u00f3nicas ic\u00f3nicas, como a Sagrada Fam\u00edlia, adornadas com detalhes de mosaico que evocam o estilo de Antoni Gaud\u00ed. A garrafa, ideal para manter as suas bebidas \u00e0 temperatura desejada, combina funcionalidade e arte, tornando-a uma recorda\u00e7\u00e3o perfeita que captura a ess\u00eancia desta vibrante cidade.<\/p>\n","protected":false},"featured_media":9683,"template":"","meta":{"_acf_changed":false},"product_brand":[],"product_cat":[786],"product_tag":[],"class_list":{"0":"post-26948","1":"product","2":"type-product","3":"status-publish","4":"has-post-thumbnail","6":"product_cat-garrafas-inox","7":"pa_ciudad-barcelona","8":"pa_motivo-panoramas","9":"pa_pais-espana","11":"first","12":"instock","13":"shipping-taxable","14":"product-type-simple"},"acf":[],"_links":{"self":[{"href":"https:\/\/olemosaic.com\/pt-pt\/wp-json\/wp\/v2\/product\/26948","targetHints":{"allow":["GET"]}}],"collection":[{"href":"https:\/\/olemosaic.com\/pt-pt\/wp-json\/wp\/v2\/product"}],"about":[{"href":"https:\/\/olemosaic.com\/pt-pt\/wp-json\/wp\/v2\/types\/product"}],"wp:featuredmedia":[{"embeddable":true,"href":"https:\/\/olemosaic.com\/pt-pt\/wp-json\/wp\/v2\/media\/9683"}],"wp:attachment":[{"href":"https:\/\/olemosaic.com\/pt-pt\/wp-json\/wp\/v2\/media?parent=26948"}],"wp:term":[{"taxonomy":"product_brand","embeddable":true,"href":"https:\/\/olemosaic.com\/pt-pt\/wp-json\/wp\/v2\/product_brand?post=26948"},{"taxonomy":"product_cat","embeddable":true,"href":"https:\/\/olemosaic.com\/pt-pt\/wp-json\/wp\/v2\/product_cat?post=26948"},{"taxonomy":"product_tag","embeddable":true,"href":"https:\/\/olemosaic.com\/pt-pt\/wp-json\/wp\/v2\/product_tag?post=26948"}],"curies":[{"name":"wp","href":"https:\/\/api.w.org\/{rel}","templated":true}]}}