{"id":26947,"date":"2025-02-20T23:28:35","date_gmt":"2025-02-20T22:28:35","guid":{"rendered":"http:\/\/olemosaic.com\/producto\/botella-inox-500-ml-salamandra-barcelona-2\/"},"modified":"2025-07-25T18:36:16","modified_gmt":"2025-07-25T16:36:16","slug":"garrafa-inox-500-ml-salamandra-barcelona-2","status":"publish","type":"product","link":"https:\/\/olemosaic.com\/pt-pt\/produto\/garrafa-inox-500-ml-salamandra-barcelona-2\/","title":{"rendered":"Garrafa inox. 500 ml. Salamandra. Parque G\u00fcell. Barcelona."},"content":{"rendered":"<p>Esta garrafa de a\u00e7o inoxid\u00e1vel de 500 ml \u00e9 uma recorda\u00e7\u00e3o emblem\u00e1tica de Barcelona, decorada com o ic\u00f3nico design da salamandra de mosaico que adorna o Parque G\u00fcell. O seu acabamento branco serve de tela perfeita para os coloridos e vibrantes motivos das salamandras, representadas em tons de verde, vermelho e azul, que serpenteiam elegantemente pela garrafa. Al\u00e9m disso, os detalhes florais em diversas cores evocam o estilo modernista de Antoni Gaud\u00ed, convertendo esta garrafa n\u00e3o s\u00f3 num objeto funcional, mas tamb\u00e9m numa obra de arte port\u00e1til que reflete a rica heran\u00e7a cultural da cidade.<\/p>\n<p>A garrafa \u00e9 perfeita para manter as suas bebidas frias ou quentes gra\u00e7as ao seu design isolante, e conta com um fecho pr\u00e1tico que assegura o m\u00e1ximo conforto no seu uso di\u00e1rio. Esta recorda\u00e7\u00e3o n\u00e3o s\u00f3 simboliza o turismo em Barcelona, como tamb\u00e9m \u00e9 uma lembran\u00e7a do esp\u00edrito criativo inovador que caracteriza a obra de Gaud\u00ed.<\/p>\n<p>Ideal para quem deseja levar um peda\u00e7o de Barcelona para qualquer lugar, este artigo \u00e9 uma excelente op\u00e7\u00e3o para lojas de presentes tur\u00edsticos. Na Ol\u00e9 Mosaic, dedicamo-nos \u00e0 distribui\u00e7\u00e3o de recorda\u00e7\u00f5es de alta qualidade, assegurando que os nossos clientes contam com produtos aut\u00eanticos e representativos, como esta garrafa de a\u00e7o inoxid\u00e1vel, um fiel reflexo da beleza e da cultura de Barcelona.<\/p>\n","protected":false},"excerpt":{"rendered":"<p>Garrafa de a\u00e7o inoxid\u00e1vel de 500 ml, decorada com o emblem\u00e1tico design da salamandra de mosaico que adorna o Parque G\u00fcell de Barcelona. Com acabamento branco, esta garrafa apresenta coloridos motivos de salamandras em tons de verde, vermelho e azul, al\u00e9m de flores e detalhes que evocam o estilo modernista de Gaud\u00ed. Perfeita para manter as suas bebidas frias ou quentes, e com um fecho pr\u00e1tico. Um souvenir ideal para levar um peda\u00e7o de Barcelona para qualquer lugar.<\/p>\n","protected":false},"featured_media":9919,"template":"","meta":{"_acf_changed":false},"product_brand":[],"product_cat":[786],"product_tag":[516],"class_list":{"0":"post-26947","1":"product","2":"type-product","3":"status-publish","4":"has-post-thumbnail","6":"product_cat-garrafas-inox","7":"product_tag-animais","8":"pa_ciudad-barcelona","9":"pa_motivo-salamandras","10":"pa_pais-espana","12":"first","13":"instock","14":"shipping-taxable","15":"product-type-simple"},"acf":[],"_links":{"self":[{"href":"https:\/\/olemosaic.com\/pt-pt\/wp-json\/wp\/v2\/product\/26947","targetHints":{"allow":["GET"]}}],"collection":[{"href":"https:\/\/olemosaic.com\/pt-pt\/wp-json\/wp\/v2\/product"}],"about":[{"href":"https:\/\/olemosaic.com\/pt-pt\/wp-json\/wp\/v2\/types\/product"}],"wp:featuredmedia":[{"embeddable":true,"href":"https:\/\/olemosaic.com\/pt-pt\/wp-json\/wp\/v2\/media\/9919"}],"wp:attachment":[{"href":"https:\/\/olemosaic.com\/pt-pt\/wp-json\/wp\/v2\/media?parent=26947"}],"wp:term":[{"taxonomy":"product_brand","embeddable":true,"href":"https:\/\/olemosaic.com\/pt-pt\/wp-json\/wp\/v2\/product_brand?post=26947"},{"taxonomy":"product_cat","embeddable":true,"href":"https:\/\/olemosaic.com\/pt-pt\/wp-json\/wp\/v2\/product_cat?post=26947"},{"taxonomy":"product_tag","embeddable":true,"href":"https:\/\/olemosaic.com\/pt-pt\/wp-json\/wp\/v2\/product_tag?post=26947"}],"curies":[{"name":"wp","href":"https:\/\/api.w.org\/{rel}","templated":true}]}}