{"id":26946,"date":"2025-02-20T23:28:35","date_gmt":"2025-02-20T22:28:35","guid":{"rendered":"http:\/\/olemosaic.com\/producto\/botella-inox-500-ml-abstracto-barcelona\/"},"modified":"2025-07-25T18:50:04","modified_gmt":"2025-07-25T16:50:04","slug":"garrafa-inox-500-ml-abstrato-barcelona","status":"publish","type":"product","link":"https:\/\/olemosaic.com\/pt-pt\/produto\/garrafa-inox-500-ml-abstrato-barcelona\/","title":{"rendered":"Garrafa inox. 500 ml. Abstrato. Barcelona."},"content":{"rendered":"<p>Esta garrafa de a\u00e7o inoxid\u00e1vel de 500 ml \u00e9 uma aut\u00eantica homenagem \u00e0 vibrante cidade de Barcelona. O seu design abstrato destaca-se por uma bela mistura de cores em tons de vermelho, amarelo e azul, que evocam a energia e a criatividade que caracterizam a metr\u00f3pole catal\u00e3. A palavra &#8220;Barcelona&#8221; apresenta-se num chamativo branco, real\u00e7ando artisticamente sobre o fundo de cores intensas e din\u00e2micas, convertendo esta garrafa n\u00e3o s\u00f3 num elemento funcional, mas numa verdadeira obra de arte que captura a ess\u00eancia da cidade.<\/p>\n<p>Fabricada em a\u00e7o inoxid\u00e1vel de alta qualidade, a garrafa garante durabilidade e resist\u00eancia, sendo ideal para manter as suas bebidas frias ou quentes, seja durante um passeio pela cidade ou nas suas atividades di\u00e1rias. O seu design ergon\u00f3mico e leve facilita o transporte, o que a torna a recorda\u00e7\u00e3o perfeita para turistas.<\/p>\n<p>Este souvenir de Barcelona n\u00e3o \u00e9 apenas pr\u00e1tico, mas tamb\u00e9m real\u00e7a a singularidade cultural da cidade, famosa pela sua arquitetura modernista e pelo seu ambiente cosmopolita. Na Ol\u00e9 Mosaic, especializamo-nos na distribui\u00e7\u00e3o de souvenirs aut\u00eanticos por grosso, e esta garrafa \u00e9 uma op\u00e7\u00e3o ideal para lojas de presentes tur\u00edsticos que desejem oferecer produtos que celebrem a riqueza cultural espanhola. Com o seu design atrativo e a sua relev\u00e2ncia cultural, esta garrafa de a\u00e7o inoxid\u00e1vel \u00e9 a escolha perfeita para quem procura uma recorda\u00e7\u00e3o significativa de Barcelona.<\/p>\n","protected":false},"excerpt":{"rendered":"<p>Garrafa de a\u00e7o inoxid\u00e1vel de 500 ml com um vibrante design abstrato inspirado em Barcelona. A garrafa apresenta uma atrativa mistura de cores em tons de vermelho, amarelo e azul, com a palavra &#8220;Barcelona&#8221; a destacar-se em branco de forma art\u00edstica. Este acess\u00f3rio, al\u00e9m de funcional, \u00e9 uma recorda\u00e7\u00e3o chamativa que captura a ess\u00eancia din\u00e2mica da cidade, ideal para quem procura um toque moderno e colorido no seu dia a dia.<\/p>\n","protected":false},"featured_media":13010,"template":"","meta":{"_acf_changed":false},"product_brand":[],"product_cat":[786],"product_tag":[],"class_list":{"0":"post-26946","1":"product","2":"type-product","3":"status-publish","4":"has-post-thumbnail","6":"product_cat-garrafas-inox","7":"pa_ciudad-barcelona","8":"pa_motivo-resumo","9":"pa_pais-espana","11":"first","12":"instock","13":"shipping-taxable","14":"product-type-simple"},"acf":[],"_links":{"self":[{"href":"https:\/\/olemosaic.com\/pt-pt\/wp-json\/wp\/v2\/product\/26946","targetHints":{"allow":["GET"]}}],"collection":[{"href":"https:\/\/olemosaic.com\/pt-pt\/wp-json\/wp\/v2\/product"}],"about":[{"href":"https:\/\/olemosaic.com\/pt-pt\/wp-json\/wp\/v2\/types\/product"}],"wp:featuredmedia":[{"embeddable":true,"href":"https:\/\/olemosaic.com\/pt-pt\/wp-json\/wp\/v2\/media\/13010"}],"wp:attachment":[{"href":"https:\/\/olemosaic.com\/pt-pt\/wp-json\/wp\/v2\/media?parent=26946"}],"wp:term":[{"taxonomy":"product_brand","embeddable":true,"href":"https:\/\/olemosaic.com\/pt-pt\/wp-json\/wp\/v2\/product_brand?post=26946"},{"taxonomy":"product_cat","embeddable":true,"href":"https:\/\/olemosaic.com\/pt-pt\/wp-json\/wp\/v2\/product_cat?post=26946"},{"taxonomy":"product_tag","embeddable":true,"href":"https:\/\/olemosaic.com\/pt-pt\/wp-json\/wp\/v2\/product_tag?post=26946"}],"curies":[{"name":"wp","href":"https:\/\/api.w.org\/{rel}","templated":true}]}}