{"id":26945,"date":"2025-02-20T23:28:34","date_gmt":"2025-02-20T22:28:34","guid":{"rendered":"http:\/\/olemosaic.com\/producto\/botella-inox-500-ml-mosaico\/"},"modified":"2025-07-25T18:50:06","modified_gmt":"2025-07-25T16:50:06","slug":"garrafa-inox-500-ml-mosaico","status":"publish","type":"product","link":"https:\/\/olemosaic.com\/pt-pt\/produto\/garrafa-inox-500-ml-mosaico\/","title":{"rendered":"Garrafa inox. 500 ml. Mosaico."},"content":{"rendered":"<p>Esta garrafa de a\u00e7o inoxid\u00e1vel de 500 ml \u00e9 uma aut\u00eantica homenagem \u00e0 rica tradi\u00e7\u00e3o art\u00edstica espanhola, perfeita para os turistas que procuram uma recorda\u00e7\u00e3o representativa. Com um design vibrante de mosaico, a sua superf\u00edcie apresenta uma combina\u00e7\u00e3o ecl\u00e9tica de padr\u00f5es geom\u00e9tricos em azul, vermelho, amarelo e verde, evocando a t\u00e9cnica do trencad\u00eds, t\u00edpica da arte catal\u00e3, famosa pelos seus intrincados e coloridos azulejos. A tampa de a\u00e7o n\u00e3o s\u00f3 garante a durabilidade do produto, como se complementa com um pr\u00e1tico mosquet\u00e3o vermelho que permite levar a garrafa de forma segura e estilizada em qualquer aventura di\u00e1ria, seja um dia de turismo pela cidade ou uma excurs\u00e3o ao ar livre.<\/p>\n<p>Esta recorda\u00e7\u00e3o n\u00e3o \u00e9 apenas funcional, mas simboliza a autenticidade e a criatividade do patrim\u00f3nio espanhol, servindo como uma lembran\u00e7a tang\u00edvel das tradi\u00e7\u00f5es culturais. Na Ol\u00e9 Mosaic, orgulhamo-nos de ser distribuidores de recorda\u00e7\u00f5es por grosso, oferecendo produtos de qualidade como esta garrafa, ideais para lojas de presentes tur\u00edsticos que procuram captar a ess\u00eancia de Espanha. Este artigo n\u00e3o \u00e9 apenas uma garrafa: \u00e9 uma pe\u00e7a de arte que liga os visitantes ao calor e ao esp\u00edrito colorido do nosso pa\u00eds.<\/p>\n","protected":false},"excerpt":{"rendered":"<p>Garrafa de a\u00e7o inoxid\u00e1vel de 500 ml, decorada com um vibrante design de mosaico que evoca a rica tradi\u00e7\u00e3o art\u00edstica espanhola. A sua superf\u00edcie apresenta uma combina\u00e7\u00e3o de padr\u00f5es geom\u00e9tricos em azul, vermelho, amarelo e verde, que refletem a ess\u00eancia do trencad\u00eds, pr\u00f3prio da arte catal\u00e3. A garrafa inclui uma tampa de a\u00e7o e um pr\u00e1tico mosquet\u00e3o vermelho, ideal para o acompanhar nas suas aventuras di\u00e1rias com estilo e funcionalidade.<\/p>\n","protected":false},"featured_media":9676,"template":"","meta":{"_acf_changed":false},"product_brand":[],"product_cat":[786],"product_tag":[],"class_list":{"0":"post-26945","1":"product","2":"type-product","3":"status-publish","4":"has-post-thumbnail","6":"product_cat-garrafas-inox","7":"pa_motivo-mosaico","9":"first","10":"instock","11":"shipping-taxable","12":"product-type-simple"},"acf":[],"_links":{"self":[{"href":"https:\/\/olemosaic.com\/pt-pt\/wp-json\/wp\/v2\/product\/26945","targetHints":{"allow":["GET"]}}],"collection":[{"href":"https:\/\/olemosaic.com\/pt-pt\/wp-json\/wp\/v2\/product"}],"about":[{"href":"https:\/\/olemosaic.com\/pt-pt\/wp-json\/wp\/v2\/types\/product"}],"wp:featuredmedia":[{"embeddable":true,"href":"https:\/\/olemosaic.com\/pt-pt\/wp-json\/wp\/v2\/media\/9676"}],"wp:attachment":[{"href":"https:\/\/olemosaic.com\/pt-pt\/wp-json\/wp\/v2\/media?parent=26945"}],"wp:term":[{"taxonomy":"product_brand","embeddable":true,"href":"https:\/\/olemosaic.com\/pt-pt\/wp-json\/wp\/v2\/product_brand?post=26945"},{"taxonomy":"product_cat","embeddable":true,"href":"https:\/\/olemosaic.com\/pt-pt\/wp-json\/wp\/v2\/product_cat?post=26945"},{"taxonomy":"product_tag","embeddable":true,"href":"https:\/\/olemosaic.com\/pt-pt\/wp-json\/wp\/v2\/product_tag?post=26945"}],"curies":[{"name":"wp","href":"https:\/\/api.w.org\/{rel}","templated":true}]}}