{"id":26924,"date":"2025-02-20T23:28:34","date_gmt":"2025-02-20T22:28:34","guid":{"rendered":"http:\/\/olemosaic.com\/producto\/botella-inox-350-ml-panoramica-barcelona-4\/"},"modified":"2025-07-25T19:18:20","modified_gmt":"2025-07-25T17:18:20","slug":"garrafa-inox-350-ml-panoramica-torre-glories-barcelona","status":"publish","type":"product","link":"https:\/\/olemosaic.com\/pt-pt\/produto\/garrafa-inox-350-ml-panoramica-torre-glories-barcelona\/","title":{"rendered":"Garrafa inox. 350 ml. Panor\u00e2mica. Torre Gl\u00f2ries. Barcelona."},"content":{"rendered":"<p>Esta garrafa de a\u00e7o inoxid\u00e1vel de 350 ml \u00e9 uma joia que captura a ess\u00eancia vibrante de Barcelona, ideal para quem procura uma recorda\u00e7\u00e3o \u00fanica da cidade. O seu design colorido apresenta uma panor\u00e2mica impressionante com ilustra\u00e7\u00f5es emblem\u00e1ticas como a Sagrada Fam\u00edlia e o Parque G\u00fcell, juntamente com o moderno edif\u00edcio Torre Gl\u00f2ries. Tudo isto sobre um fundo azul que imita o famoso trencad\u00eds de Gaud\u00ed, uma t\u00e9cnica sin\u00f3nimo da arquitetura barcelonesa.<\/p>\n<p>Fabricada em a\u00e7o inoxid\u00e1vel, esta garrafa n\u00e3o \u00e9 apenas um acess\u00f3rio atraente, mas tamb\u00e9m funcional, mantendo as suas bebidas frias durante todo o dia. Com um acabamento elegante e detalhes art\u00edsticos, \u00e9 perfeita para os amantes de Barcelona e do seu incompar\u00e1vel legado arquitet\u00f3nico. Al\u00e9m disso, o seu tamanho de 350 ml torna-a a op\u00e7\u00e3o ideal para a levar consigo enquanto explora as maravilhas da cidade.<\/p>\n<p>Na Ol\u00e9 Mosaic, orgulhamo-nos de oferecer lembran\u00e7as aut\u00eanticas que refletem o patrim\u00f3nio cultural espanhol, e esta garrafa \u00e9 um excelente exemplo disso. Como distribuidores de produtos tur\u00edsticos por grosso, garantimos que cada pe\u00e7a \u00e9 uma recorda\u00e7\u00e3o representativa de Barcelona, perfeita para lojas de presentes que procuram surpreender os seus clientes com artigos de qualidade.<\/p>\n","protected":false},"excerpt":{"rendered":"<p>Garrafa de a\u00e7o inoxid\u00e1vel de 350 ml com uma vibrante panor\u00e2mica de Barcelona. O seu design colorido inclui ilustra\u00e7\u00f5es da Sagrada Fam\u00edlia, do Park G\u00fcell e do ic\u00f3nico edif\u00edcio Torre Gl\u00f2ries, tudo isto sobre um fundo azul que simula o trencad\u00eds t\u00edpico de Gaud\u00ed. A garrafa \u00e9 perfeita para manter as suas bebidas frias, combinando funcionalidade e arte, ideal para os amantes da cidade e da sua arquitetura singular.<\/p>\n","protected":false},"featured_media":12792,"template":"","meta":{"_acf_changed":false},"product_brand":[],"product_cat":[786],"product_tag":[],"class_list":{"0":"post-26924","1":"product","2":"type-product","3":"status-publish","4":"has-post-thumbnail","6":"product_cat-garrafas-inox","7":"pa_ciudad-barcelona","8":"pa_motivo-panoramas","9":"pa_pais-espana","11":"first","12":"instock","13":"shipping-taxable","14":"product-type-simple"},"acf":[],"_links":{"self":[{"href":"https:\/\/olemosaic.com\/pt-pt\/wp-json\/wp\/v2\/product\/26924","targetHints":{"allow":["GET"]}}],"collection":[{"href":"https:\/\/olemosaic.com\/pt-pt\/wp-json\/wp\/v2\/product"}],"about":[{"href":"https:\/\/olemosaic.com\/pt-pt\/wp-json\/wp\/v2\/types\/product"}],"wp:featuredmedia":[{"embeddable":true,"href":"https:\/\/olemosaic.com\/pt-pt\/wp-json\/wp\/v2\/media\/12792"}],"wp:attachment":[{"href":"https:\/\/olemosaic.com\/pt-pt\/wp-json\/wp\/v2\/media?parent=26924"}],"wp:term":[{"taxonomy":"product_brand","embeddable":true,"href":"https:\/\/olemosaic.com\/pt-pt\/wp-json\/wp\/v2\/product_brand?post=26924"},{"taxonomy":"product_cat","embeddable":true,"href":"https:\/\/olemosaic.com\/pt-pt\/wp-json\/wp\/v2\/product_cat?post=26924"},{"taxonomy":"product_tag","embeddable":true,"href":"https:\/\/olemosaic.com\/pt-pt\/wp-json\/wp\/v2\/product_tag?post=26924"}],"curies":[{"name":"wp","href":"https:\/\/api.w.org\/{rel}","templated":true}]}}