{"id":26921,"date":"2025-02-20T23:28:34","date_gmt":"2025-02-20T22:28:34","guid":{"rendered":"http:\/\/olemosaic.com\/producto\/botella-inox-350-ml-panoramica-barcelona-2\/"},"modified":"2025-07-25T18:40:14","modified_gmt":"2025-07-25T16:40:14","slug":"garrafa-inox-350-ml-panoramica-park-guell-barcelona","status":"publish","type":"product","link":"https:\/\/olemosaic.com\/pt-pt\/produto\/garrafa-inox-350-ml-panoramica-park-guell-barcelona\/","title":{"rendered":"Garrafa inox. 350 ml. Panor\u00e2mica. Park G\u00fcell. Barcelona."},"content":{"rendered":"<p>Esta garrafa de a\u00e7o inoxid\u00e1vel de 350 ml \u00e9 um aut\u00eantico reflexo do encanto arquitet\u00f3nico de Barcelona. O seu design, colorido e moderno, mostra uma espetacular panor\u00e2mica de alguns dos monumentos mais emblem\u00e1ticos da cidade, como a majestosa Sagrada Fam\u00edlia e o vibrante Parque G\u00fcell, ilustrados com um estilo de mosaico que presta homenagem \u00e0 obra de Antoni Gaud\u00ed. A base dourada confere um toque de eleg\u00e2ncia, real\u00e7ando a beleza da paisagem urbana e tornando esta garrafa num objeto de desejo, tanto funcional como decorativo.<\/p>\n<p>Al\u00e9m de ser ideal para manter as suas bebidas frias ou quentes, esta garrafa atua como uma recorda\u00e7\u00e3o v\u00edvida da rica cultura catal\u00e3 e do seu patrim\u00f3nio arquitet\u00f3nico. Esta lembran\u00e7a \u00e9 perfeita para os turistas que desejam levar um peda\u00e7o de Barcelona e partilhar a sua experi\u00eancia com amigos e familiares. Na Ol\u00e9 Mosaic, orgulhamo-nos de oferecer produtos aut\u00eanticos e de alta qualidade, e esta garrafa representa a nossa miss\u00e3o de distribuir lembran\u00e7as que capturam a ess\u00eancia de cada regi\u00e3o.<\/p>\n<p>Escolher esta garrafa de a\u00e7o inoxid\u00e1vel n\u00e3o \u00e9 apenas uma op\u00e7\u00e3o pr\u00e1tica, mas tamb\u00e9m um investimento num artigo que celebra a arte e a arquitetura de Barcelona, tornando-a uma excelente escolha para lojas de presentes tur\u00edsticos que procuram artigos memor\u00e1veis e atraentes.<\/p>\n","protected":false},"excerpt":{"rendered":"<p>Garrafa de a\u00e7o inoxid\u00e1vel de 350 ml com uma encantadora panor\u00e2mica de Barcelona. Este produto pr\u00e1tico apresenta um design moderno e colorido, que inclui elementos arquitet\u00f3nicos emblem\u00e1ticos da cidade como a Sagrada Fam\u00edlia e o Park G\u00fcell, todos estilizados com um vibrante mosaico. A base, em tons dourados, real\u00e7a a majestosidade da paisagem urbana. Ideal para manter as suas bebidas frescas enquanto leva um peda\u00e7o de Barcelona consigo.<\/p>\n","protected":false},"featured_media":12790,"template":"","meta":{"_acf_changed":false},"product_brand":[],"product_cat":[786],"product_tag":[],"class_list":{"0":"post-26921","1":"product","2":"type-product","3":"status-publish","4":"has-post-thumbnail","6":"product_cat-garrafas-inox","7":"pa_ciudad-barcelona","8":"pa_motivo-panoramas","9":"pa_pais-espana","11":"first","12":"instock","13":"shipping-taxable","14":"product-type-simple"},"acf":[],"_links":{"self":[{"href":"https:\/\/olemosaic.com\/pt-pt\/wp-json\/wp\/v2\/product\/26921","targetHints":{"allow":["GET"]}}],"collection":[{"href":"https:\/\/olemosaic.com\/pt-pt\/wp-json\/wp\/v2\/product"}],"about":[{"href":"https:\/\/olemosaic.com\/pt-pt\/wp-json\/wp\/v2\/types\/product"}],"wp:featuredmedia":[{"embeddable":true,"href":"https:\/\/olemosaic.com\/pt-pt\/wp-json\/wp\/v2\/media\/12790"}],"wp:attachment":[{"href":"https:\/\/olemosaic.com\/pt-pt\/wp-json\/wp\/v2\/media?parent=26921"}],"wp:term":[{"taxonomy":"product_brand","embeddable":true,"href":"https:\/\/olemosaic.com\/pt-pt\/wp-json\/wp\/v2\/product_brand?post=26921"},{"taxonomy":"product_cat","embeddable":true,"href":"https:\/\/olemosaic.com\/pt-pt\/wp-json\/wp\/v2\/product_cat?post=26921"},{"taxonomy":"product_tag","embeddable":true,"href":"https:\/\/olemosaic.com\/pt-pt\/wp-json\/wp\/v2\/product_tag?post=26921"}],"curies":[{"name":"wp","href":"https:\/\/api.w.org\/{rel}","templated":true}]}}