{"id":26908,"date":"2025-02-20T23:28:34","date_gmt":"2025-02-20T22:28:34","guid":{"rendered":"http:\/\/olemosaic.com\/producto\/botella-inox-350-ml-buho\/"},"modified":"2025-07-25T18:50:04","modified_gmt":"2025-07-25T16:50:04","slug":"garrafa-inox-350-ml-coruja","status":"publish","type":"product","link":"https:\/\/olemosaic.com\/pt-pt\/produto\/garrafa-inox-350-ml-coruja\/","title":{"rendered":"Garrafa inox. 350 ml. Coruja."},"content":{"rendered":"<p>Esta garrafa de a\u00e7o inoxid\u00e1vel de 350 ml, decorada com um vibrante design de corujas em estilo mosaico, \u00e9 uma aut\u00eantica joia da arte popular espanhola. A sua superf\u00edcie apresenta um magn\u00edfico padr\u00e3o em cores vivas, que combina tons de azul, amarelo, vermelho e verde, evocando a diversidade da natureza e a riqueza cultural de Espanha. Cada coruja est\u00e1 meticulosamente representada com detalhes intrincados, o que real\u00e7a a habilidade artesanal que caracteriza esta lembran\u00e7a \u00fanica. O fundo branco do design, simulado atrav\u00e9s de um padr\u00e3o de mosaico, real\u00e7a ainda mais as cores, conferindo um ar fresco e en\u00e9rgico.<\/p>\n<p>Al\u00e9m da sua est\u00e9tica atraente, esta garrafa \u00e9 funcional, duradoura e pr\u00e1tica. O seu acabamento em a\u00e7o inoxid\u00e1vel garante que as bebidas se mantenham frias ou quentes durante mais tempo, o que a torna um acess\u00f3rio ideal para os amantes da natureza e da arte. Esta lembran\u00e7a representa a liga\u00e7\u00e3o entre a arte e a tradi\u00e7\u00e3o, captando a ess\u00eancia do folclore espanhol de uma forma que os turistas podem levar consigo para qualquer lugar.<\/p>\n<p>Na Ol\u00e9 Mosaic, como grossista de lembran\u00e7as aut\u00eanticas, oferecemos esta garrafa como uma op\u00e7\u00e3o perfeita para lojas de presentes tur\u00edsticos que procuram artigos distintivos e representativos da cultura espanhola. Esta garrafa deve ser uma parte essencial da sua cole\u00e7\u00e3o de lembran\u00e7as de arte, capitalizando a tend\u00eancia atual para produtos que combinam funcionalidade e design.<\/p>\n","protected":false},"excerpt":{"rendered":"<p>Garrafa de a\u00e7o inoxid\u00e1vel de 350 ml decorada com um vibrante design de corujas ao estilo mosaico. A garrafa apresenta cores vivas e detalhes intrincados que evocam o artesanato tradicional, perfeita para os amantes da arte e da natureza. O seu acabamento met\u00e1lico \u00e9 duradouro e f\u00e1cil de limpar, e o design colorido confere-lhe um toque distintivo. Ideal para manter as suas bebidas frias ou quentes enquanto exibe um pedacinho do folclore espanhol.<\/p>\n","protected":false},"featured_media":12795,"template":"","meta":{"_acf_changed":false},"product_brand":[],"product_cat":[786],"product_tag":[516],"class_list":{"0":"post-26908","1":"product","2":"type-product","3":"status-publish","4":"has-post-thumbnail","6":"product_cat-garrafas-inox","7":"product_tag-animais","8":"pa_motivo-corujas","10":"first","11":"instock","12":"shipping-taxable","13":"product-type-simple"},"acf":[],"_links":{"self":[{"href":"https:\/\/olemosaic.com\/pt-pt\/wp-json\/wp\/v2\/product\/26908","targetHints":{"allow":["GET"]}}],"collection":[{"href":"https:\/\/olemosaic.com\/pt-pt\/wp-json\/wp\/v2\/product"}],"about":[{"href":"https:\/\/olemosaic.com\/pt-pt\/wp-json\/wp\/v2\/types\/product"}],"wp:featuredmedia":[{"embeddable":true,"href":"https:\/\/olemosaic.com\/pt-pt\/wp-json\/wp\/v2\/media\/12795"}],"wp:attachment":[{"href":"https:\/\/olemosaic.com\/pt-pt\/wp-json\/wp\/v2\/media?parent=26908"}],"wp:term":[{"taxonomy":"product_brand","embeddable":true,"href":"https:\/\/olemosaic.com\/pt-pt\/wp-json\/wp\/v2\/product_brand?post=26908"},{"taxonomy":"product_cat","embeddable":true,"href":"https:\/\/olemosaic.com\/pt-pt\/wp-json\/wp\/v2\/product_cat?post=26908"},{"taxonomy":"product_tag","embeddable":true,"href":"https:\/\/olemosaic.com\/pt-pt\/wp-json\/wp\/v2\/product_tag?post=26908"}],"curies":[{"name":"wp","href":"https:\/\/api.w.org\/{rel}","templated":true}]}}