{"id":26907,"date":"2025-02-20T23:28:33","date_gmt":"2025-02-20T22:28:33","guid":{"rendered":"http:\/\/olemosaic.com\/producto\/bola-de-nieve-dragon-barcelona-4-colores\/"},"modified":"2025-07-25T19:38:40","modified_gmt":"2025-07-25T17:38:40","slug":"bola-de-neve-dragao-barcelona-4-cores","status":"publish","type":"product","link":"https:\/\/olemosaic.com\/pt-pt\/produto\/bola-de-neve-dragao-barcelona-4-cores\/","title":{"rendered":"Bola de neve. Drag\u00e3o. Barcelona. 4 cores"},"content":{"rendered":"<p>Esta bola de neve decorativa com um drag\u00e3o \u00e9 uma recorda\u00e7\u00e3o encantadora de Barcelona, dispon\u00edvel em quatro cores vibrantes: azul, verde, laranja e vermelho. A base de cer\u00e2mica, com efeito pintado \u00e0 m\u00e3o, ostenta um design atraente com a palavra &#8220;Barcelona&#8221; em relevo e um acabamento brilhante que capta a luz. Ao agitar a bola, um drag\u00e3o colorido ergue-se sobre um fundo branco, criando um efeito visual cativante que evoca a magia desta ic\u00f3nica cidade catal\u00e3. O drag\u00e3o, s\u00edmbolo potente da heran\u00e7a cultural barcelonesa, presta homenagem \u00e0 lenda de Sant Jordi, onde um cavaleiro corajoso vence um drag\u00e3o. Esta recorda\u00e7\u00e3o n\u00e3o \u00e9 apenas um objeto decorativo, mas tamb\u00e9m uma lembran\u00e7a da rica hist\u00f3ria e da vibrante vida de Barcelona, o que a torna uma pe\u00e7a ideal para turistas que procuram levar um peda\u00e7o da cultura local. Na Ol\u00e9 Mosaic, dedicamo-nos \u00e0 distribui\u00e7\u00e3o de lembran\u00e7as por grosso, e esta bola de neve \u00e9 uma excelente op\u00e7\u00e3o para lojas de presentes tur\u00edsticos que procuram oferecer produtos aut\u00eanticos e cheios de significado. Garanta uma recorda\u00e7\u00e3o inesquec\u00edvel de Barcelona com este atraente e colorido drag\u00e3o na sua cole\u00e7\u00e3o de lembran\u00e7as.<\/p>\n","protected":false},"excerpt":{"rendered":"<p>Bola de neve decorativa com um drag\u00e3o, representativa de Barcelona, dispon\u00edvel em quatro cores vibrantes: azul, verde, laranja e vermelho. A base de cer\u00e2mica, com design artesanal pintado \u00e0 m\u00e3o, apresenta um design atraente com a palavra &#8220;Barcelona&#8221; em relevo e um acabamento brilhante. No interior, um drag\u00e3o colorido destaca-se sobre uma base branca, criando um encantador efeito visual ao agit\u00e1-la. Esta recorda\u00e7\u00e3o \u00e9 ideal para evocar a magia desta cidade catal\u00e3.<\/p>\n","protected":false},"featured_media":13793,"template":"","meta":{"_acf_changed":false},"product_brand":[],"product_cat":[641],"product_tag":[516,642],"class_list":{"0":"post-26907","1":"product","2":"type-product","3":"status-publish","4":"has-post-thumbnail","6":"product_cat-bolas-de-neve","7":"product_tag-animais","8":"product_tag-natal","9":"pa_ciudad-barcelona","10":"pa_motivo-dragao","11":"pa_pais-espana","13":"first","14":"instock","15":"shipping-taxable","16":"product-type-simple"},"acf":[],"_links":{"self":[{"href":"https:\/\/olemosaic.com\/pt-pt\/wp-json\/wp\/v2\/product\/26907","targetHints":{"allow":["GET"]}}],"collection":[{"href":"https:\/\/olemosaic.com\/pt-pt\/wp-json\/wp\/v2\/product"}],"about":[{"href":"https:\/\/olemosaic.com\/pt-pt\/wp-json\/wp\/v2\/types\/product"}],"wp:featuredmedia":[{"embeddable":true,"href":"https:\/\/olemosaic.com\/pt-pt\/wp-json\/wp\/v2\/media\/13793"}],"wp:attachment":[{"href":"https:\/\/olemosaic.com\/pt-pt\/wp-json\/wp\/v2\/media?parent=26907"}],"wp:term":[{"taxonomy":"product_brand","embeddable":true,"href":"https:\/\/olemosaic.com\/pt-pt\/wp-json\/wp\/v2\/product_brand?post=26907"},{"taxonomy":"product_cat","embeddable":true,"href":"https:\/\/olemosaic.com\/pt-pt\/wp-json\/wp\/v2\/product_cat?post=26907"},{"taxonomy":"product_tag","embeddable":true,"href":"https:\/\/olemosaic.com\/pt-pt\/wp-json\/wp\/v2\/product_tag?post=26907"}],"curies":[{"name":"wp","href":"https:\/\/api.w.org\/{rel}","templated":true}]}}