{"id":26906,"date":"2025-02-20T22:28:33","date_gmt":"2025-02-20T22:28:33","guid":{"rendered":"http:\/\/olemosaic.com\/producto\/bola-de-navidad-con-caja-salamandra-y-flores\/"},"modified":"2025-07-25T18:58:31","modified_gmt":"2025-07-25T16:58:31","slug":"bola-de-natal-com-caixa-salamandra-e-flores","status":"publish","type":"product","link":"https:\/\/olemosaic.com\/pt-pt\/produto\/bola-de-natal-com-caixa-salamandra-e-flores\/","title":{"rendered":"Bola de Natal com caixa. Salamandra e flores."},"content":{"rendered":"<p>Esta bola de Natal \u00e9 uma recorda\u00e7\u00e3o exclusiva que funde arte e tradi\u00e7\u00e3o, ideal para conferir um toque vibrante \u00e0 sua decora\u00e7\u00e3o natal\u00edcia. Apresentada numa elegante caixa, esta bola de cer\u00e2mica exibe um design cativante de salamandra, adornada com um mosaico colorido que evoca o famoso trencad\u00eds de Gaud\u00ed. A ilustra\u00e7\u00e3o apresenta uma salamandra em tons verdes e azuis, captando a ess\u00eancia do modernismo catal\u00e3o, rodeada de delicados motivos florais em amarelo e vermelho. Cada detalhe da bola real\u00e7a a rica cultura e o folclore espanhol, tornando-a uma recorda\u00e7\u00e3o inesquec\u00edvel da sua estadia em Espanha.<\/p>\n<p>Este produto n\u00e3o \u00e9 apenas um adorno natal\u00edcio, mas um s\u00edmbolo da criatividade e da arte da regi\u00e3o, refletindo a influ\u00eancia de Gaud\u00ed na arquitetura e no design de Barcelona. Perfeita para quem procura lembran\u00e7as aut\u00eanticas e representativas da sua viagem, esta bola de Natal \u00e9 um presente excelente para turistas e amantes da cultura. Na Ol\u00e9 Mosaic, como grossistas de lembran\u00e7as, garantimos a qualidade e autenticidade da nossa sele\u00e7\u00e3o, assegurando que cada pe\u00e7a conte uma hist\u00f3ria \u00fanica que os visitantes querer\u00e3o levar para casa.<\/p>\n","protected":false},"excerpt":{"rendered":"<p>Bola de Natal apresentada numa elegante caixa, decorada com um vibrante design de salamandra e flores. Realizada em cer\u00e2mica, esta bola exibe uma explos\u00e3o de cor na sua ilustra\u00e7\u00e3o, com detalhes que evocam o famoso trencad\u00eds de Gaud\u00ed. A cena mostra uma salamandra em tons verdes e azuis, rodeada de motivos florais em amarelo e vermelho, que captam a ess\u00eancia da arte e do folclore espanh\u00f3is. Perfeita para adicionar um toque art\u00edstico \u00e0 sua decora\u00e7\u00e3o natal\u00edcia.<\/p>\n","protected":false},"featured_media":9747,"template":"","meta":{"_acf_changed":false},"product_brand":[],"product_cat":[652],"product_tag":[516,642],"class_list":{"0":"post-26906","1":"product","2":"type-product","3":"status-publish","4":"has-post-thumbnail","6":"product_cat-bolas-de-natal","7":"product_tag-animais","8":"product_tag-natal","9":"pa_motivo-salamandras","11":"first","12":"instock","13":"shipping-taxable","14":"product-type-simple"},"acf":[],"_links":{"self":[{"href":"https:\/\/olemosaic.com\/pt-pt\/wp-json\/wp\/v2\/product\/26906","targetHints":{"allow":["GET"]}}],"collection":[{"href":"https:\/\/olemosaic.com\/pt-pt\/wp-json\/wp\/v2\/product"}],"about":[{"href":"https:\/\/olemosaic.com\/pt-pt\/wp-json\/wp\/v2\/types\/product"}],"wp:featuredmedia":[{"embeddable":true,"href":"https:\/\/olemosaic.com\/pt-pt\/wp-json\/wp\/v2\/media\/9747"}],"wp:attachment":[{"href":"https:\/\/olemosaic.com\/pt-pt\/wp-json\/wp\/v2\/media?parent=26906"}],"wp:term":[{"taxonomy":"product_brand","embeddable":true,"href":"https:\/\/olemosaic.com\/pt-pt\/wp-json\/wp\/v2\/product_brand?post=26906"},{"taxonomy":"product_cat","embeddable":true,"href":"https:\/\/olemosaic.com\/pt-pt\/wp-json\/wp\/v2\/product_cat?post=26906"},{"taxonomy":"product_tag","embeddable":true,"href":"https:\/\/olemosaic.com\/pt-pt\/wp-json\/wp\/v2\/product_tag?post=26906"}],"curies":[{"name":"wp","href":"https:\/\/api.w.org\/{rel}","templated":true}]}}