{"id":26898,"date":"2025-02-20T23:28:33","date_gmt":"2025-02-20T22:28:33","guid":{"rendered":"http:\/\/olemosaic.com\/producto\/bola-de-navidad-con-caja-panoramica-barcelona-multicolor-5\/"},"modified":"2025-07-25T20:02:07","modified_gmt":"2025-07-25T18:02:07","slug":"bola-de-natal-com-caixa-panoramica-barcelona-multicolor-pt-pt","status":"publish","type":"product","link":"https:\/\/olemosaic.com\/pt-pt\/produto\/bola-de-natal-com-caixa-panoramica-barcelona-multicolor-pt-pt\/","title":{"rendered":"Bola de Natal com caixa. Panor\u00e2mica. Monumento a Colombo. Barcelona. Multicolor"},"content":{"rendered":"<p>Esta bola de Natal decorativa \u00e9 uma vibrante homenagem \u00e0 beleza de Barcelona, ideal para adornar a \u00e1rvore de Natal com um toque cultural e festivo. Apresentada numa elegante caixa, esta pe\u00e7a destaca-se pela sua encantadora panor\u00e2mica, onde a ic\u00f3nica escultura de Colombo se ergue majestosamente no centro, rodeada de palmeiras que evocam o ambiente mediterr\u00e2nico da cidade. Com um design inspirado no c\u00e9lebre estilo de mosaico de Gaud\u00ed, os padr\u00f5es coloridos e chamativos confluem sobre um fundo azul vibrante, capturando a ess\u00eancia e a alegria da celebra\u00e7\u00e3o natal\u00edcia em Barcelona.<\/p>\n<p>A bola, elaborada com materiais de alta qualidade, real\u00e7a detalhes art\u00edsticos meticulosamente trabalhados que refletem a rica tradi\u00e7\u00e3o decorativa da regi\u00e3o. Esta recorda\u00e7\u00e3o n\u00e3o s\u00f3 \u00e9 um elemento decorativo, como se torna uma lembran\u00e7a significativa que transporta quem a contempla para a m\u00e1gica atmosfera das festividades na capital catal\u00e3.<\/p>\n<p>Na Ol\u00e9 Mosaic, somos distribuidores de recorda\u00e7\u00f5es por grosso, e esta bola de Natal \u00e9 perfeita para lojas de presentes tur\u00edsticos que procuram oferecer produtos aut\u00eanticos e representativos de Barcelona. Um presente ideal que funde arte e cultura, criando um v\u00ednculo emocional com a cidade e as suas tradi\u00e7\u00f5es.<\/p>\n","protected":false},"excerpt":{"rendered":"<p>Bola de Natal decorativa com uma vibrante panor\u00e2mica de Barcelona, apresentada numa elegante caixa. Este adorno multicolor mostra a ic\u00f3nica escultura de Colombo rodeada de palmeiras, num design inspirado no estilo de mosaico, evocando a famosa obra de Gaud\u00ed. As cores brilhantes fundem-se sobre um fundo azul, capturando a ess\u00eancia festiva da cidade. Perfeita para acrescentar um toque cultural e festivo \u00e0 sua \u00e1rvore de Natal.<\/p>\n","protected":false},"featured_media":10392,"template":"","meta":{"_acf_changed":false},"product_brand":[],"product_cat":[652],"product_tag":[642],"class_list":{"0":"post-26898","1":"product","2":"type-product","3":"status-publish","4":"has-post-thumbnail","6":"product_cat-bolas-de-natal","7":"product_tag-natal","8":"pa_ciudad-barcelona","9":"pa_motivo-panoramas","10":"pa_pais-espana","12":"first","13":"instock","14":"shipping-taxable","15":"product-type-simple"},"acf":[],"_links":{"self":[{"href":"https:\/\/olemosaic.com\/pt-pt\/wp-json\/wp\/v2\/product\/26898","targetHints":{"allow":["GET"]}}],"collection":[{"href":"https:\/\/olemosaic.com\/pt-pt\/wp-json\/wp\/v2\/product"}],"about":[{"href":"https:\/\/olemosaic.com\/pt-pt\/wp-json\/wp\/v2\/types\/product"}],"wp:featuredmedia":[{"embeddable":true,"href":"https:\/\/olemosaic.com\/pt-pt\/wp-json\/wp\/v2\/media\/10392"}],"wp:attachment":[{"href":"https:\/\/olemosaic.com\/pt-pt\/wp-json\/wp\/v2\/media?parent=26898"}],"wp:term":[{"taxonomy":"product_brand","embeddable":true,"href":"https:\/\/olemosaic.com\/pt-pt\/wp-json\/wp\/v2\/product_brand?post=26898"},{"taxonomy":"product_cat","embeddable":true,"href":"https:\/\/olemosaic.com\/pt-pt\/wp-json\/wp\/v2\/product_cat?post=26898"},{"taxonomy":"product_tag","embeddable":true,"href":"https:\/\/olemosaic.com\/pt-pt\/wp-json\/wp\/v2\/product_tag?post=26898"}],"curies":[{"name":"wp","href":"https:\/\/api.w.org\/{rel}","templated":true}]}}