{"id":26892,"date":"2025-02-20T23:28:32","date_gmt":"2025-02-20T22:28:32","guid":{"rendered":"http:\/\/olemosaic.com\/producto\/bola-de-navidad-con-caja-panoramica-valencia-2\/"},"modified":"2025-07-25T19:05:32","modified_gmt":"2025-07-25T17:05:32","slug":"bola-de-natal-com-caixa-panoramica-valencia-pt-pt","status":"publish","type":"product","link":"https:\/\/olemosaic.com\/pt-pt\/produto\/bola-de-natal-com-caixa-panoramica-valencia-pt-pt\/","title":{"rendered":"Bola de Natal com caixa. Panor\u00e2mica. Val\u00eancia. Espanha."},"content":{"rendered":"<p>Esta bola de Natal decorativa \u00e9 uma encantadora recorda\u00e7\u00e3o de Val\u00eancia, que capta a ess\u00eancia da arquitetura e da cultura da cidade num objeto festivo. Apresentada numa caixa elegante, esta bola circular destaca uma vibrante panor\u00e2mica do ic\u00f3nico edif\u00edcio da Cidade das Artes e das Ci\u00eancias, simbolizando a inova\u00e7\u00e3o e a arte que caracterizam Val\u00eancia. O fundo, em tons de azul, evoca o c\u00e9u brilhante da regi\u00e3o, enquanto os detalhes coloridos, que representam o famoso mosaico valenciano, acrescentam um toque de autenticidade e estilo.<\/p>\n<p>Na parte inferior da bola, um design festivo complementa a cena, mostrando um simp\u00e1tico Pai Natal que apela \u00e0 alegria da \u00e9poca natal\u00edcia. Esta ornamenta\u00e7\u00e3o n\u00e3o \u00e9 apenas um adorno perfeito para a \u00e1rvore de Natal, mas tamb\u00e9m uma recorda\u00e7\u00e3o significativa de uma das cidades mais queridas de Espanha. A sua fita vermelha permite uma f\u00e1cil exibi\u00e7\u00e3o, o que a torna um presente ideal para quem deseja levar um pouco da cultura valenciana para casa.<\/p>\n<p>A Ol\u00e9 Mosaic orgulha-se de oferecer produtos aut\u00eanticos e de alta qualidade. Esta bola de Natal \u00e9 uma excelente ideia para lojas de presentes tur\u00edsticos que procuram uma recorda\u00e7\u00e3o memor\u00e1vel de Val\u00eancia. Como grossistas de lembran\u00e7as natal\u00edcias, garantimos que cada pe\u00e7a reflete a riqueza cultural do seu lugar de origem e deixa uma marca indel\u00e9vel em quem a recebe.<\/p>\n","protected":false},"excerpt":{"rendered":"<p>Bola de Natal decorativa apresentada numa caixa elegante, inspirada na arquitetura de Val\u00eancia. Este adorno circular mostra uma impactante panor\u00e2mica do emblem\u00e1tico edif\u00edcio da Cidade das Artes e das Ci\u00eancias, com um fundo azulado e detalhes coloridos que evocam o famoso mosaico valenciano. Na parte inferior, um design festivo com um Pai Natal combina-se com uma fita vermelha para facilitar a sua coloca\u00e7\u00e3o. Ideal para adicionar um toque natal\u00edcio cheio de cultura a qualquer casa.<\/p>\n","protected":false},"featured_media":9847,"template":"","meta":{"_acf_changed":false},"product_brand":[],"product_cat":[652],"product_tag":[642],"class_list":{"0":"post-26892","1":"product","2":"type-product","3":"status-publish","4":"has-post-thumbnail","6":"product_cat-bolas-de-natal","7":"product_tag-natal","8":"pa_ciudad-valencia","9":"pa_motivo-panoramas","10":"pa_pais-espana","12":"first","13":"instock","14":"shipping-taxable","15":"product-type-simple"},"acf":[],"_links":{"self":[{"href":"https:\/\/olemosaic.com\/pt-pt\/wp-json\/wp\/v2\/product\/26892","targetHints":{"allow":["GET"]}}],"collection":[{"href":"https:\/\/olemosaic.com\/pt-pt\/wp-json\/wp\/v2\/product"}],"about":[{"href":"https:\/\/olemosaic.com\/pt-pt\/wp-json\/wp\/v2\/types\/product"}],"wp:featuredmedia":[{"embeddable":true,"href":"https:\/\/olemosaic.com\/pt-pt\/wp-json\/wp\/v2\/media\/9847"}],"wp:attachment":[{"href":"https:\/\/olemosaic.com\/pt-pt\/wp-json\/wp\/v2\/media?parent=26892"}],"wp:term":[{"taxonomy":"product_brand","embeddable":true,"href":"https:\/\/olemosaic.com\/pt-pt\/wp-json\/wp\/v2\/product_brand?post=26892"},{"taxonomy":"product_cat","embeddable":true,"href":"https:\/\/olemosaic.com\/pt-pt\/wp-json\/wp\/v2\/product_cat?post=26892"},{"taxonomy":"product_tag","embeddable":true,"href":"https:\/\/olemosaic.com\/pt-pt\/wp-json\/wp\/v2\/product_tag?post=26892"}],"curies":[{"name":"wp","href":"https:\/\/api.w.org\/{rel}","templated":true}]}}