{"id":26891,"date":"2025-02-20T22:28:32","date_gmt":"2025-02-20T22:28:32","guid":{"rendered":"http:\/\/olemosaic.com\/producto\/bola-de-navidad-con-caja-buhos-mallorca\/"},"modified":"2025-07-25T19:40:45","modified_gmt":"2025-07-25T17:40:45","slug":"bola-de-natal-com-caixa-corujas-maiorca","status":"publish","type":"product","link":"https:\/\/olemosaic.com\/pt-pt\/produto\/bola-de-natal-com-caixa-corujas-maiorca\/","title":{"rendered":"Bola de Natal com caixa. Corujas. Maiorca."},"content":{"rendered":"<p>Esta bola de Natal decorativa \u00e9 uma encantadora recorda\u00e7\u00e3o de Maiorca, inspirada nas emblem\u00e1ticas corujas da cultura local. O seu design apelativo apresenta uma coruja colorida e estilizada, que se destaca em tons vibrantes, evocando a alegria e o esp\u00edrito festivo da ilha. Rodeada por um fundo que simula um mosaico, esta pe\u00e7a capta a ess\u00eancia da arte tradicional maiorquina, fundindo modernidade e tradi\u00e7\u00e3o de forma excecional. A palavra &#8220;MALLORCA&#8221;, impressa num formato arrojado, confere autenticidade ao produto, tornando-o um elemento distintivo que os turistas querer\u00e3o levar para casa como recorda\u00e7\u00e3o da sua visita.<\/p>\n<p>A bola \u00e9 apresentada numa caixa elegante, o que a torna n\u00e3o s\u00f3 um adorno perfeito para a casa durante a \u00e9poca natal\u00edcia, mas tamb\u00e9m um presente ideal para quem aprecia as tradi\u00e7\u00f5es maiorquinas. A sua sofisticada fita cor-de-rosa, que adorna a bola, acrescenta um toque de classe que capta a aten\u00e7\u00e3o e a admira\u00e7\u00e3o de quem a v\u00ea. Na Ol\u00e9 Mosaic, especialistas na distribui\u00e7\u00e3o de lembran\u00e7as por grosso, oferecemos este produto como uma op\u00e7\u00e3o \u00fanica e aut\u00eantica para lojas de presentes tur\u00edsticos que procuram destacar a riqueza cultural de Maiorca. Esta bola de Natal com corujas \u00e9, sem d\u00favida, uma excelente escolha para quem procura recorda\u00e7\u00f5es de qualidade e relev\u00e2ncia cultural.<\/p>\n","protected":false},"excerpt":{"rendered":"<p>Bola de Natal decorativa com caixa, inspirada nas famosas corujas de Maiorca. Este adorno apresenta um design apelativo com uma coruja estilizada em cores vibrantes sobre um fundo que simula um mosaico. A bola \u00e9 adornada com a palavra &#8220;MALLORCA&#8221; num formato arrojado, perfeita para decorar a sua casa durante as festas. A sua elegante fita cor-de-rosa acrescenta um toque de sofistica\u00e7\u00e3o, tornando-a um presente ideal para os amantes das tradi\u00e7\u00f5es maiorquinas.<\/p>\n","protected":false},"featured_media":13791,"template":"","meta":{"_acf_changed":false},"product_brand":[],"product_cat":[652],"product_tag":[516,642],"class_list":{"0":"post-26891","1":"product","2":"type-product","3":"status-publish","4":"has-post-thumbnail","6":"product_cat-bolas-de-natal","7":"product_tag-animais","8":"product_tag-natal","9":"pa_ciudad-mallorca","10":"pa_motivo-corujas","11":"pa_pais-espana","13":"first","14":"instock","15":"shipping-taxable","16":"product-type-simple"},"acf":[],"_links":{"self":[{"href":"https:\/\/olemosaic.com\/pt-pt\/wp-json\/wp\/v2\/product\/26891","targetHints":{"allow":["GET"]}}],"collection":[{"href":"https:\/\/olemosaic.com\/pt-pt\/wp-json\/wp\/v2\/product"}],"about":[{"href":"https:\/\/olemosaic.com\/pt-pt\/wp-json\/wp\/v2\/types\/product"}],"wp:featuredmedia":[{"embeddable":true,"href":"https:\/\/olemosaic.com\/pt-pt\/wp-json\/wp\/v2\/media\/13791"}],"wp:attachment":[{"href":"https:\/\/olemosaic.com\/pt-pt\/wp-json\/wp\/v2\/media?parent=26891"}],"wp:term":[{"taxonomy":"product_brand","embeddable":true,"href":"https:\/\/olemosaic.com\/pt-pt\/wp-json\/wp\/v2\/product_brand?post=26891"},{"taxonomy":"product_cat","embeddable":true,"href":"https:\/\/olemosaic.com\/pt-pt\/wp-json\/wp\/v2\/product_cat?post=26891"},{"taxonomy":"product_tag","embeddable":true,"href":"https:\/\/olemosaic.com\/pt-pt\/wp-json\/wp\/v2\/product_tag?post=26891"}],"curies":[{"name":"wp","href":"https:\/\/api.w.org\/{rel}","templated":true}]}}